{"id":26295,"date":"2021-01-13T16:01:26","date_gmt":"2021-01-13T15:01:26","guid":{"rendered":"https:\/\/www.ms-silicon.de\/ms-sil\/?page_id=26295"},"modified":"2021-01-14T08:18:10","modified_gmt":"2021-01-14T07:18:10","slug":"ms-silicon-formteile-history","status":"publish","type":"page","link":"https:\/\/www.ms-silicon.de\/ms-sil\/en\/ms-silicon-formteile-history\/","title":{"rendered":"M+S Silicon Formteile History"},"content":{"rendered":"<p>[et_pb_section admin_label=&#8221;section&#8221; fb_built=&#8221;1&#8243; module_class=&#8221;ds-timeline&#8221; _builder_version=&#8221;3.20.1&#8243; background_color=&#8221;#f4f4f4&#8243; custom_padding=&#8221;100px|0px|40px|0px&#8221; transparent_background=&#8221;on&#8221; allow_player_pause=&#8221;off&#8221; inner_shadow=&#8221;off&#8221; parallax=&#8221;off&#8221; parallax_method=&#8221;off&#8221; padding_mobile=&#8221;off&#8221; make_fullwidth=&#8221;off&#8221; use_custom_width=&#8221;off&#8221; width_unit=&#8221;on&#8221; make_equal=&#8221;off&#8221; use_custom_gutter=&#8221;off&#8221;][et_pb_row admin_label=&#8221;Zeile&#8221; make_fullwidth=&#8221;off&#8221; use_custom_width=&#8221;off&#8221; width_unit=&#8221;on&#8221; use_custom_gutter=&#8221;off&#8221; padding_mobile=&#8221;off&#8221; allow_player_pause=&#8221;off&#8221; parallax=&#8221;off&#8221; parallax_method=&#8221;off&#8221; make_equal=&#8221;off&#8221; parallax_1=&#8221;off&#8221; parallax_method_1=&#8221;off&#8221; parallax_2=&#8221;off&#8221; parallax_method_2=&#8221;off&#8221; column_padding_mobile=&#8221;on&#8221;][et_pb_column type=&#8221;2_3&#8243;][et_pb_text admin_label=&#8221;Text&#8221; background_layout=&#8221;light&#8221; text_orientation=&#8221;left&#8221; use_border_color=&#8221;off&#8221; border_color=&#8221;#ffffff&#8221; border_style=&#8221;solid&#8221; custom_padding_last_edited=&#8221;on|&#8221;]<\/p>\n<h1>M+S Formteile<\/h1>\n<p>&nbsp;<\/p>\n<h3>Intelligent solutions for moulded solid or liquid silicone parts<\/h3>\n<p>M+S Silicon Formteile GmbH develops intelligent solutions for high quality products made from liquid and solid silicone. We provide advice in person, plan thoroughly and precisely tailor our solutions to our customers\u2019 needs.<\/p>\n<p>Our core competence is the processing of liquid silicone rubber (LSR). We also process solid silicone mixtures fully automatically at our facilities. Furthermore, we apply our expertise in the processing of thermoplastic materials and liquid silicone rubber (LSR) for two-component assemblies.<\/p>\n<p>&nbsp;<\/p>\n<h3>Finishing services<\/h3>\n<p>Besides injection moulding, we also offer various finishes. These include the personalisation of products with pad printing and\/or foil stamping, installation work, assembly production, sterile packaging, post-curing of products, coating processes, packaging processes, constructive support and surface treatment (fluorination and parylene coating).<\/p>\n<p>[\/et_pb_text][et_pb_text admin_label=&#8221;Text&#8221; background_layout=&#8221;light&#8221; text_orientation=&#8221;left&#8221; use_border_color=&#8221;off&#8221; border_color=&#8221;#ffffff&#8221; border_style=&#8221;solid&#8221;]<\/p>\n<h4 style=\"text-align: center;\">HISTORIE<\/h4>\n<p>[\/et_pb_text][et_pb_text admin_label=&#8221;Text&#8221; background_layout=&#8221;light&#8221; text_orientation=&#8221;left&#8221; use_border_color=&#8221;off&#8221; border_color=&#8221;#ffffff&#8221; border_style=&#8221;solid&#8221;]<\/p>\n\t\t<div class=\"wpostahs-slider-wrp\">\r\n\t\t\t<div class=\"wpostahs-slider wpostahs-slider-inner-wrp wpostahs-slider-design-2\">\r\n\t\t\t\t\n<div id=\"wpostahs-slider-nav-1\" class=\"wpostahs-slider-nav-1 wpostahs-slider-nav wpostahs-slick-slider\" data-slider-nav-for='wpostahs-slider-for-1'>\n\t\t\t\t<div class=\"wpostahs-slider-nav-title\">\n\t\t\t<div class=\"wpostahs-main-title\">\n\t\t\t\t<button><\/button>\n\t\t\t<\/div>\n\t\t\t<div class=\"wpostahs-title\">2003<\/div>\n\t\t<\/div>\n\t\t\t<div class=\"wpostahs-slider-nav-title\">\n\t\t\t<div class=\"wpostahs-main-title\">\n\t\t\t\t<button><\/button>\n\t\t\t<\/div>\n\t\t\t<div class=\"wpostahs-title\">2004<\/div>\n\t\t<\/div>\n\t\t\t<div class=\"wpostahs-slider-nav-title\">\n\t\t\t<div class=\"wpostahs-main-title\">\n\t\t\t\t<button><\/button>\n\t\t\t<\/div>\n\t\t\t<div class=\"wpostahs-title\">2005<\/div>\n\t\t<\/div>\n\t\t\t<div class=\"wpostahs-slider-nav-title\">\n\t\t\t<div class=\"wpostahs-main-title\">\n\t\t\t\t<button><\/button>\n\t\t\t<\/div>\n\t\t\t<div class=\"wpostahs-title\">2010<\/div>\n\t\t<\/div>\n\t\t\t<div class=\"wpostahs-slider-nav-title\">\n\t\t\t<div class=\"wpostahs-main-title\">\n\t\t\t\t<button><\/button>\n\t\t\t<\/div>\n\t\t\t<div class=\"wpostahs-title\">2011<\/div>\n\t\t<\/div>\n\t\t\t<div class=\"wpostahs-slider-nav-title\">\n\t\t\t<div class=\"wpostahs-main-title\">\n\t\t\t\t<button><\/button>\n\t\t\t<\/div>\n\t\t\t<div class=\"wpostahs-title\">2012<\/div>\n\t\t<\/div>\n\t\t\t<div class=\"wpostahs-slider-nav-title\">\n\t\t\t<div class=\"wpostahs-main-title\">\n\t\t\t\t<button><\/button>\n\t\t\t<\/div>\n\t\t\t<div class=\"wpostahs-title\">2014<\/div>\n\t\t<\/div>\n\t\t\t<div class=\"wpostahs-slider-nav-title\">\n\t\t\t<div class=\"wpostahs-main-title\">\n\t\t\t\t<button><\/button>\n\t\t\t<\/div>\n\t\t\t<div class=\"wpostahs-title\">2018<\/div>\n\t\t<\/div>\n\t<\/div>\n<div class=\"wpostahs-slider-for-1 wpostahs-slider-for wpostahs-slick-slider\">\n\t\t\t\t\t<div class=\"wpostahs-slider-nav-content\">\n\t\t<h2 class=\"wpostahs-centent-title\">2003<\/h2>\n\t\t\t<div class=\"wpostahs-centent\">\n\t\t\t\t<p>Foundation of M+S Silicon Formteile GmbH<\/p>\n\t\t\t<\/div>\n\t\t\t\n\t\t\t<div style=\"text-align:center\">\n\t\t\t\t<img decoding=\"async\" src=\"https:\/\/www.ms-silicon.de\/ms-sil\/wp-content\/uploads\/2016\/01\/ms-form-2003.png\" alt=\"2003\" \/>\n\t\t\t<\/div>\n\t\t\t\n\t\t<\/div>\n\t\t\t\t\t<div class=\"wpostahs-slider-nav-content\">\n\t\t<h2 class=\"wpostahs-centent-title\">2004<\/h2>\n\t\t\t<div class=\"wpostahs-centent\">\n\t\t\t\t<p>New construction of Production and Administration Plant II in Saerbeck on Boschstra\u00dfe<\/p>\n\t\t\t<\/div>\n\t\t\t\n\t\t\t<div style=\"text-align:center\">\n\t\t\t\t<img decoding=\"async\" src=\"https:\/\/www.ms-silicon.de\/ms-sil\/wp-content\/uploads\/2016\/01\/ms-form-2004.png\" alt=\"2004\" \/>\n\t\t\t<\/div>\n\t\t\t\n\t\t<\/div>\n\t\t\t\t\t<div class=\"wpostahs-slider-nav-content\">\n\t\t<h2 class=\"wpostahs-centent-title\">2005<\/h2>\n\t\t\t<div class=\"wpostahs-centent\">\n\t\t\t\t<p>Acquisition of Dr. Blasberg GmbH &#038; Co. KG in M\u00fcnster<\/p>\n\t\t\t<\/div>\n\t\t\t\n\t\t\t<div style=\"text-align:center\">\n\t\t\t\t<img decoding=\"async\" src=\"https:\/\/www.ms-silicon.de\/ms-sil\/wp-content\/uploads\/2016\/01\/ms-form-2005.png\" alt=\"2005\" \/>\n\t\t\t<\/div>\n\t\t\t\n\t\t<\/div>\n\t\t\t\t\t<div class=\"wpostahs-slider-nav-content\">\n\t\t<h2 class=\"wpostahs-centent-title\">2010<\/h2>\n\t\t\t<div class=\"wpostahs-centent\">\n\t\t\t\t<p>New construction of Production and Administration Plant II Saerbeck on Hahnstra\u00dfe, closure of the previous Boschstra\u00dfe and M\u00fcnster locations<\/p>\n\t\t\t<\/div>\n\t\t\t\n\t\t\t<div style=\"text-align:center\">\n\t\t\t\t<img decoding=\"async\" src=\"https:\/\/www.ms-silicon.de\/ms-sil\/wp-content\/uploads\/2016\/01\/ms-form-2010.png\" alt=\"2010\" \/>\n\t\t\t<\/div>\n\t\t\t\n\t\t<\/div>\n\t\t\t\t\t<div class=\"wpostahs-slider-nav-content\">\n\t\t<h2 class=\"wpostahs-centent-title\">2011<\/h2>\n\t\t\t<div class=\"wpostahs-centent\">\n\t\t\t\t<p>Installation of the first injection moulding machines with robot operation<\/p>\n\t\t\t<\/div>\n\t\t\t\n\t\t\t<div style=\"text-align:center\">\n\t\t\t\t<img decoding=\"async\" src=\"https:\/\/www.ms-silicon.de\/ms-sil\/wp-content\/uploads\/2016\/01\/ms-form-2011.png\" alt=\"2011\" \/>\n\t\t\t<\/div>\n\t\t\t\n\t\t<\/div>\n\t\t\t\t\t<div class=\"wpostahs-slider-nav-content\">\n\t\t<h2 class=\"wpostahs-centent-title\">2012<\/h2>\n\t\t\t<div class=\"wpostahs-centent\">\n\t\t\t\t<p>Commissioning of the first fully automatic HTV injection moulding machine<\/p>\n\t\t\t<\/div>\n\t\t\t\n\t\t\t<div style=\"text-align:center\">\n\t\t\t\t<img decoding=\"async\" src=\"https:\/\/www.ms-silicon.de\/ms-sil\/wp-content\/uploads\/2016\/01\/ms-form-2012.png\" alt=\"2012\" \/>\n\t\t\t<\/div>\n\t\t\t\n\t\t<\/div>\n\t\t\t\t\t<div class=\"wpostahs-slider-nav-content\">\n\t\t<h2 class=\"wpostahs-centent-title\">2014<\/h2>\n\t\t\t<div class=\"wpostahs-centent\">\n\t\t\t\t<p>Expansion of Administration Plant II in Saerbeck<\/p>\n\t\t\t<\/div>\n\t\t\t\n\t\t\t<div style=\"text-align:center\">\n\t\t\t\t<img decoding=\"async\" src=\"https:\/\/www.ms-silicon.de\/ms-sil\/wp-content\/uploads\/2019\/09\/ms-sil-form-2014-1.png\" alt=\"2014\" \/>\n\t\t\t<\/div>\n\t\t\t\n\t\t<\/div>\n\t\t\t\t\t<div class=\"wpostahs-slider-nav-content\">\n\t\t<h2 class=\"wpostahs-centent-title\">2018<\/h2>\n\t\t\t<div class=\"wpostahs-centent\">\n\t\t\t\t<p>Completion of the new hall<\/p>\n\t\t\t<\/div>\n\t\t\t\n\t\t\t<div style=\"text-align:center\">\n\t\t\t\t<img decoding=\"async\" src=\"https:\/\/www.ms-silicon.de\/ms-sil\/wp-content\/uploads\/2019\/09\/ms-sil-form-2018-1.png\" alt=\"2018\" \/>\n\t\t\t<\/div>\n\t\t\t\n\t\t<\/div>\n\t<\/div><!-- #post-## -->\t\t\t<\/div>\r\n\t\t<div class=\"wpostahs-slider-conf\" data-conf=\"{&quot;dots&quot;:&quot;false&quot;,&quot;arrows&quot;:&quot;true&quot;,&quot;loop&quot;:&quot;false&quot;,&quot;autoplay&quot;:&quot;true&quot;,&quot;autoplayInterval&quot;:&quot;3000&quot;,&quot;speed&quot;:&quot;300&quot;,&quot;fade&quot;:&quot;true&quot;,&quot;rtl&quot;:&quot;false&quot;,&quot;centermode&quot;:&quot;true&quot;,&quot;slidestoshow&quot;:&quot;5&quot;}\"><\/div>\r\n\t\t<\/div>\r\n\t\t\n<p>[\/et_pb_text][\/et_pb_column][et_pb_column type=&#8221;1_3&#8243;][et_pb_image admin_label=&#8221;Bild&#8221; src=&#8221;https:\/\/www.ms-silicon.de\/ms-sil\/wp-content\/uploads\/2015\/11\/new-MS-FORM-Logo.png&#8221; show_in_lightbox=&#8221;off&#8221; url_new_window=&#8221;off&#8221; use_overlay=&#8221;off&#8221; animation=&#8221;off&#8221; sticky=&#8221;off&#8221; align=&#8221;left&#8221; force_fullwidth=&#8221;off&#8221; always_center_on_mobile=&#8221;on&#8221; use_border_color=&#8221;off&#8221; border_color=&#8221;#ffffff&#8221; border_style=&#8221;solid&#8221;]<\/p>\n<p>&nbsp;<\/p>\n<p>[\/et_pb_image][et_pb_text admin_label=&#8221;Text&#8221; background_layout=&#8221;light&#8221; text_orientation=&#8221;left&#8221; use_border_color=&#8221;off&#8221; border_color=&#8221;#ffffff&#8221; border_style=&#8221;solid&#8221;]<\/p>\n<p>M+S Silicon Formteile GmbH<br \/>\nHann\u00f6versche Str. 28<br \/>\n44143 Dortmund<\/p>\n<p><strong>Plant 2<\/strong><br \/>\nHahnstra\u00dfe 6<br \/>\n48369 Saerbeck<\/p>\n<p>T +49(0)2574-939542-0<br \/>\nF +49(0)2574-939542-20<\/p>\n<p><a class=\"textlinkklein\" href=\"mailto:info@ms-formteile.de\" target=\"_blank\" rel=\"noopener noreferrer\">info(at)ms-formteile.de<\/a><\/p>\n<p><strong><a href=\"https:\/\/www.ms-silicon.de\/ms-sil\/en\/ms-silicon-certificates\/\">Certificates<\/a><\/strong><br \/>\n<strong><a href=\"https:\/\/www.ms-silicon.de\/ms-form-download\/agb-ms-formteile-1606.pdf\" target=\"_blank\" rel=\"noopener noreferrer\">General Terms &amp; Conditions<\/a><\/strong><br \/>\n<strong><a class=\"textlink\" href=\"http:\/\/www.ms-silicon.de\/ms-sil-download\/Unternehmenspolitik_2018.pdf\" target=\"_blank\" rel=\"noopener noreferrer\">Code of Conduct<\/a><\/strong><br \/>\n<a href=\"https:\/\/www.ms-silicon.de\/ms-sil\/en\/legal-notice-ms-formteile\/\"><strong>Legal notice<\/strong><\/a><\/p>\n<p>&nbsp;<\/p>\n<p>[\/et_pb_text][\/et_pb_column][\/et_pb_row][\/et_pb_section]<\/p>\n","protected":false},"excerpt":{"rendered":"<p>[et_pb_section admin_label=&#8221;section&#8221; fb_built=&#8221;1&#8243; module_class=&#8221;ds-timeline&#8221; _builder_version=&#8221;3.20.1&#8243; background_color=&#8221;#f4f4f4&#8243; custom_padding=&#8221;100px|0px|40px|0px&#8221; transparent_background=&#8221;on&#8221; allow_player_pause=&#8221;off&#8221; inner_shadow=&#8221;off&#8221; parallax=&#8221;off&#8221; parallax_method=&#8221;off&#8221; padding_mobile=&#8221;off&#8221; make_fullwidth=&#8221;off&#8221; use_custom_width=&#8221;off&#8221; width_unit=&#8221;on&#8221; make_equal=&#8221;off&#8221; use_custom_gutter=&#8221;off&#8221;][et_pb_row admin_label=&#8221;Zeile&#8221; make_fullwidth=&#8221;off&#8221; use_custom_width=&#8221;off&#8221; width_unit=&#8221;on&#8221; use_custom_gutter=&#8221;off&#8221; padding_mobile=&#8221;off&#8221; allow_player_pause=&#8221;off&#8221; parallax=&#8221;off&#8221; parallax_method=&#8221;off&#8221; make_equal=&#8221;off&#8221; parallax_1=&#8221;off&#8221; parallax_method_1=&#8221;off&#8221; parallax_2=&#8221;off&#8221; parallax_method_2=&#8221;off&#8221; column_padding_mobile=&#8221;on&#8221;][et_pb_column type=&#8221;2_3&#8243;][et_pb_text admin_label=&#8221;Text&#8221; background_layout=&#8221;light&#8221; text_orientation=&#8221;left&#8221; use_border_color=&#8221;off&#8221; border_color=&#8221;#ffffff&#8221; border_style=&#8221;solid&#8221; custom_padding_last_edited=&#8221;on|&#8221;] M+S Formteile &nbsp; Intelligent solutions for moulded solid or liquid silicone parts M+S Silicon [&hellip;]<\/p>\n","protected":false},"author":1,"featured_media":0,"parent":0,"menu_order":0,"comment_status":"closed","ping_status":"closed","template":"","meta":{"_et_pb_use_builder":"on","_et_pb_old_content":"","_et_gb_content_width":"","footnotes":""},"dipi_cpt_category":[],"class_list":["post-26295","page","type-page","status-publish","hentry"],"_links":{"self":[{"href":"https:\/\/www.ms-silicon.de\/ms-sil\/en\/wp-json\/wp\/v2\/pages\/26295","targetHints":{"allow":["GET"]}}],"collection":[{"href":"https:\/\/www.ms-silicon.de\/ms-sil\/en\/wp-json\/wp\/v2\/pages"}],"about":[{"href":"https:\/\/www.ms-silicon.de\/ms-sil\/en\/wp-json\/wp\/v2\/types\/page"}],"author":[{"embeddable":true,"href":"https:\/\/www.ms-silicon.de\/ms-sil\/en\/wp-json\/wp\/v2\/users\/1"}],"replies":[{"embeddable":true,"href":"https:\/\/www.ms-silicon.de\/ms-sil\/en\/wp-json\/wp\/v2\/comments?post=26295"}],"version-history":[{"count":4,"href":"https:\/\/www.ms-silicon.de\/ms-sil\/en\/wp-json\/wp\/v2\/pages\/26295\/revisions"}],"predecessor-version":[{"id":26363,"href":"https:\/\/www.ms-silicon.de\/ms-sil\/en\/wp-json\/wp\/v2\/pages\/26295\/revisions\/26363"}],"wp:attachment":[{"href":"https:\/\/www.ms-silicon.de\/ms-sil\/en\/wp-json\/wp\/v2\/media?parent=26295"}],"wp:term":[{"taxonomy":"dipi_cpt_category","embeddable":true,"href":"https:\/\/www.ms-silicon.de\/ms-sil\/en\/wp-json\/wp\/v2\/dipi_cpt_category?post=26295"}],"curies":[{"name":"wp","href":"https:\/\/api.w.org\/{rel}","templated":true}]}}