{"id":3207,"date":"2016-08-10T11:15:31","date_gmt":"2016-08-10T09:15:31","guid":{"rendered":"http:\/\/www.ms-silicon.de\/ms-sil\/en\/?page_id=3207"},"modified":"2019-09-18T08:01:06","modified_gmt":"2019-09-18T06:01:06","slug":"silicone-co-extrusion","status":"publish","type":"page","link":"https:\/\/www.ms-silicon.de\/ms-sil\/en\/silicone-co-extrusion\/","title":{"rendered":"Silicone co-extrusion"},"content":{"rendered":"<p>[et_pb_section admin_label=&#8221;Sektion&#8221; fullwidth=&#8221;off&#8221; specialty=&#8221;off&#8221; transparent_background=&#8221;off&#8221; allow_player_pause=&#8221;off&#8221; inner_shadow=&#8221;off&#8221; parallax=&#8221;off&#8221; parallax_method=&#8221;off&#8221; padding_mobile=&#8221;off&#8221; make_fullwidth=&#8221;off&#8221; use_custom_width=&#8221;off&#8221; width_unit=&#8221;on&#8221; make_equal=&#8221;on&#8221; use_custom_gutter=&#8221;off&#8221; background_color=&#8221;#eef0f2&#8243; custom_padding=&#8221;|10px&#8221;][et_pb_row admin_label=&#8221;Zeile&#8221;][et_pb_column type=&#8221;4_4&#8243;][et_pb_image admin_label=&#8221;Bild&#8221; src=&#8221;https:\/\/www.ms-silicon.de\/ms-sil\/wp-content\/uploads\/2016\/01\/silicon-coextrusion1.jpg&#8221; show_in_lightbox=&#8221;off&#8221; url_new_window=&#8221;off&#8221; animation=&#8221;off&#8221; sticky=&#8221;off&#8221; align=&#8221;left&#8221; force_fullwidth=&#8221;off&#8221; always_center_on_mobile=&#8221;on&#8221; use_border_color=&#8221;off&#8221; border_color=&#8221;#ffffff&#8221; border_style=&#8221;solid&#8221; alt=&#8221;Silicone co-extrusion&#8221; use_overlay=&#8221;off&#8221;]<\/p>\n<p>[\/et_pb_image][\/et_pb_column][\/et_pb_row][\/et_pb_section][et_pb_section admin_label=&#8221;Sektion&#8221; fullwidth=&#8221;off&#8221; specialty=&#8221;on&#8221; transparent_background=&#8221;off&#8221; background_color=&#8221;#eef0f2&#8243; allow_player_pause=&#8221;off&#8221; inner_shadow=&#8221;off&#8221; parallax=&#8221;off&#8221; parallax_method=&#8221;off&#8221; padding_mobile=&#8221;off&#8221; make_fullwidth=&#8221;off&#8221; use_custom_width=&#8221;off&#8221; width_unit=&#8221;on&#8221; make_equal=&#8221;off&#8221; use_custom_gutter=&#8221;off&#8221;][et_pb_column type=&#8221;1_4&#8243;][\/et_pb_column][et_pb_column type=&#8221;1_2&#8243; specialty_columns=&#8221;2&#8243;][et_pb_row_inner admin_label=&#8221;Zeile&#8221; padding_mobile=&#8221;off&#8221; use_custom_gutter=&#8221;on&#8221; column_padding_mobile=&#8221;on&#8221; make_equal=&#8221;off&#8221;][et_pb_column_inner type=&#8221;4_4&#8243; saved_specialty_column_type=&#8221;1_2&#8243;][et_pb_text admin_label=&#8221;Text&#8221; background_layout=&#8221;light&#8221; text_orientation=&#8221;left&#8221; use_border_color=&#8221;off&#8221; border_color=&#8221;#ffffff&#8221; border_style=&#8221;solid&#8221;]<\/p>\n<h1>SILICONE CO-EXTRUSION<\/h1>\n<p>&nbsp;<\/p>\n<p>Silicone is a material that has many possibilities. These possibilities are increased when combined with other materials, such as metal and plastic, or with another type of silicone. With our own compound and process development, we can create co-extrudates and composites in almost any combination.<\/p>\n<p>&nbsp;<\/p>\n<h5><strong>Properties:<\/strong><\/h5>\n<ul>\n<li><strong>Hard\/soft:<\/strong> hard substrate + silicone \/ silicone foam, hard + soft silicone \/ silicone foam<\/li>\n<li><strong>Soft\/soft:<\/strong> silicone + silicone foam, different colours at the same hardness<\/li>\n<li><strong>Conductive\/insulating<\/strong><\/li>\n<li><strong>Co-extruded, self-adhesively co-extruded,<\/strong><br \/>\n<strong>primered and co-extruded<\/strong><\/li>\n<li><strong>Co-vulcanised, affixed, welded<\/strong><\/li>\n<\/ul>\n<p>&nbsp;<\/p>\n<h5><strong>Applications:<\/strong><\/h5>\n<ul>\n<li>Lighting industry<\/li>\n<li>Oven gaskets<\/li>\n<li>Mechanical engineering industry<\/li>\n<li>Window gaskets<\/li>\n<\/ul>\n<p>&nbsp;<\/p>\n<p>[\/et_pb_text][\/et_pb_column_inner][\/et_pb_row_inner][\/et_pb_column][et_pb_column type=&#8221;1_4&#8243;][et_pb_text admin_label=&#8221;Text&#8221; background_layout=&#8221;light&#8221; text_orientation=&#8221;left&#8221; use_border_color=&#8221;off&#8221; border_color=&#8221;#ffffff&#8221; border_style=&#8221;solid&#8221;]<\/p>\n<hr \/>\n<p><strong><a href=\"http:\/\/www.ms-silicon.de\/ms-sil\/en\/team-ms-silicon\/\">Please click here to be directed to your M+S Silicon team<\/a><br \/>\n<\/strong><\/p>\n<p>[\/et_pb_text][et_pb_image admin_label=&#8221;Bild&#8221; show_in_lightbox=&#8221;off&#8221; url_new_window=&#8221;off&#8221; animation=&#8221;off&#8221; sticky=&#8221;off&#8221; align=&#8221;left&#8221; force_fullwidth=&#8221;off&#8221; always_center_on_mobile=&#8221;off&#8221; use_border_color=&#8221;off&#8221; border_color=&#8221;#ffffff&#8221; border_style=&#8221;solid&#8221; src=&#8221;http:\/\/www.ms-silicon.de\/ms-sil\/wp-content\/uploads\/2015\/11\/new-MS-SIL-Logo.png&#8221; url=&#8221;http:\/\/www.ms-silicon.de\/ms-sil\/en\/team-ms-silicon\/&#8221; use_overlay=&#8221;off&#8221;]<\/p>\n<p>[\/et_pb_image][et_pb_text admin_label=&#8221;Text&#8221; background_layout=&#8221;light&#8221; text_orientation=&#8221;left&#8221; use_border_color=&#8221;off&#8221; border_color=&#8221;#ffffff&#8221; border_style=&#8221;solid&#8221;]<\/p>\n<p>M+S Silicon GmbH &amp; Co. KG<br \/>\nHann\u00f6versche Str. 28<br \/>\n44143 Dortmund<br \/>\nGermany<\/p>\n<p>[\/et_pb_text][\/et_pb_column][\/et_pb_section]<\/p>\n","protected":false},"excerpt":{"rendered":"<p>SILICONE CO-EXTRUSION &nbsp; Silicone is a material that has many possibilities. These possibilities are increased when combined with other materials, such as metal and plastic, or with another type of silicone. With our own compound and process development, we can create co-extrudates and composites in almost any combination. &nbsp; Properties: Hard\/soft: hard substrate + silicone [&hellip;]<\/p>\n","protected":false},"author":1,"featured_media":0,"parent":0,"menu_order":0,"comment_status":"closed","ping_status":"closed","template":"","meta":{"_et_pb_use_builder":"on","_et_pb_old_content":"<p>[et_pb_section admin_label=\"Sektion\" fullwidth=\"off\" specialty=\"off\" transparent_background=\"off\" allow_player_pause=\"off\" inner_shadow=\"off\" parallax=\"off\" parallax_method=\"off\" padding_mobile=\"off\" make_fullwidth=\"off\" use_custom_width=\"off\" width_unit=\"on\" make_equal=\"on\" use_custom_gutter=\"off\" background_color=\"#eef0f2\" custom_padding=\"|10px\"][et_pb_row admin_label=\"Zeile\"][et_pb_column type=\"4_4\"][et_pb_image admin_label=\"Bild\" src=\"https:\/\/www.ms-silicon.de\/ms-sil\/wp-content\/uploads\/2016\/01\/silicon-coextrusion.jpg\" show_in_lightbox=\"off\" url_new_window=\"off\" animation=\"off\" sticky=\"off\" align=\"left\" force_fullwidth=\"off\" always_center_on_mobile=\"on\" use_border_color=\"off\" border_color=\"#ffffff\" border_style=\"solid\"]<\/p><p>\u00a0<\/p><p>[\/et_pb_image][\/et_pb_column][\/et_pb_row][\/et_pb_section][et_pb_section admin_label=\"Sektion\" fullwidth=\"off\" specialty=\"on\" transparent_background=\"off\" background_color=\"#eef0f2\" allow_player_pause=\"off\" inner_shadow=\"off\" parallax=\"off\" parallax_method=\"off\" padding_mobile=\"off\" make_fullwidth=\"off\" use_custom_width=\"off\" width_unit=\"on\" make_equal=\"off\" use_custom_gutter=\"off\"][et_pb_column type=\"1_4\"][\/et_pb_column][et_pb_column type=\"1_2\" specialty_columns=\"2\"][et_pb_row_inner admin_label=\"Zeile\" padding_mobile=\"off\" use_custom_gutter=\"on\" column_padding_mobile=\"on\" make_equal=\"off\"][et_pb_column_inner type=\"4_4\" saved_specialty_column_type=\"1_2\"][et_pb_text admin_label=\"Text\" background_layout=\"light\" text_orientation=\"left\" use_border_color=\"off\" border_color=\"#ffffff\" border_style=\"solid\"]<\/p><h1>Silicon Coextrusion<\/h1><p>\u00a0<\/p><p>Silicon ist ein Material mit vielen M\u00f6glichkeiten. Diese werden noch gr\u00f6\u00dfer durch den Verbund mit anderen Materialien, wie Metall und Kunststoff, oder auch mit einem anderen Silicon. Durch unsere eigene Mischungs- und Prozessentwicklung k\u00f6nnen wir Coextrudate und Verbunde in nahezu beliebiger Kombination erstellen:<\/p><p>\u00a0<\/p><h5><strong>Die Eigenschaften:<\/strong><\/h5><ul><li><strong>Hart-weich:<\/strong> Hartsubstrat + Silicon \/ Siliconschaum, hartes + weiches Silicon \/ Siliconschaum<\/li><li><strong>Weich-weich:<\/strong> Silicon + Siliconschaum, unterschiedliche Farben bei gleicher H\u00e4rte<\/li><li><strong>Stromleitend-isolierend<\/strong><\/li><li><strong>Coextrudiert, selbsthaftend coextrudiert,<\/strong><br \/> <strong> geprimert coextrudiert<\/strong><\/li><li><strong>Covulkanisiert, geklebt, verschwei\u00dft<\/strong><\/li><\/ul><h5><strong>Die Anwendungen:<\/strong><\/h5><ul><li>Leuchtenindustrie<\/li><li>Ofendichtungen<\/li><li>Maschinenbauindustrie<\/li><li>Fensterdichtungen<\/li><\/ul><p>[\/et_pb_text][\/et_pb_column_inner][\/et_pb_row_inner][\/et_pb_column][et_pb_column type=\"1_4\"][et_pb_text admin_label=\"Text\" background_layout=\"light\" text_orientation=\"left\" use_border_color=\"off\" border_color=\"#ffffff\" border_style=\"solid\"]<\/p><hr \/><p><strong><a href=\"https:\/\/www.ms-silicon.de\/ms-sil\/?page_id=1535\">Hier ist der direkte Link zu Ihrem M+S Silicon Team<\/a><br \/> <\/strong><\/p><p>[\/et_pb_text][et_pb_image admin_label=\"Bild\" show_in_lightbox=\"off\" url_new_window=\"off\" animation=\"off\" sticky=\"off\" align=\"left\" force_fullwidth=\"off\" always_center_on_mobile=\"off\" use_border_color=\"off\" border_color=\"#ffffff\" border_style=\"solid\" src=\"https:\/\/www.ms-silicon.de\/ms-sil\/wp-content\/uploads\/2015\/11\/new-MS-SIL-Logo.png\" url=\"https:\/\/www.ms-silicon.de\/ms-sil\/?page_id=1535\"]<\/p><p>\u00a0<\/p><p>[\/et_pb_image][et_pb_text admin_label=\"Text\" background_layout=\"light\" text_orientation=\"left\" use_border_color=\"off\" border_color=\"#ffffff\" border_style=\"solid\"]<\/p><p>M+S Silicon GmbH & Co. KG<br \/> Hann\u00f6versche Str. 28<br \/> 44143 Dortmund<\/p><p>[\/et_pb_text][\/et_pb_column][\/et_pb_section]<\/p>","_et_gb_content_width":"","footnotes":""},"dipi_cpt_category":[],"class_list":["post-3207","page","type-page","status-publish","hentry"],"_links":{"self":[{"href":"https:\/\/www.ms-silicon.de\/ms-sil\/en\/wp-json\/wp\/v2\/pages\/3207","targetHints":{"allow":["GET"]}}],"collection":[{"href":"https:\/\/www.ms-silicon.de\/ms-sil\/en\/wp-json\/wp\/v2\/pages"}],"about":[{"href":"https:\/\/www.ms-silicon.de\/ms-sil\/en\/wp-json\/wp\/v2\/types\/page"}],"author":[{"embeddable":true,"href":"https:\/\/www.ms-silicon.de\/ms-sil\/en\/wp-json\/wp\/v2\/users\/1"}],"replies":[{"embeddable":true,"href":"https:\/\/www.ms-silicon.de\/ms-sil\/en\/wp-json\/wp\/v2\/comments?post=3207"}],"version-history":[{"count":6,"href":"https:\/\/www.ms-silicon.de\/ms-sil\/en\/wp-json\/wp\/v2\/pages\/3207\/revisions"}],"predecessor-version":[{"id":5151,"href":"https:\/\/www.ms-silicon.de\/ms-sil\/en\/wp-json\/wp\/v2\/pages\/3207\/revisions\/5151"}],"wp:attachment":[{"href":"https:\/\/www.ms-silicon.de\/ms-sil\/en\/wp-json\/wp\/v2\/media?parent=3207"}],"wp:term":[{"taxonomy":"dipi_cpt_category","embeddable":true,"href":"https:\/\/www.ms-silicon.de\/ms-sil\/en\/wp-json\/wp\/v2\/dipi_cpt_category?post=3207"}],"curies":[{"name":"wp","href":"https:\/\/api.w.org\/{rel}","templated":true}]}}