{"id":3213,"date":"2016-08-10T11:25:03","date_gmt":"2016-08-10T09:25:03","guid":{"rendered":"http:\/\/www.ms-silicon.de\/ms-sil\/en\/?page_id=3213"},"modified":"2016-08-11T15:48:34","modified_gmt":"2016-08-11T13:48:34","slug":"moulded-solid-silicone-parts","status":"publish","type":"page","link":"https:\/\/www.ms-silicon.de\/ms-sil\/en\/moulded-solid-silicone-parts\/","title":{"rendered":"Moulded solid silicone parts"},"content":{"rendered":"<p>[et_pb_section admin_label=&#8221;Sektion&#8221; fullwidth=&#8221;off&#8221; specialty=&#8221;off&#8221; transparent_background=&#8221;off&#8221; allow_player_pause=&#8221;off&#8221; inner_shadow=&#8221;off&#8221; parallax=&#8221;off&#8221; parallax_method=&#8221;off&#8221; padding_mobile=&#8221;off&#8221; make_fullwidth=&#8221;off&#8221; use_custom_width=&#8221;off&#8221; width_unit=&#8221;on&#8221; make_equal=&#8221;on&#8221; use_custom_gutter=&#8221;off&#8221; background_color=&#8221;#eef0f2&#8243; custom_padding=&#8221;|10px&#8221;][et_pb_row admin_label=&#8221;Zeile&#8221; make_fullwidth=&#8221;off&#8221; use_custom_width=&#8221;off&#8221; width_unit=&#8221;on&#8221; use_custom_gutter=&#8221;off&#8221; custom_padding=&#8221;|&#8221; padding_mobile=&#8221;off&#8221; allow_player_pause=&#8221;off&#8221; parallax=&#8221;off&#8221; parallax_method=&#8221;off&#8221; make_equal=&#8221;off&#8221; column_padding_mobile=&#8221;on&#8221;][et_pb_column type=&#8221;4_4&#8243;][et_pb_image admin_label=&#8221;Bild&#8221; src=&#8221;http:\/\/www.ms-silicon.de\/ms-sil\/wp-content\/uploads\/2016\/08\/en-moulded-solid-silicone-parts-1.jpg&#8221; show_in_lightbox=&#8221;off&#8221; url_new_window=&#8221;off&#8221; animation=&#8221;off&#8221; sticky=&#8221;off&#8221; align=&#8221;left&#8221; force_fullwidth=&#8221;off&#8221; always_center_on_mobile=&#8221;on&#8221; use_border_color=&#8221;off&#8221; border_color=&#8221;#ffffff&#8221; border_style=&#8221;solid&#8221; alt=&#8221;Moulded solid silicone parts&#8221; use_overlay=&#8221;off&#8221;] [\/et_pb_image][\/et_pb_column][\/et_pb_row][\/et_pb_section][et_pb_section admin_label=&#8221;Sektion&#8221; fullwidth=&#8221;off&#8221; specialty=&#8221;on&#8221; transparent_background=&#8221;off&#8221; background_color=&#8221;#eef0f2&#8243; allow_player_pause=&#8221;off&#8221; inner_shadow=&#8221;off&#8221; parallax=&#8221;off&#8221; parallax_method=&#8221;off&#8221; padding_mobile=&#8221;off&#8221; make_fullwidth=&#8221;off&#8221; use_custom_width=&#8221;off&#8221; width_unit=&#8221;on&#8221; make_equal=&#8221;off&#8221; use_custom_gutter=&#8221;off&#8221;][et_pb_column type=&#8221;1_4&#8243;][\/et_pb_column][et_pb_column type=&#8221;1_2&#8243; specialty_columns=&#8221;2&#8243;][et_pb_row_inner admin_label=&#8221;Zeile&#8221; padding_mobile=&#8221;off&#8221; use_custom_gutter=&#8221;on&#8221; column_padding_mobile=&#8221;on&#8221; make_equal=&#8221;off&#8221;][et_pb_column_inner type=&#8221;4_4&#8243; saved_specialty_column_type=&#8221;1_2&#8243;][et_pb_text admin_label=&#8221;Text&#8221; background_layout=&#8221;light&#8221; text_orientation=&#8221;left&#8221; use_border_color=&#8221;off&#8221; border_color=&#8221;#ffffff&#8221; border_style=&#8221;solid&#8221;]<\/p>\n<h1>MOULDED SOLID SILICONE\u00a0PARTS<\/h1>\n<p>&nbsp;<\/p>\n<p>M+S Formteile creates virtually any moulding desired. Our range deals with both micrograms and kilos, with the highest level of precision whether simply symmetrical or highly complex, such as three-dimensional sealing shapes with large undercuts. The universality of silicone makes it possible to develop moulded parts for applications ranging from the automotive to the medical industry, for the highest demands in most cases.<\/p>\n<p>&nbsp;<\/p>\n<h5><strong>Properties:<\/strong><\/h5>\n<ul>\n<li>Temperature-resistant between -110\u00b0C and 300\u00b0C<\/li>\n<li>Hardnesses between 5 and 80 Shore\u00ae A<\/li>\n<li>Improved swell and coolant resistance<\/li>\n<li>High tear strength<\/li>\n<li>Excellent compression set<\/li>\n<li>Approved for food, medicine and pharmaceutical<\/li>\n<li>Transparent or dyed in virtually any colour<\/li>\n<\/ul>\n<p>&nbsp;<\/p>\n<h5><strong>Applications:<\/strong><\/h5>\n<ul>\n<li>Seals<\/li>\n<li>Membranes<\/li>\n<li>Valves<\/li>\n<li>Functional assemblies<\/li>\n<li>Masks<\/li>\n<li>Dampers<\/li>\n<\/ul>\n<p>[\/et_pb_text][\/et_pb_column_inner][\/et_pb_row_inner][\/et_pb_column][et_pb_column type=&#8221;1_4&#8243;][et_pb_text admin_label=&#8221;Text&#8221; background_layout=&#8221;light&#8221; text_orientation=&#8221;left&#8221; use_border_color=&#8221;off&#8221; border_color=&#8221;#ffffff&#8221; border_style=&#8221;solid&#8221;]<\/p>\n<hr \/>\n<p><strong><a href=\"http:\/\/www.ms-silicon.de\/ms-sil\/en\/team-ms-formteile\/\">You can find your M+S Formteile contacts here<\/a><\/strong><\/p>\n<p>[\/et_pb_text][et_pb_image admin_label=&#8221;Bild&#8221; show_in_lightbox=&#8221;off&#8221; url_new_window=&#8221;off&#8221; animation=&#8221;off&#8221; sticky=&#8221;off&#8221; align=&#8221;left&#8221; force_fullwidth=&#8221;off&#8221; always_center_on_mobile=&#8221;off&#8221; use_border_color=&#8221;off&#8221; border_color=&#8221;#ffffff&#8221; border_style=&#8221;solid&#8221; src=&#8221;http:\/\/www.ms-silicon.de\/ms-sil\/wp-content\/uploads\/2015\/11\/new-MS-FORM-Logo.png&#8221; url=&#8221;http:\/\/www.ms-silicon.de\/ms-sil\/en\/team-ms-formteile\/&#8221; use_overlay=&#8221;off&#8221;] [\/et_pb_image][et_pb_text admin_label=&#8221;Text&#8221; background_layout=&#8221;light&#8221; text_orientation=&#8221;left&#8221; use_border_color=&#8221;off&#8221; border_color=&#8221;#ffffff&#8221; border_style=&#8221;solid&#8221;]<\/p>\n<p>M+S Silicon Formteile GmbH<br \/>\nHann\u00f6versche Str. 28<br \/>\n44143 Dortmund<br \/>\nGermany<\/p>\n<p>[\/et_pb_text][et_pb_text admin_label=&#8221;Text&#8221; background_layout=&#8221;light&#8221; text_orientation=&#8221;left&#8221; use_border_color=&#8221;off&#8221; border_color=&#8221;#ffffff&#8221; border_style=&#8221;solid&#8221;]<\/p>\n<hr \/>\n<p><strong><a href=\"http:\/\/www.ms-silicon.de\/ms-sil\/en\/team-ms-silicon\/\">Please click here to be directed to your M+S Silicon team<\/a><br \/>\n<\/strong><\/p>\n<p>[\/et_pb_text][et_pb_image admin_label=&#8221;Bild&#8221; show_in_lightbox=&#8221;off&#8221; url_new_window=&#8221;off&#8221; animation=&#8221;off&#8221; sticky=&#8221;off&#8221; align=&#8221;left&#8221; force_fullwidth=&#8221;off&#8221; always_center_on_mobile=&#8221;off&#8221; use_border_color=&#8221;off&#8221; border_color=&#8221;#ffffff&#8221; border_style=&#8221;solid&#8221; src=&#8221;http:\/\/www.ms-silicon.de\/ms-sil\/wp-content\/uploads\/2015\/11\/new-MS-SIL-Logo.png&#8221; url=&#8221;http:\/\/www.ms-silicon.de\/ms-sil\/en\/team-ms-silicon\/&#8221; use_overlay=&#8221;off&#8221;] [\/et_pb_image][et_pb_text admin_label=&#8221;Text&#8221; background_layout=&#8221;light&#8221; text_orientation=&#8221;left&#8221; use_border_color=&#8221;off&#8221; border_color=&#8221;#ffffff&#8221; border_style=&#8221;solid&#8221;]<\/p>\n<p>M+S Silicon GmbH &amp; Co. KG<br \/>\nHann\u00f6versche Str. 28<br \/>\n44143 Dortmund<br \/>\nGermany<\/p>\n<p>[\/et_pb_text][\/et_pb_column][\/et_pb_section]<\/p>\n","protected":false},"excerpt":{"rendered":"<p>MOULDED SOLID SILICONE\u00a0PARTS &nbsp; M+S Formteile creates virtually any moulding desired. Our range deals with both micrograms and kilos, with the highest level of precision whether simply symmetrical or highly complex, such as three-dimensional sealing shapes with large undercuts. The universality of silicone makes it possible to develop moulded parts for applications ranging from the [&hellip;]<\/p>\n","protected":false},"author":1,"featured_media":0,"parent":0,"menu_order":0,"comment_status":"closed","ping_status":"closed","template":"","meta":{"_et_pb_use_builder":"on","_et_pb_old_content":"[et_pb_section admin_label=\"Sektion\" fullwidth=\"off\" specialty=\"off\" transparent_background=\"off\" allow_player_pause=\"off\" inner_shadow=\"off\" parallax=\"off\" parallax_method=\"off\" padding_mobile=\"off\" make_fullwidth=\"off\" use_custom_width=\"off\" width_unit=\"on\" make_equal=\"on\" use_custom_gutter=\"off\" background_color=\"#eef0f2\" custom_padding=\"|10px\"][et_pb_row admin_label=\"Zeile\" make_fullwidth=\"off\" use_custom_width=\"off\" width_unit=\"on\" use_custom_gutter=\"off\" custom_padding=\"|\" padding_mobile=\"off\" allow_player_pause=\"off\" parallax=\"off\" parallax_method=\"off\" make_equal=\"off\" column_padding_mobile=\"on\"][et_pb_column type=\"4_4\"][et_pb_image admin_label=\"Bild\" src=\"https:\/\/www.ms-silicon.de\/ms-sil\/wp-content\/uploads\/2016\/01\/silicon-htv-formteile1.jpg\" show_in_lightbox=\"off\" url_new_window=\"off\" animation=\"off\" sticky=\"off\" align=\"left\" force_fullwidth=\"off\" always_center_on_mobile=\"on\" use_border_color=\"off\" border_color=\"#ffffff\" border_style=\"solid\"] [\/et_pb_image][\/et_pb_column][\/et_pb_row][\/et_pb_section][et_pb_section admin_label=\"Sektion\" fullwidth=\"off\" specialty=\"on\" transparent_background=\"off\" background_color=\"#eef0f2\" allow_player_pause=\"off\" inner_shadow=\"off\" parallax=\"off\" parallax_method=\"off\" padding_mobile=\"off\" make_fullwidth=\"off\" use_custom_width=\"off\" width_unit=\"on\" make_equal=\"off\" use_custom_gutter=\"off\"][et_pb_column type=\"1_4\"][\/et_pb_column][et_pb_column type=\"1_2\" specialty_columns=\"2\"][et_pb_row_inner admin_label=\"Zeile\" padding_mobile=\"off\" use_custom_gutter=\"on\" column_padding_mobile=\"on\" make_equal=\"off\"][et_pb_column_inner type=\"4_4\" saved_specialty_column_type=\"1_2\"][et_pb_text admin_label=\"Text\" background_layout=\"light\" text_orientation=\"left\" use_border_color=\"off\" border_color=\"#ffffff\" border_style=\"solid\"]\r\n<h1>Feststoffsilicon-Formteile<\/h1>\r\n\u00a0\r\n\r\nM+S Formteile realisiert nahezu jedes gew\u00fcnschte Formteil. Unser Spektrum reicht vom Mikrogramm- bis in den Kilobereich, immer mit h\u00f6chstm\u00f6glicher Pr\u00e4zision, ob einfach symmetrisch oder hoch komplex, wie bei dreidimensional dichtende Geometrien mit gro\u00dfen Hinterschneidungen. Die Universalit\u00e4t von Silicon macht es m\u00f6glich, Formteile f\u00fcr Anwendungen vom Automotive- bis zum Medizinbereich zu entwickeln, in den meisten F\u00e4llen auch f\u00fcr h\u00f6chste Anforderungen\r\n\r\n\u00a0\r\n<h5><strong>Die Eigenschaften:<\/strong><\/h5>\r\n<ul>\r\n\t<li>Temperaturbest\u00e4ndig von -110 bis +300\u00b0C<\/li>\r\n\t<li>H\u00e4rten von 5 bis 80 Shore\u00ae A<\/li>\r\n\t<li>Verbessert quell- und k\u00fchlmittel-best\u00e4ndig<\/li>\r\n\t<li>Hoch weiterrei\u00dffest<\/li>\r\n\t<li>Exzellenter Druckverformungsrest<\/li>\r\n\t<li>Lebensmittel-, medizin- und pharmazugelassen<\/li>\r\n\t<li>Transparent oder nahezu beliebig eingef\u00e4rbt<\/li>\r\n<\/ul>\r\n\u00a0\r\n<h5><strong>Die Anwendungen:<\/strong><\/h5>\r\n<ul>\r\n\t<li>Dichtungen<\/li>\r\n\t<li>Membranen<\/li>\r\n\t<li>Ventile<\/li>\r\n\t<li>Funktionsbauteile<\/li>\r\n\t<li>Masken<\/li>\r\n\t<li>D\u00e4mpfer<\/li>\r\n<\/ul>\r\n[\/et_pb_text][\/et_pb_column_inner][\/et_pb_row_inner][\/et_pb_column][et_pb_column type=\"1_4\"][et_pb_text admin_label=\"Text\" background_layout=\"light\" text_orientation=\"left\" use_border_color=\"off\" border_color=\"#ffffff\" border_style=\"solid\"]\r\n\r\n<hr \/>\r\n\r\n<strong><a href=\"https:\/\/www.ms-silicon.de\/ms-sil\/?page_id=1504\">Hier geht es zu Ihren M+S Formteile Ansprechpartnern<\/a><\/strong>\r\n\r\n[\/et_pb_text][et_pb_image admin_label=\"Bild\" show_in_lightbox=\"off\" url_new_window=\"off\" animation=\"off\" sticky=\"off\" align=\"left\" force_fullwidth=\"off\" always_center_on_mobile=\"off\" use_border_color=\"off\" border_color=\"#ffffff\" border_style=\"solid\" src=\"https:\/\/www.ms-silicon.de\/ms-sil\/wp-content\/uploads\/2015\/11\/new-MS-FORM-Logo.png\" url=\"https:\/\/www.ms-silicon.de\/ms-sil\/?page_id=1504\"] [\/et_pb_image][et_pb_text admin_label=\"Text\" background_layout=\"light\" text_orientation=\"left\" use_border_color=\"off\" border_color=\"#ffffff\" border_style=\"solid\"]\r\n\r\nM+S Silicon Formteile GmbH\r\nHann\u00f6versche Str. 28\r\n44143 Dortmund\r\n\r\n[\/et_pb_text][et_pb_text admin_label=\"Text\" background_layout=\"light\" text_orientation=\"left\" use_border_color=\"off\" border_color=\"#ffffff\" border_style=\"solid\"]\r\n\r\n<hr \/>\r\n\r\n<strong><a href=\"https:\/\/www.ms-silicon.de\/ms-sil\/?page_id=1535\">Hier ist der direkte Link zu Ihrem M+S Silicon Team<\/a>\r\n<\/strong>\r\n\r\n[\/et_pb_text][et_pb_image admin_label=\"Bild\" show_in_lightbox=\"off\" url_new_window=\"off\" animation=\"off\" sticky=\"off\" align=\"left\" force_fullwidth=\"off\" always_center_on_mobile=\"off\" use_border_color=\"off\" border_color=\"#ffffff\" border_style=\"solid\" src=\"https:\/\/www.ms-silicon.de\/ms-sil\/wp-content\/uploads\/2015\/11\/new-MS-SIL-Logo.png\" url=\"https:\/\/www.ms-silicon.de\/ms-sil\/?page_id=1535\"] [\/et_pb_image][et_pb_text admin_label=\"Text\" background_layout=\"light\" text_orientation=\"left\" use_border_color=\"off\" border_color=\"#ffffff\" border_style=\"solid\"]\r\n\r\nM+S Silicon GmbH & Co. KG\r\nHann\u00f6versche Str. 28\r\n44143 Dortmund\r\n\r\n[\/et_pb_text][\/et_pb_column][\/et_pb_section]","_et_gb_content_width":"","footnotes":""},"dipi_cpt_category":[],"class_list":["post-3213","page","type-page","status-publish","hentry"],"_links":{"self":[{"href":"https:\/\/www.ms-silicon.de\/ms-sil\/en\/wp-json\/wp\/v2\/pages\/3213","targetHints":{"allow":["GET"]}}],"collection":[{"href":"https:\/\/www.ms-silicon.de\/ms-sil\/en\/wp-json\/wp\/v2\/pages"}],"about":[{"href":"https:\/\/www.ms-silicon.de\/ms-sil\/en\/wp-json\/wp\/v2\/types\/page"}],"author":[{"embeddable":true,"href":"https:\/\/www.ms-silicon.de\/ms-sil\/en\/wp-json\/wp\/v2\/users\/1"}],"replies":[{"embeddable":true,"href":"https:\/\/www.ms-silicon.de\/ms-sil\/en\/wp-json\/wp\/v2\/comments?post=3213"}],"version-history":[{"count":4,"href":"https:\/\/www.ms-silicon.de\/ms-sil\/en\/wp-json\/wp\/v2\/pages\/3213\/revisions"}],"predecessor-version":[{"id":3362,"href":"https:\/\/www.ms-silicon.de\/ms-sil\/en\/wp-json\/wp\/v2\/pages\/3213\/revisions\/3362"}],"wp:attachment":[{"href":"https:\/\/www.ms-silicon.de\/ms-sil\/en\/wp-json\/wp\/v2\/media?parent=3213"}],"wp:term":[{"taxonomy":"dipi_cpt_category","embeddable":true,"href":"https:\/\/www.ms-silicon.de\/ms-sil\/en\/wp-json\/wp\/v2\/dipi_cpt_category?post=3213"}],"curies":[{"name":"wp","href":"https:\/\/api.w.org\/{rel}","templated":true}]}}