{"id":3246,"date":"2016-08-10T15:33:09","date_gmt":"2016-08-10T13:33:09","guid":{"rendered":"http:\/\/www.ms-silicon.de\/ms-sil\/en\/?page_id=3246"},"modified":"2017-08-23T09:09:59","modified_gmt":"2017-08-23T07:09:59","slug":"cable-protectors","status":"publish","type":"page","link":"https:\/\/www.ms-silicon.de\/ms-sil\/en\/cable-protectors\/","title":{"rendered":"Cable protectors"},"content":{"rendered":"<p>[et_pb_section admin_label=&#8221;Sektion&#8221; fullwidth=&#8221;off&#8221; specialty=&#8221;off&#8221; transparent_background=&#8221;off&#8221; allow_player_pause=&#8221;off&#8221; inner_shadow=&#8221;off&#8221; parallax=&#8221;off&#8221; parallax_method=&#8221;off&#8221; padding_mobile=&#8221;off&#8221; make_fullwidth=&#8221;off&#8221; use_custom_width=&#8221;off&#8221; width_unit=&#8221;on&#8221; make_equal=&#8221;off&#8221; use_custom_gutter=&#8221;off&#8221; background_color=&#8221;#eef0f2&#8243; custom_padding=&#8221;|10px&#8221;][et_pb_row admin_label=&#8221;Zeile&#8221;][et_pb_column type=&#8221;4_4&#8243;][et_pb_image admin_label=&#8221;Bild&#8221; src=&#8221;http:\/\/www.ms-silicon.de\/ms-sil\/wp-content\/uploads\/2016\/08\/en-cable-protectors.jpg&#8221; show_in_lightbox=&#8221;off&#8221; url_new_window=&#8221;off&#8221; animation=&#8221;off&#8221; sticky=&#8221;off&#8221; align=&#8221;left&#8221; force_fullwidth=&#8221;off&#8221; always_center_on_mobile=&#8221;on&#8221; use_border_color=&#8221;off&#8221; border_color=&#8221;#ffffff&#8221; border_style=&#8221;solid&#8221; alt=&#8221;Cable protectors&#8221; use_overlay=&#8221;off&#8221;]<\/p>\n<p>[\/et_pb_image][\/et_pb_column][\/et_pb_row][\/et_pb_section][et_pb_section admin_label=&#8221;Sektion&#8221; fullwidth=&#8221;off&#8221; specialty=&#8221;on&#8221; transparent_background=&#8221;off&#8221; background_color=&#8221;#eef0f2&#8243; allow_player_pause=&#8221;off&#8221; inner_shadow=&#8221;off&#8221; parallax=&#8221;off&#8221; parallax_method=&#8221;off&#8221; padding_mobile=&#8221;off&#8221; make_fullwidth=&#8221;off&#8221; use_custom_width=&#8221;off&#8221; width_unit=&#8221;on&#8221; make_equal=&#8221;off&#8221; use_custom_gutter=&#8221;off&#8221;][et_pb_column type=&#8221;1_4&#8243;][\/et_pb_column][et_pb_column type=&#8221;1_2&#8243; specialty_columns=&#8221;2&#8243;][et_pb_row_inner admin_label=&#8221;Zeile&#8221; padding_mobile=&#8221;off&#8221; use_custom_gutter=&#8221;on&#8221; column_padding_mobile=&#8221;on&#8221; make_equal=&#8221;off&#8221; background_color_1=&#8221;rgba(0,0,0,0)&#8221;][et_pb_column_inner type=&#8221;4_4&#8243; saved_specialty_column_type=&#8221;1_2&#8243;][et_pb_text admin_label=&#8221;Text&#8221; background_layout=&#8221;light&#8221; text_orientation=&#8221;left&#8221; use_border_color=&#8221;off&#8221; border_color=&#8221;#ffffff&#8221; border_style=&#8221;solid&#8221;]<\/p>\n<h1>CABLE PROTECTORS<\/h1>\n<p>&nbsp;<\/p>\n<p>M+S Damerius has a wide range of fabric and non-fabric insulating sleeves. We produce non-fabric sleeves made from different materials for special extruders, and fabric sleeves consist of coated braiding.<\/p>\n<p>We have developed a unique method for applying finish to the substrates such as glass silk, synthetic silk and polyester yarn. We produce our own coating and braided sleeving.<\/p>\n<p>&nbsp;<\/p>\n<p>&nbsp;<\/p>\n<h5><strong>Features:<\/strong><\/h5>\n<ul>\n<li>We produce our own coating<\/li>\n<li>We produce our own braided sleeving<\/li>\n<li>Unique method for applying coating to the respective substrates such as glass silk, synthetic silk and polyester yarn<\/li>\n<\/ul>\n<p>Unique method for applying coating to the respective substrates such as glass silk, synthetic silk and polyester yarn<\/p>\n<p>&nbsp;<\/p>\n<h5><\/h5>\n<h5><strong>Properties:<\/strong><\/h5>\n<ul>\n<li>High abrasion resistance<\/li>\n<li>High mechanical strength<\/li>\n<li>Excellent adhesion between fabric and coating<\/li>\n<\/ul>\n<p>&nbsp;<\/p>\n<h5><strong>Applications:<\/strong><\/h5>\n<ul>\n<li>Electrical insulation<\/li>\n<li>Abrasion protection<\/li>\n<\/ul>\n<p>&nbsp;<\/p>\n<p>[\/et_pb_text][et_pb_cta admin_label=&#8221;Handlungsaufruf&#8221; url_new_window=&#8221;off&#8221; use_background_color=&#8221;on&#8221; background_color=&#8221;#009ee3&#8243; background_layout=&#8221;dark&#8221; text_orientation=&#8221;left&#8221; use_border_color=&#8221;off&#8221; border_color=&#8221;#ffffff&#8221; border_style=&#8221;solid&#8221; custom_button=&#8221;off&#8221; button_letter_spacing=&#8221;0&#8243; button_use_icon=&#8221;default&#8221; button_icon_placement=&#8221;right&#8221; button_on_hover=&#8221;on&#8221; button_letter_spacing_hover=&#8221;0&#8243; title=&#8221;Product description EN&#8221; button_text=&#8221;&gt;&gt;&#8221; button_url=&#8221;http:\/\/www.ms-silicon.de\/ms-sil\/?page_id=2516&#8243;]<\/p>\n<p>[\/et_pb_cta][et_pb_cta admin_label=&#8221;Handlungsaufruf&#8221; url_new_window=&#8221;off&#8221; use_background_color=&#8221;on&#8221; background_color=&#8221;#009ee3&#8243; background_layout=&#8221;dark&#8221; text_orientation=&#8221;left&#8221; use_border_color=&#8221;off&#8221; border_color=&#8221;#ffffff&#8221; border_style=&#8221;solid&#8221; custom_button=&#8221;off&#8221; button_letter_spacing=&#8221;0&#8243; button_use_icon=&#8221;default&#8221; button_icon_placement=&#8221;right&#8221; button_on_hover=&#8221;on&#8221; button_letter_spacing_hover=&#8221;0&#8243; title=&#8221;Produkty \u2013 dane techniczne PL&#8221; button_text=&#8221;&gt;&gt;&#8221; button_url=&#8221;http:\/\/www.ms-silicon.de\/ms-sil\/?page_id=2598&#8243;]<\/p>\n<p>[\/et_pb_cta][\/et_pb_column_inner][\/et_pb_row_inner][\/et_pb_column][et_pb_column type=&#8221;1_4&#8243;][et_pb_text admin_label=&#8221;Text&#8221; background_layout=&#8221;light&#8221; text_orientation=&#8221;left&#8221; use_border_color=&#8221;off&#8221; border_color=&#8221;#ffffff&#8221; border_style=&#8221;solid&#8221;]<\/p>\n<hr \/>\n<p><strong><a href=\"http:\/\/www.ms-silicon.de\/ms-sil\/en\/team-ms-damerius\/\">Your M+S Damerius contacts<\/a><br \/>\n<\/strong><\/p>\n<p>[\/et_pb_text][et_pb_image admin_label=&#8221;Bild&#8221; show_in_lightbox=&#8221;off&#8221; url_new_window=&#8221;off&#8221; animation=&#8221;off&#8221; sticky=&#8221;off&#8221; align=&#8221;left&#8221; force_fullwidth=&#8221;off&#8221; always_center_on_mobile=&#8221;off&#8221; use_border_color=&#8221;off&#8221; border_color=&#8221;#ffffff&#8221; border_style=&#8221;solid&#8221; src=&#8221;http:\/\/www.ms-silicon.de\/ms-sil\/wp-content\/uploads\/2015\/11\/new-MS-DAM-Logo.png&#8221; url=&#8221;http:\/\/www.ms-silicon.de\/ms-sil\/en\/team-ms-damerius\/&#8221; use_overlay=&#8221;off&#8221;]<\/p>\n<p>[\/et_pb_image][et_pb_text admin_label=&#8221;Text&#8221; background_layout=&#8221;light&#8221; text_orientation=&#8221;left&#8221; use_border_color=&#8221;off&#8221; border_color=&#8221;#ffffff&#8221; border_style=&#8221;solid&#8221;]<\/p>\n<p>M+S Damerius GmbH &amp; Co. KG<br \/>\nAn der Hanfr\u00f6ste 4<br \/>\n86529 Schrobenhausen<br \/>\nGermany<\/p>\n<p>[\/et_pb_text][\/et_pb_column][\/et_pb_section]<\/p>\n","protected":false},"excerpt":{"rendered":"<p>CABLE PROTECTORS &nbsp; M+S Damerius has a wide range of fabric and non-fabric insulating sleeves. We produce non-fabric sleeves made from different materials for special extruders, and fabric sleeves consist of coated braiding. We have developed a unique method for applying finish to the substrates such as glass silk, synthetic silk and polyester yarn. We [&hellip;]<\/p>\n","protected":false},"author":1,"featured_media":0,"parent":0,"menu_order":0,"comment_status":"closed","ping_status":"closed","template":"","meta":{"_et_pb_use_builder":"on","_et_pb_old_content":"<p>[et_pb_section admin_label=\"Sektion\" fullwidth=\"off\" specialty=\"off\" transparent_background=\"off\" allow_player_pause=\"off\" inner_shadow=\"off\" parallax=\"off\" parallax_method=\"off\" padding_mobile=\"off\" make_fullwidth=\"off\" use_custom_width=\"off\" width_unit=\"on\" make_equal=\"off\" use_custom_gutter=\"off\" background_color=\"#eef0f2\" custom_padding=\"|10px\"][et_pb_row admin_label=\"Zeile\"][et_pb_column type=\"4_4\"][et_pb_image admin_label=\"Bild\" src=\"https:\/\/www.ms-silicon.de\/ms-sil\/wp-content\/uploads\/2016\/01\/kabelschutz-systeme.jpg\" show_in_lightbox=\"off\" url_new_window=\"off\" animation=\"off\" sticky=\"off\" align=\"left\" force_fullwidth=\"off\" always_center_on_mobile=\"on\" use_border_color=\"off\" border_color=\"#ffffff\" border_style=\"solid\"] [\/et_pb_image][\/et_pb_column][\/et_pb_row][\/et_pb_section][et_pb_section admin_label=\"Sektion\" fullwidth=\"off\" specialty=\"on\" transparent_background=\"off\" background_color=\"#eef0f2\" allow_player_pause=\"off\" inner_shadow=\"off\" parallax=\"off\" parallax_method=\"off\" padding_mobile=\"off\" make_fullwidth=\"off\" use_custom_width=\"off\" width_unit=\"on\" make_equal=\"off\" use_custom_gutter=\"off\"][et_pb_column type=\"1_4\"][\/et_pb_column][et_pb_column type=\"1_2\" specialty_columns=\"2\"][et_pb_row_inner admin_label=\"Zeile\" padding_mobile=\"off\" use_custom_gutter=\"on\" column_padding_mobile=\"on\" make_equal=\"off\" background_color_1=\"rgba(0,0,0,0)\"][et_pb_column_inner type=\"4_4\" saved_specialty_column_type=\"1_2\"][et_pb_text admin_label=\"Text\" background_layout=\"light\" text_orientation=\"left\" use_border_color=\"off\" border_color=\"#ffffff\" border_style=\"solid\"]<\/p><h1>Kabelschutz-Systeme<\/h1><p>\u00a0<\/p><p>M+S Damerius bietet eine breite Palette an gewebelosen und gewebehaltigen Isolierschl\u00e4uchen. Gewebelose Schl\u00e4uche aus verschiedenen Materialien fertigen wir auf speziellen Extrudern, gewebehaltige Schl\u00e4uche bestehen aus einem beschichteten Geflecht.<\/p><p>Zum Aufbringen von Lack auf die jeweiligen Substrate wie Glasseide, Kunstseide und Polyestergarn haben wir ein einzigartiges Verfahren entwickelt. Wir verf\u00fcgen \u00fcber eine eigene Lack- und eine eigene Flechtschlauchherstellung..<\/p><p>\u00a0<\/p><h5><strong>Die Besonderheiten:<\/strong><\/h5><ul><li>eigene Lackherstellung<\/li><li>eigene Flechtschlauchherstellung<\/li><li>einzigartiges Verfahren des Aufbringens von Lack auf die jeweiligen Substrate wie Glasseide, Kunstseide und Polyestergarn<\/li><\/ul><p>\u00a0<\/p><h5><strong>Die Eigenschaften:<\/strong><\/h5><ul><li>hohe Abriebfestigkeit<\/li><li>starke mechanische Belastbarkeit<\/li><li>ausgezeichnete Haftung zwischen Gewebe und Beschichtung<\/li><\/ul><p>\u00a0<\/p><h5><strong>Die Anwendungen:<\/strong><\/h5><ul><li>Als elektrische Isolierung<\/li><li>Abriebschutz<\/li><li>B\u00fcndellung von Einzellitzen<\/li><\/ul><p>\u00a0<\/p><p>[\/et_pb_text][et_pb_cta admin_label=\"Handlungsaufruf\" url_new_window=\"off\" use_background_color=\"on\" background_color=\"#009ee3\" background_layout=\"dark\" text_orientation=\"left\" use_border_color=\"on\" border_color=\"#ffffff\" border_style=\"solid\" custom_button=\"off\" button_letter_spacing=\"0\" button_use_icon=\"default\" button_icon_placement=\"right\" button_on_hover=\"on\" button_letter_spacing_hover=\"0\" title=\"Produktinformation DE\" button_text=\">>\" button_url=\"https:\/\/www.ms-silicon.de\/ms-sil\/?page_id=1615\"] [\/et_pb_cta][et_pb_cta admin_label=\"Handlungsaufruf\" url_new_window=\"off\" use_background_color=\"on\" background_color=\"#009ee3\" background_layout=\"dark\" text_orientation=\"left\" use_border_color=\"off\" border_color=\"#ffffff\" border_style=\"solid\" custom_button=\"off\" button_letter_spacing=\"0\" button_use_icon=\"default\" button_icon_placement=\"right\" button_on_hover=\"on\" button_letter_spacing_hover=\"0\" title=\"Product description EN\" button_text=\">>\" button_url=\"https:\/\/www.ms-silicon.de\/ms-sil\/?page_id=2516\"] [\/et_pb_cta][et_pb_cta admin_label=\"Handlungsaufruf\" url_new_window=\"off\" use_background_color=\"on\" background_color=\"#009ee3\" background_layout=\"dark\" text_orientation=\"left\" use_border_color=\"off\" border_color=\"#ffffff\" border_style=\"solid\" custom_button=\"off\" button_letter_spacing=\"0\" button_use_icon=\"default\" button_icon_placement=\"right\" button_on_hover=\"on\" button_letter_spacing_hover=\"0\" title=\"Produkty \u2013 dane techniczne PL\" button_text=\">>\" button_url=\"https:\/\/www.ms-silicon.de\/ms-sil\/?page_id=2598\"] [\/et_pb_cta][\/et_pb_column_inner][\/et_pb_row_inner][\/et_pb_column][et_pb_column type=\"1_4\"][et_pb_text admin_label=\"Text\" background_layout=\"light\" text_orientation=\"left\" use_border_color=\"off\" border_color=\"#ffffff\" border_style=\"solid\"]<\/p><hr \/><p><strong><a href=\"https:\/\/www.ms-silicon.de\/ms-sil\/?page_id=1540\">Zu Ihren Ansprechpartnern von M+S Damerius<\/a><br \/> <\/strong><\/p><p>[\/et_pb_text][et_pb_image admin_label=\"Bild\" show_in_lightbox=\"off\" url_new_window=\"off\" animation=\"off\" sticky=\"off\" align=\"left\" force_fullwidth=\"off\" always_center_on_mobile=\"off\" use_border_color=\"off\" border_color=\"#ffffff\" border_style=\"solid\" src=\"https:\/\/www.ms-silicon.de\/ms-sil\/wp-content\/uploads\/2015\/11\/new-MS-DAM-Logo.png\" url=\"https:\/\/www.ms-silicon.de\/ms-sil\/?page_id=1540\"] [\/et_pb_image][et_pb_text admin_label=\"Text\" background_layout=\"light\" text_orientation=\"left\" use_border_color=\"off\" border_color=\"#ffffff\" border_style=\"solid\"]<\/p><p>M+S Damerius GmbH & Co. KG<br \/> An der Hanfr\u00f6ste 4<br \/> 86529 Schrobenhausen<\/p><p>[\/et_pb_text][\/et_pb_column][\/et_pb_section]<\/p>","_et_gb_content_width":"","footnotes":""},"dipi_cpt_category":[],"class_list":["post-3246","page","type-page","status-publish","hentry"],"_links":{"self":[{"href":"https:\/\/www.ms-silicon.de\/ms-sil\/en\/wp-json\/wp\/v2\/pages\/3246","targetHints":{"allow":["GET"]}}],"collection":[{"href":"https:\/\/www.ms-silicon.de\/ms-sil\/en\/wp-json\/wp\/v2\/pages"}],"about":[{"href":"https:\/\/www.ms-silicon.de\/ms-sil\/en\/wp-json\/wp\/v2\/types\/page"}],"author":[{"embeddable":true,"href":"https:\/\/www.ms-silicon.de\/ms-sil\/en\/wp-json\/wp\/v2\/users\/1"}],"replies":[{"embeddable":true,"href":"https:\/\/www.ms-silicon.de\/ms-sil\/en\/wp-json\/wp\/v2\/comments?post=3246"}],"version-history":[{"count":6,"href":"https:\/\/www.ms-silicon.de\/ms-sil\/en\/wp-json\/wp\/v2\/pages\/3246\/revisions"}],"predecessor-version":[{"id":3805,"href":"https:\/\/www.ms-silicon.de\/ms-sil\/en\/wp-json\/wp\/v2\/pages\/3246\/revisions\/3805"}],"wp:attachment":[{"href":"https:\/\/www.ms-silicon.de\/ms-sil\/en\/wp-json\/wp\/v2\/media?parent=3246"}],"wp:term":[{"taxonomy":"dipi_cpt_category","embeddable":true,"href":"https:\/\/www.ms-silicon.de\/ms-sil\/en\/wp-json\/wp\/v2\/dipi_cpt_category?post=3246"}],"curies":[{"name":"wp","href":"https:\/\/api.w.org\/{rel}","templated":true}]}}