{"id":3251,"date":"2016-08-10T15:47:05","date_gmt":"2016-08-10T13:47:05","guid":{"rendered":"http:\/\/www.ms-silicon.de\/ms-sil\/en\/?page_id=3251"},"modified":"2016-11-22T16:38:30","modified_gmt":"2016-11-22T15:38:30","slug":"silicone-sheet-products","status":"publish","type":"page","link":"https:\/\/www.ms-silicon.de\/ms-sil\/en\/silicone-sheet-products\/","title":{"rendered":"Silicone sheets products"},"content":{"rendered":"<p>[et_pb_section admin_label=&#8221;Sektion&#8221; fullwidth=&#8221;off&#8221; specialty=&#8221;off&#8221; transparent_background=&#8221;off&#8221; allow_player_pause=&#8221;off&#8221; inner_shadow=&#8221;off&#8221; parallax=&#8221;off&#8221; parallax_method=&#8221;off&#8221; padding_mobile=&#8221;on&#8221; make_fullwidth=&#8221;off&#8221; use_custom_width=&#8221;off&#8221; width_unit=&#8221;on&#8221; make_equal=&#8221;on&#8221; use_custom_gutter=&#8221;off&#8221; background_color=&#8221;#eef0f2&#8243; custom_padding=&#8221;|10px&#8221;][et_pb_row admin_label=&#8221;Zeile&#8221;][et_pb_column type=&#8221;4_4&#8243;][et_pb_image admin_label=&#8221;Bild&#8221; src=&#8221;http:\/\/www.ms-silicon.de\/ms-sil\/wp-content\/uploads\/2016\/08\/en-silicone-sheets-1.jpg&#8221; show_in_lightbox=&#8221;off&#8221; url_new_window=&#8221;off&#8221; animation=&#8221;off&#8221; sticky=&#8221;off&#8221; align=&#8221;left&#8221; force_fullwidth=&#8221;off&#8221; always_center_on_mobile=&#8221;on&#8221; use_border_color=&#8221;off&#8221; border_color=&#8221;#ffffff&#8221; border_style=&#8221;solid&#8221; alt=&#8221;Silicone sheets products&#8221; use_overlay=&#8221;off&#8221;] [\/et_pb_image][\/et_pb_column][\/et_pb_row][\/et_pb_section][et_pb_section admin_label=&#8221;Sektion&#8221; fullwidth=&#8221;off&#8221; specialty=&#8221;on&#8221; transparent_background=&#8221;off&#8221; background_color=&#8221;#eef0f2&#8243; allow_player_pause=&#8221;off&#8221; inner_shadow=&#8221;off&#8221; parallax=&#8221;off&#8221; parallax_method=&#8221;off&#8221; padding_mobile=&#8221;off&#8221; make_fullwidth=&#8221;off&#8221; use_custom_width=&#8221;off&#8221; width_unit=&#8221;on&#8221; make_equal=&#8221;off&#8221; use_custom_gutter=&#8221;off&#8221;][et_pb_column type=&#8221;1_4&#8243;][\/et_pb_column][et_pb_column type=&#8221;1_2&#8243; specialty_columns=&#8221;2&#8243;][et_pb_row_inner admin_label=&#8221;Zeile&#8221; padding_mobile=&#8221;off&#8221; use_custom_gutter=&#8221;on&#8221; column_padding_mobile=&#8221;on&#8221; make_equal=&#8221;off&#8221;][et_pb_column_inner type=&#8221;4_4&#8243; saved_specialty_column_type=&#8221;1_2&#8243;][et_pb_text admin_label=&#8221;Text&#8221; background_layout=&#8221;light&#8221; text_orientation=&#8221;left&#8221; use_border_color=&#8221;off&#8221; border_color=&#8221;#ffffff&#8221; border_style=&#8221;solid&#8221;]<\/p>\n<h1>SILICONE SHEET PRODUCTS<\/h1>\n<p>&nbsp;<\/p>\n<h4>Silicone sheets made from FLEXCOMP<sup>\u00ae<\/sup><br \/>\nhigh-performance elastomers<\/h4>\n<p>M+S Silicon produces sheet products from solid silicone. Our sheets are as diverse as the raw material of silicone itself and available in all hardnesses and colours, along with many properties and in different strengths.<\/p>\n<p>&nbsp;<\/p>\n<h5 class=\"subline\"><strong>Properties:<\/strong><\/h5>\n<ul>\n<li>Temperature range of -110 to +300\u00b0C<\/li>\n<li>Hardnesses between 30 and 80 Shore<sup>\u00ae<\/sup>A<\/li>\n<li>Platinum or peroxide-cured<\/li>\n<li>Electrically insulating or conductive<\/li>\n<li>With or without fabric lining<\/li>\n<li>Anti-inflammatory properties<\/li>\n<li>Different surfaces<\/li>\n<li>All colours, including metallic and illumination effects<\/li>\n<\/ul>\n<p>&nbsp;<\/p>\n<h5><strong>Applications:<\/strong><\/h5>\n<ul>\n<li>Industrial maintenance<\/li>\n<li>Mechanical engineering industry<\/li>\n<li>Sealing plate<\/li>\n<li>Stamped parts + various cuts<\/li>\n<\/ul>\n<p>&nbsp;<\/p>\n<h4>Silicone sponge sheets made from high-performance FLEXCOMP<sup>\u00ae<\/sup>elastomers<\/h4>\n<h4 class=\"copytext\"><span class=\"h1\">\u00a0<\/span><\/h4>\n<p><a href=\"http:\/\/www.ms-silicon.de\/ms-sil\/wp-content\/uploads\/2016\/01\/schaumplatten.png\"><img loading=\"lazy\" decoding=\"async\" class=\"alignnone wp-image-1185 size-medium\" src=\"http:\/\/www.ms-silicon.de\/ms-sil\/wp-content\/uploads\/2016\/01\/schaumplatten-300x190.png\" alt=\"schaumplatten\" width=\"300\" height=\"190\" \/><\/a><\/p>\n<p>Our silicone sheet products made from silicone sponge are new to the range.<\/p>\n<p>&nbsp;<\/p>\n<h5 class=\"subline\"><strong>Properties:<\/strong><\/h5>\n<ul>\n<li>Temperature range of -110 to +300\u00b0C<\/li>\n<li>peroxide-cured<\/li>\n<li>Electrically insulating or conductive<\/li>\n<li>Anti-inflammatory properties<\/li>\n<li>Nearly any colour possible<\/li>\n<li>Width: 1,000 mm<\/li>\n<li>Length: interminable<\/li>\n<li>Density: 0.25 \u00b1 1 g\/ccm<\/li>\n<li>Surface: lightly embossed<\/li>\n<li>Thicknesses: 2 to 10 mm<\/li>\n<\/ul>\n<p>Other thicknesses and qualities on request.<\/p>\n<p>&nbsp;<\/p>\n<h5><strong>Applications:<\/strong><\/h5>\n<ul>\n<li>Industrial maintenance<\/li>\n<li>Mechanical engineering industry<\/li>\n<li>Sealing plate<\/li>\n<li>Stamped parts + various cuts<\/li>\n<\/ul>\n<p>[\/et_pb_text][\/et_pb_column_inner][\/et_pb_row_inner][\/et_pb_column][et_pb_column type=&#8221;1_4&#8243;][et_pb_text admin_label=&#8221;Text&#8221; background_layout=&#8221;light&#8221; text_orientation=&#8221;left&#8221; use_border_color=&#8221;off&#8221; border_color=&#8221;#ffffff&#8221; border_style=&#8221;solid&#8221;]<\/p>\n<hr \/>\n<p><strong><a href=\"http:\/\/www.ms-silicon.de\/ms-sil\/en\/team-ms-silicon\/\">Please click here to be directed to your M+S Silicon team<\/a><br \/>\n<\/strong><\/p>\n<p>[\/et_pb_text][et_pb_image admin_label=&#8221;Bild&#8221; show_in_lightbox=&#8221;off&#8221; url_new_window=&#8221;off&#8221; animation=&#8221;off&#8221; sticky=&#8221;off&#8221; align=&#8221;left&#8221; force_fullwidth=&#8221;off&#8221; always_center_on_mobile=&#8221;off&#8221; use_border_color=&#8221;off&#8221; border_color=&#8221;#ffffff&#8221; border_style=&#8221;solid&#8221; src=&#8221;http:\/\/www.ms-silicon.de\/ms-sil\/wp-content\/uploads\/2015\/11\/new-MS-SIL-Logo.png&#8221; url=&#8221;http:\/\/www.ms-silicon.de\/ms-sil\/en\/team-ms-silicon\/&#8221; use_overlay=&#8221;off&#8221;] [\/et_pb_image][et_pb_text admin_label=&#8221;Text&#8221; background_layout=&#8221;light&#8221; text_orientation=&#8221;left&#8221; use_border_color=&#8221;off&#8221; border_color=&#8221;#ffffff&#8221; border_style=&#8221;solid&#8221;]<\/p>\n<p>M+S Silicon GmbH &amp; Co. KG<br \/>\nHann\u00f6versche Str. 28<br \/>\n44143 Dortmund<br \/>\nGermany<\/p>\n<p>[\/et_pb_text][\/et_pb_column][\/et_pb_section]<\/p>\n","protected":false},"excerpt":{"rendered":"<p>SILICONE SHEET PRODUCTS &nbsp; Silicone sheets made from FLEXCOMP\u00ae high-performance elastomers M+S Silicon produces sheet products from solid silicone. Our sheets are as diverse as the raw material of silicone itself and available in all hardnesses and colours, along with many properties and in different strengths. &nbsp; Properties: Temperature range of -110 to +300\u00b0C Hardnesses [&hellip;]<\/p>\n","protected":false},"author":1,"featured_media":0,"parent":0,"menu_order":0,"comment_status":"closed","ping_status":"closed","template":"","meta":{"_et_pb_use_builder":"on","_et_pb_old_content":"[et_pb_section admin_label=\"Sektion\" fullwidth=\"off\" specialty=\"off\" transparent_background=\"off\" allow_player_pause=\"off\" inner_shadow=\"off\" parallax=\"off\" parallax_method=\"off\" padding_mobile=\"on\" make_fullwidth=\"off\" use_custom_width=\"off\" width_unit=\"on\" make_equal=\"on\" use_custom_gutter=\"off\" background_color=\"#eef0f2\" custom_padding=\"|10px\"][et_pb_row admin_label=\"Zeile\"][et_pb_column type=\"4_4\"][et_pb_image admin_label=\"Bild\" src=\"https:\/\/www.ms-silicon.de\/ms-sil\/wp-content\/uploads\/2016\/01\/silicon-plattenware.jpg\" show_in_lightbox=\"off\" url_new_window=\"off\" animation=\"off\" sticky=\"off\" align=\"left\" force_fullwidth=\"off\" always_center_on_mobile=\"on\" use_border_color=\"off\" border_color=\"#ffffff\" border_style=\"solid\"]\r\n\r\n\u00a0\r\n\r\n[\/et_pb_image][\/et_pb_column][\/et_pb_row][\/et_pb_section][et_pb_section admin_label=\"Sektion\" fullwidth=\"off\" specialty=\"on\" transparent_background=\"off\" background_color=\"#eef0f2\" allow_player_pause=\"off\" inner_shadow=\"off\" parallax=\"off\" parallax_method=\"off\" padding_mobile=\"off\" make_fullwidth=\"off\" use_custom_width=\"off\" width_unit=\"on\" make_equal=\"off\" use_custom_gutter=\"off\"][et_pb_column type=\"1_4\"][\/et_pb_column][et_pb_column type=\"1_2\" specialty_columns=\"2\"][et_pb_row_inner admin_label=\"Zeile\" padding_mobile=\"off\" use_custom_gutter=\"on\" column_padding_mobile=\"on\" make_equal=\"off\"][et_pb_column_inner type=\"4_4\" saved_specialty_column_type=\"1_2\"][et_pb_text admin_label=\"Text\" background_layout=\"light\" text_orientation=\"left\" use_border_color=\"off\" border_color=\"#ffffff\" border_style=\"solid\"]\r\n<h1>Silicon Plattenware<\/h1>\r\n\u00a0\r\n<h4 class=\"copytext\"><span class=\"h1\">Silicon-Platten aus FLEXCOMP<sup>\u00ae<\/sup> Hochleistungselastomere<\/span><\/h4>\r\nM+S\u00a0Silicon produziert Plattenware aus Silicon-Vollmaterial. Unsere Platten sind so vielf\u00e4ltig wie das Rohmaterial Silicon und in allen H\u00e4rten und Farben, mit zahlreichen Eigenschaften und in unterschiedlichen St\u00e4rken erh\u00e4ltlich.\r\n\r\n\u00a0\r\n<h5 class=\"subline\"><strong>Die Eigenschaften:<\/strong><\/h5>\r\n<ul id=\"liste\">\r\n\t<li>Temperaturbereich -110 bis +300\u00b0C<\/li>\r\n\t<li>H\u00e4rten 30 bis 80 Shore<sup>\u00ae<\/sup>A<\/li>\r\n\t<li>Platin- oder peroxidvernetzt<\/li>\r\n\t<li>Elektrisch isolierend oder leitf\u00e4hig<\/li>\r\n\t<li>mit oder ohne Gewebeeinlage<\/li>\r\n\t<li>Brandschutzqualit\u00e4ten<\/li>\r\n\t<li>verschiedene Oberfl\u00e4chen<\/li>\r\n\t<li>Alle Farben, auch Metall- oder Leuchteffekte<\/li>\r\n<\/ul>\r\n<h5><strong>Die Anwendungen:<\/strong><\/h5>\r\n<ul>\r\n\t<li>Industrielle Instandhaltung<\/li>\r\n\t<li>Maschinenbauindustrie<\/li>\r\n\t<li>Dichtungsplatten<\/li>\r\n\t<li>Stanzteile + diverse Zuschnitte<\/li>\r\n<\/ul>\r\n\u00a0\r\n<h4 class=\"copytext\"><span class=\"h1\">Silicon-Schaum-Platten aus FLEXCOMP<sup>\u00ae<\/sup> Hochleistungselastomere<\/span><\/h4>\r\n<a href=\"https:\/\/www.ms-silicon.de\/ms-sil\/wp-content\/uploads\/2016\/01\/schaumplatten.png\"><img class=\"alignnone wp-image-1185 size-medium\" src=\"https:\/\/www.ms-silicon.de\/ms-sil\/wp-content\/uploads\/2016\/01\/schaumplatten-300x190.png\" alt=\"schaumplatten\" width=\"300\" height=\"190\" \/><\/a>\r\n\r\nNeu im Programm ist unsere Plattenware aus Silicon-Schaum.\r\n\r\n\u00a0\r\n<h5 class=\"subline\"><strong>Die Eigenschaften:<\/strong><\/h5>\r\n<ul id=\"liste\">\r\n\t<li>Temperaturbereich -110 bis +300\u00b0C<\/li>\r\n\t<li>Platin- oder peroxidvernetzt<\/li>\r\n\t<li>Elektrisch isolierend oder leitf\u00e4hig<\/li>\r\n\t<li>Brandschutzqualit\u00e4ten<\/li>\r\n\t<li>Farbe: wei\u00df<\/li>\r\n\t<li>Breite: 1.000 mm<\/li>\r\n\t<li>L\u00e4nge: 10 m<\/li>\r\n\t<li>Dichte: 0,35 \u00b1 1 g\/ccm<\/li>\r\n\t<li>Oberfl\u00e4che: leicht gepr\u00e4gt<\/li>\r\n\t<li>St\u00e4rken: 2,00 bis 10,00 mm<\/li>\r\n<\/ul>\r\nWeitere St\u00e4rken und Qualit\u00e4ten auf Anfrage.\r\n\r\n\u00a0\r\n<h5><strong>Die Anwendungen:<\/strong><\/h5>\r\n<ul>\r\n\t<li>Industrielle Instandhaltung<\/li>\r\n\t<li>Maschinenbauindustrie<\/li>\r\n\t<li>Dichtungsplatten<\/li>\r\n\t<li>Stanzteile + diverse Zuschnitte<\/li>\r\n<\/ul>\r\n[\/et_pb_text][\/et_pb_column_inner][\/et_pb_row_inner][\/et_pb_column][et_pb_column type=\"1_4\"][et_pb_text admin_label=\"Text\" background_layout=\"light\" text_orientation=\"left\" use_border_color=\"off\" border_color=\"#ffffff\" border_style=\"solid\"]\r\n\r\n<hr \/>\r\n\r\n<strong><a href=\"https:\/\/www.ms-silicon.de\/ms-sil\/?page_id=1535\">Hier ist der direkte Link zu Ihrem M+S Silicon Team<\/a>\r\n<\/strong>\r\n\r\n[\/et_pb_text][et_pb_image admin_label=\"Bild\" show_in_lightbox=\"off\" url_new_window=\"off\" animation=\"off\" sticky=\"off\" align=\"left\" force_fullwidth=\"off\" always_center_on_mobile=\"off\" use_border_color=\"off\" border_color=\"#ffffff\" border_style=\"solid\" src=\"https:\/\/www.ms-silicon.de\/ms-sil\/wp-content\/uploads\/2015\/11\/new-MS-SIL-Logo.png\" url=\"https:\/\/www.ms-silicon.de\/ms-sil\/?page_id=1535\"]\r\n\r\n\u00a0\r\n\r\n[\/et_pb_image][et_pb_text admin_label=\"Text\" background_layout=\"light\" text_orientation=\"left\" use_border_color=\"off\" border_color=\"#ffffff\" border_style=\"solid\"]\r\n\r\nM+S Silicon GmbH & Co. KG\r\nHann\u00f6versche Str. 28\r\n44143 Dortmund\r\n\r\n[\/et_pb_text][\/et_pb_column][\/et_pb_section]","_et_gb_content_width":"","footnotes":""},"dipi_cpt_category":[],"class_list":["post-3251","page","type-page","status-publish","hentry"],"_links":{"self":[{"href":"https:\/\/www.ms-silicon.de\/ms-sil\/en\/wp-json\/wp\/v2\/pages\/3251","targetHints":{"allow":["GET"]}}],"collection":[{"href":"https:\/\/www.ms-silicon.de\/ms-sil\/en\/wp-json\/wp\/v2\/pages"}],"about":[{"href":"https:\/\/www.ms-silicon.de\/ms-sil\/en\/wp-json\/wp\/v2\/types\/page"}],"author":[{"embeddable":true,"href":"https:\/\/www.ms-silicon.de\/ms-sil\/en\/wp-json\/wp\/v2\/users\/1"}],"replies":[{"embeddable":true,"href":"https:\/\/www.ms-silicon.de\/ms-sil\/en\/wp-json\/wp\/v2\/comments?post=3251"}],"version-history":[{"count":8,"href":"https:\/\/www.ms-silicon.de\/ms-sil\/en\/wp-json\/wp\/v2\/pages\/3251\/revisions"}],"predecessor-version":[{"id":3544,"href":"https:\/\/www.ms-silicon.de\/ms-sil\/en\/wp-json\/wp\/v2\/pages\/3251\/revisions\/3544"}],"wp:attachment":[{"href":"https:\/\/www.ms-silicon.de\/ms-sil\/en\/wp-json\/wp\/v2\/media?parent=3251"}],"wp:term":[{"taxonomy":"dipi_cpt_category","embeddable":true,"href":"https:\/\/www.ms-silicon.de\/ms-sil\/en\/wp-json\/wp\/v2\/dipi_cpt_category?post=3251"}],"curies":[{"name":"wp","href":"https:\/\/api.w.org\/{rel}","templated":true}]}}