{"id":3258,"date":"2016-08-10T16:06:22","date_gmt":"2016-08-10T14:06:22","guid":{"rendered":"http:\/\/www.ms-silicon.de\/ms-sil\/en\/?page_id=3258"},"modified":"2016-08-11T16:02:02","modified_gmt":"2016-08-11T14:02:02","slug":"flexcomp-silicone-compounds","status":"publish","type":"page","link":"https:\/\/www.ms-silicon.de\/ms-sil\/en\/flexcomp-silicone-compounds\/","title":{"rendered":"Silicone compounds"},"content":{"rendered":"<p>[et_pb_section admin_label=&#8221;Sektion&#8221; fullwidth=&#8221;off&#8221; specialty=&#8221;off&#8221; transparent_background=&#8221;off&#8221; allow_player_pause=&#8221;off&#8221; inner_shadow=&#8221;off&#8221; parallax=&#8221;off&#8221; parallax_method=&#8221;off&#8221; padding_mobile=&#8221;off&#8221; make_fullwidth=&#8221;off&#8221; use_custom_width=&#8221;off&#8221; width_unit=&#8221;on&#8221; make_equal=&#8221;on&#8221; use_custom_gutter=&#8221;off&#8221; background_color=&#8221;#eef0f2&#8243; custom_padding=&#8221;|10px&#8221;][et_pb_row admin_label=&#8221;Zeile&#8221;][et_pb_column type=&#8221;4_4&#8243;][et_pb_image admin_label=&#8221;Bild&#8221; src=&#8221;http:\/\/www.ms-silicon.de\/ms-sil\/wp-content\/uploads\/2016\/01\/silicon-compounds1.jpg&#8221; show_in_lightbox=&#8221;off&#8221; url_new_window=&#8221;off&#8221; animation=&#8221;off&#8221; sticky=&#8221;off&#8221; align=&#8221;left&#8221; force_fullwidth=&#8221;off&#8221; always_center_on_mobile=&#8221;on&#8221; use_border_color=&#8221;off&#8221; border_color=&#8221;#ffffff&#8221; border_style=&#8221;solid&#8221; alt=&#8221;Silicone compounds&#8221; use_overlay=&#8221;off&#8221;]<\/p>\n<p>[\/et_pb_image][\/et_pb_column][\/et_pb_row][\/et_pb_section][et_pb_section admin_label=&#8221;Sektion&#8221; fullwidth=&#8221;off&#8221; specialty=&#8221;on&#8221; transparent_background=&#8221;off&#8221; background_color=&#8221;#eef0f2&#8243; allow_player_pause=&#8221;off&#8221; inner_shadow=&#8221;off&#8221; parallax=&#8221;off&#8221; parallax_method=&#8221;off&#8221; padding_mobile=&#8221;off&#8221; make_fullwidth=&#8221;off&#8221; use_custom_width=&#8221;off&#8221; width_unit=&#8221;on&#8221; make_equal=&#8221;off&#8221; use_custom_gutter=&#8221;off&#8221;][et_pb_column type=&#8221;1_4&#8243;][\/et_pb_column][et_pb_column type=&#8221;1_2&#8243; specialty_columns=&#8221;2&#8243;][et_pb_row_inner admin_label=&#8221;Zeile&#8221; padding_mobile=&#8221;off&#8221; use_custom_gutter=&#8221;on&#8221; column_padding_mobile=&#8221;on&#8221; make_equal=&#8221;off&#8221;][et_pb_column_inner type=&#8221;4_4&#8243; saved_specialty_column_type=&#8221;1_2&#8243;][et_pb_text admin_label=&#8221;Text&#8221; background_layout=&#8221;light&#8221; text_orientation=&#8221;left&#8221; use_border_color=&#8221;off&#8221; border_color=&#8221;#ffffff&#8221; border_style=&#8221;solid&#8221;]<\/p>\n<h1>SILICONE COMPOUNDS<\/h1>\n<p>&nbsp;<\/p>\n<p>Silicone rubber is currently one of the most innovative elastomers and has outstanding properties. A typical feature of this elastomer is its thermal stability across a wide temperature range. The effects on the mechanical properties of the silicone within this range are only minor. This is one of the reasons why silicone is extremely versatile like almost no other material.<\/p>\n<p><strong>FLEXCOMP&reg;<\/strong>&nbsp;is our registered trade mark for innovative elastomer compounds. We develop and compound individual, customised high-performance silicone. Our materials expertise combined with in person advice is one of our distinguishing features.<\/p>\n<p>&nbsp;<\/p>\n<p>&nbsp;<\/p>\n<h5><strong>Properties:<\/strong><\/h5>\n<ul>\n<li>High thermal resistance (up to 200\u00b0C)<\/li>\n<li>Excellent flexibility at low temperatures (up to -50\u00b0C)<\/li>\n<li>Natural resistance to chemicals, high-energy radiation and weather\/environmental impacts<\/li>\n<li>Hydrophobic surfaces<\/li>\n<li>High transparency<\/li>\n<li>Targeted effect on mechanical properties<\/li>\n<li>Highly flame retardant<\/li>\n<li>Non toxic combustion products in the event of fire<\/li>\n<\/ul>\n<p>&nbsp;<\/p>\n<h5><strong>Applications:<\/strong><\/h5>\n<ul>\n<li>Cable protection<\/li>\n<li>Profiles and seals (rail vehicles, consumer area)<\/li>\n<li>Sleeves<\/li>\n<li>Fitness and sport applications<\/li>\n<li>Medical and pharmaceutical technology<\/li>\n<li>Roller sheets<\/li>\n<li>Membranes<\/li>\n<li>Bellows<\/li>\n<\/ul>\n<p>&nbsp;<\/p>\n<p>[\/et_pb_text][et_pb_cta admin_label=&#8221;Handlungsaufruf&#8221; title=&#8221;Product overview EN&#8221; button_url=&#8221;http:\/\/www.flexcomp.eu\/en\/flexcomp-products.htm&#8221; url_new_window=&#8221;on&#8221; button_text=&#8221; Link (flexcomp.eu)&#8221; use_background_color=&#8221;on&#8221; background_color=&#8221;#f02081&#8243; background_layout=&#8221;dark&#8221; text_orientation=&#8221;left&#8221; use_border_color=&#8221;off&#8221; border_color=&#8221;#ffffff&#8221; border_style=&#8221;solid&#8221; custom_button=&#8221;off&#8221; button_letter_spacing=&#8221;0&#8243; button_use_icon=&#8221;default&#8221; button_icon_placement=&#8221;right&#8221; button_on_hover=&#8221;on&#8221; button_letter_spacing_hover=&#8221;0&#8243;]<\/p>\n<h5><strong>To the FLEXCOMP<sup>\u00ae<\/sup> product overview<br \/>\n<\/strong><\/h5>\n<p>[\/et_pb_cta][\/et_pb_column_inner][\/et_pb_row_inner][\/et_pb_column][et_pb_column type=&#8221;1_4&#8243;][et_pb_text admin_label=&#8221;Text&#8221; background_layout=&#8221;light&#8221; text_orientation=&#8221;left&#8221; use_border_color=&#8221;off&#8221; border_color=&#8221;#ffffff&#8221; border_style=&#8221;solid&#8221;]<\/p>\n<hr \/>\n<p><strong><a href=\"http:\/\/www.flexcomp.eu\/en\/\" target=\"_blank\">Advice and contacts can be found on our FLEXCOMP&reg; website<\/a><br \/>\n<\/strong><\/p>\n<p>[\/et_pb_text][et_pb_image admin_label=&#8221;Bild&#8221; show_in_lightbox=&#8221;off&#8221; url_new_window=&#8221;on&#8221; animation=&#8221;off&#8221; sticky=&#8221;off&#8221; align=&#8221;left&#8221; force_fullwidth=&#8221;off&#8221; always_center_on_mobile=&#8221;off&#8221; use_border_color=&#8221;off&#8221; border_color=&#8221;#ffffff&#8221; border_style=&#8221;solid&#8221; src=&#8221;http:\/\/www.ms-silicon.de\/ms-sil\/wp-content\/uploads\/2016\/01\/flexcomp-logo-200.png&#8221; url=&#8221;http:\/\/www.flexcomp.eu\/en\/&#8221; use_overlay=&#8221;off&#8221;]<\/p>\n<p>[\/et_pb_image][\/et_pb_column][\/et_pb_section]<\/p>\n","protected":false},"excerpt":{"rendered":"<p>SILICONE COMPOUNDS &nbsp; Silicone rubber is currently one of the most innovative elastomers and has outstanding properties. A typical feature of this elastomer is its thermal stability across a wide temperature range. The effects on the mechanical properties of the silicone within this range are only minor. This is one of the reasons why silicone [&hellip;]<\/p>\n","protected":false},"author":1,"featured_media":0,"parent":0,"menu_order":0,"comment_status":"closed","ping_status":"closed","template":"","meta":{"_et_pb_use_builder":"on","_et_pb_old_content":"[et_pb_section admin_label=\"Sektion\" fullwidth=\"off\" specialty=\"off\" transparent_background=\"off\" allow_player_pause=\"off\" inner_shadow=\"off\" parallax=\"off\" parallax_method=\"off\" padding_mobile=\"off\" make_fullwidth=\"off\" use_custom_width=\"off\" width_unit=\"on\" make_equal=\"on\" use_custom_gutter=\"off\" background_color=\"#eef0f2\" custom_padding=\"|10px\"][et_pb_row admin_label=\"Zeile\"][et_pb_column type=\"4_4\"][et_pb_image admin_label=\"Bild\" src=\"https:\/\/www.ms-silicon.de\/ms-sil\/wp-content\/uploads\/2016\/01\/silicon-compounds1.jpg\" show_in_lightbox=\"off\" url_new_window=\"off\" animation=\"off\" sticky=\"off\" align=\"left\" force_fullwidth=\"off\" always_center_on_mobile=\"on\" use_border_color=\"off\" border_color=\"#ffffff\" border_style=\"solid\"]\r\n[\/et_pb_image][\/et_pb_column][\/et_pb_row][\/et_pb_section][et_pb_section admin_label=\"Sektion\" fullwidth=\"off\" specialty=\"on\" transparent_background=\"off\" background_color=\"#eef0f2\" allow_player_pause=\"off\" inner_shadow=\"off\" parallax=\"off\" parallax_method=\"off\" padding_mobile=\"off\" make_fullwidth=\"off\" use_custom_width=\"off\" width_unit=\"on\" make_equal=\"off\" use_custom_gutter=\"off\"][et_pb_column type=\"1_4\"][\/et_pb_column][et_pb_column type=\"1_2\" specialty_columns=\"2\"][et_pb_row_inner admin_label=\"Zeile\" padding_mobile=\"off\" use_custom_gutter=\"on\" column_padding_mobile=\"on\" make_equal=\"off\"][et_pb_column_inner type=\"4_4\" saved_specialty_column_type=\"1_2\"][et_pb_text admin_label=\"Text\" background_layout=\"light\" text_orientation=\"left\" use_border_color=\"off\" border_color=\"#ffffff\" border_style=\"solid\"]\r\n<h1>Silicon Compounds<\/h1>\r\n\u00a0\r\n\r\nSiliconkautschuk ist eines der innovativsten Elastomere der heutigen Zeit und weist hervorragende Eigenschaften auf. Ein typisches Merkmal dieses Elastomers ist die thermische Stabilit\u00e4t \u00fcber einen breiten Temperaturbereich. Innerhalb dieses Bereichs sind die Auswirkungen auf die mechanischen Eigenschaften des Silicons sehr gering. Einer der Faktoren, warum Silicon so vielseitig einsetzbar ist wie kaum ein anderer Werkstoff.\r\n\r\n<strong>FLEXCOMP<sup>\u00ae<\/sup><\/strong> ist unsere eingetragene Marke f\u00fcr innovative Elastomermischungen. Wir entwickeln und compoundieren individuelle, kundenspezifische Hochleistungssilicon. Materialkompetenz kombiniert mit individueller Beratung zeichnet uns aus.\r\n\r\n\u00a0\r\n<h5><strong>Die Eigenschaften:<\/strong><\/h5>\r\n<ul>\r\n\t<li>hohe thermische Best\u00e4ndigkeit (bis +200\u00b0C)<\/li>\r\n\t<li>ausgezeichnete K\u00e4lteflexibilit\u00e4t (bis - 50\u00b0C)<\/li>\r\n\t<li>nat\u00fcrliche Best\u00e4ndigkeit gegen\u00fcber Chemikalien, energiereicher Strahlung und Witterungen\/Umwelteinfl\u00fcssen<\/li>\r\n\t<li>hydrophobe Oberfl\u00e4chen<\/li>\r\n\t<li>hohe Transparenz<\/li>\r\n\t<li>gezielter Einfluss auf mechanische Eigenschaften<\/li>\r\n\t<li>sehr gute Flammwidrigkeit<\/li>\r\n\t<li>im Brandfall nicht-toxische Verbrennungsprodukte<\/li>\r\n<\/ul>\r\n<h5><strong>Die Anwendungen:<\/strong><\/h5>\r\n<ul>\r\n\t<li>Kabelschutz<\/li>\r\n\t<li>Profile und Dichtungen (Schienenfahrzeuge, Consumerbereich)<\/li>\r\n\t<li>Schl\u00e4uche<\/li>\r\n\t<li>Wellness- und Sportanwendungen<\/li>\r\n\t<li>Medizin- und Pharmatechnik<\/li>\r\n\t<li>Walzenbelege<\/li>\r\n\t<li>Membranen<\/li>\r\n\t<li>Faltenb\u00e4lge<\/li>\r\n<\/ul>\r\n\u00a0\r\n\r\n[\/et_pb_text][et_pb_cta admin_label=\"Handlungsaufruf\" title=\"Produkt\u00fcbersicht DE\" button_url=\"http:\/\/www.flexcomp.eu\/flexcomp-produkte-n.htm\" url_new_window=\"on\" button_text=\" Link (flexcomp.eu)\" use_background_color=\"on\" background_color=\"#f02081\" background_layout=\"dark\" text_orientation=\"left\" use_border_color=\"off\" border_color=\"#ffffff\" border_style=\"solid\" custom_button=\"off\" button_letter_spacing=\"0\" button_use_icon=\"default\" button_icon_placement=\"right\" button_on_hover=\"on\" button_letter_spacing_hover=\"0\"]\r\n<h5><strong>Hier finden Sie die FLEXCOMP<sup>\u00ae<\/sup> Produkt\u00fcbersicht<\/strong><\/h5>\r\n[\/et_pb_cta][et_pb_cta admin_label=\"Handlungsaufruf\" title=\"Product overview EN\" button_url=\"http:\/\/www.flexcomp.eu\/en\/flexcomp-products.htm\" url_new_window=\"on\" button_text=\" Link (flexcomp.eu)\" use_background_color=\"on\" background_color=\"#f02081\" background_layout=\"dark\" text_orientation=\"left\" use_border_color=\"off\" border_color=\"#ffffff\" border_style=\"solid\" custom_button=\"off\" button_letter_spacing=\"0\" button_use_icon=\"default\" button_icon_placement=\"right\" button_on_hover=\"on\" button_letter_spacing_hover=\"0\"]\r\n<h5><strong>To the FLEXCOMP<sup>\u00ae<\/sup> product overview\r\n<\/strong><\/h5>\r\n[\/et_pb_cta][\/et_pb_column_inner][\/et_pb_row_inner][\/et_pb_column][et_pb_column type=\"1_4\"][et_pb_text admin_label=\"Text\" background_layout=\"light\" text_orientation=\"left\" use_border_color=\"off\" border_color=\"#ffffff\" border_style=\"solid\"]\r\n\r\n<hr \/>\r\n\r\n<strong><a href=\"http:\/\/www.flexcomp.eu\" target=\"_blank\">Beratung und Ansprechpartner finden Sie auf unserer FLEXCOMP<sup>\u00ae<\/sup>-Website<\/a>\r\n<\/strong>\r\n\r\n[\/et_pb_text][et_pb_image admin_label=\"Bild\" show_in_lightbox=\"off\" url_new_window=\"on\" animation=\"off\" sticky=\"off\" align=\"left\" force_fullwidth=\"off\" always_center_on_mobile=\"off\" use_border_color=\"off\" border_color=\"#ffffff\" border_style=\"solid\" src=\"https:\/\/www.ms-silicon.de\/ms-sil\/wp-content\/uploads\/2016\/01\/flexcomp-logo-200.png\" url=\"http:\/\/www.flexcomp.eu\"]\r\n[\/et_pb_image][\/et_pb_column][\/et_pb_section]","_et_gb_content_width":"","footnotes":""},"dipi_cpt_category":[],"class_list":["post-3258","page","type-page","status-publish","hentry"],"_links":{"self":[{"href":"https:\/\/www.ms-silicon.de\/ms-sil\/en\/wp-json\/wp\/v2\/pages\/3258","targetHints":{"allow":["GET"]}}],"collection":[{"href":"https:\/\/www.ms-silicon.de\/ms-sil\/en\/wp-json\/wp\/v2\/pages"}],"about":[{"href":"https:\/\/www.ms-silicon.de\/ms-sil\/en\/wp-json\/wp\/v2\/types\/page"}],"author":[{"embeddable":true,"href":"https:\/\/www.ms-silicon.de\/ms-sil\/en\/wp-json\/wp\/v2\/users\/1"}],"replies":[{"embeddable":true,"href":"https:\/\/www.ms-silicon.de\/ms-sil\/en\/wp-json\/wp\/v2\/comments?post=3258"}],"version-history":[{"count":12,"href":"https:\/\/www.ms-silicon.de\/ms-sil\/en\/wp-json\/wp\/v2\/pages\/3258\/revisions"}],"predecessor-version":[{"id":3373,"href":"https:\/\/www.ms-silicon.de\/ms-sil\/en\/wp-json\/wp\/v2\/pages\/3258\/revisions\/3373"}],"wp:attachment":[{"href":"https:\/\/www.ms-silicon.de\/ms-sil\/en\/wp-json\/wp\/v2\/media?parent=3258"}],"wp:term":[{"taxonomy":"dipi_cpt_category","embeddable":true,"href":"https:\/\/www.ms-silicon.de\/ms-sil\/en\/wp-json\/wp\/v2\/dipi_cpt_category?post=3258"}],"curies":[{"name":"wp","href":"https:\/\/api.w.org\/{rel}","templated":true}]}}