{"id":3269,"date":"2016-08-10T16:46:36","date_gmt":"2016-08-10T14:46:36","guid":{"rendered":"http:\/\/www.ms-silicon.de\/ms-sil\/en\/?page_id=3269"},"modified":"2016-08-11T16:03:49","modified_gmt":"2016-08-11T14:03:49","slug":"stripwound-conduits","status":"publish","type":"page","link":"https:\/\/www.ms-silicon.de\/ms-sil\/en\/stripwound-conduits\/","title":{"rendered":"Stripwound conduits"},"content":{"rendered":"<p>[et_pb_section admin_label=&#8221;Sektion&#8221; fullwidth=&#8221;off&#8221; specialty=&#8221;off&#8221; transparent_background=&#8221;off&#8221; allow_player_pause=&#8221;off&#8221; inner_shadow=&#8221;off&#8221; parallax=&#8221;off&#8221; parallax_method=&#8221;off&#8221; padding_mobile=&#8221;off&#8221; make_fullwidth=&#8221;off&#8221; use_custom_width=&#8221;off&#8221; width_unit=&#8221;on&#8221; make_equal=&#8221;on&#8221; use_custom_gutter=&#8221;off&#8221; background_color=&#8221;#eef0f2&#8243; custom_padding=&#8221;|10px&#8221;][et_pb_row admin_label=&#8221;Zeile&#8221;][et_pb_column type=&#8221;4_4&#8243;][et_pb_image admin_label=&#8221;Bild&#8221; src=&#8221;http:\/\/www.ms-silicon.de\/ms-sil\/wp-content\/uploads\/2016\/08\/en-stripwound-conduits-1.jpg&#8221; show_in_lightbox=&#8221;off&#8221; url_new_window=&#8221;off&#8221; animation=&#8221;off&#8221; sticky=&#8221;off&#8221; align=&#8221;left&#8221; force_fullwidth=&#8221;off&#8221; always_center_on_mobile=&#8221;on&#8221; use_border_color=&#8221;off&#8221; border_color=&#8221;#ffffff&#8221; border_style=&#8221;solid&#8221; alt=&#8221;Stripwound conduits&#8221; use_overlay=&#8221;off&#8221;]<br \/>\n[\/et_pb_image][\/et_pb_column][\/et_pb_row][\/et_pb_section][et_pb_section admin_label=&#8221;Sektion&#8221; fullwidth=&#8221;off&#8221; specialty=&#8221;on&#8221; transparent_background=&#8221;off&#8221; background_color=&#8221;#eef0f2&#8243; allow_player_pause=&#8221;off&#8221; inner_shadow=&#8221;off&#8221; parallax=&#8221;off&#8221; parallax_method=&#8221;off&#8221; padding_mobile=&#8221;off&#8221; make_fullwidth=&#8221;off&#8221; use_custom_width=&#8221;off&#8221; width_unit=&#8221;on&#8221; make_equal=&#8221;off&#8221; use_custom_gutter=&#8221;off&#8221;][et_pb_column type=&#8221;1_4&#8243;][\/et_pb_column][et_pb_column type=&#8221;1_2&#8243; specialty_columns=&#8221;2&#8243;][et_pb_row_inner admin_label=&#8221;Zeile&#8221; padding_mobile=&#8221;off&#8221; use_custom_gutter=&#8221;on&#8221; column_padding_mobile=&#8221;on&#8221; make_equal=&#8221;off&#8221;][et_pb_column_inner type=&#8221;4_4&#8243; saved_specialty_column_type=&#8221;1_2&#8243;][et_pb_text admin_label=&#8221;Text&#8221; background_layout=&#8221;light&#8221; text_orientation=&#8221;left&#8221; use_border_color=&#8221;off&#8221; border_color=&#8221;#ffffff&#8221; border_style=&#8221;solid&#8221;]<\/p>\n<h1>STRIPWOUND CONDUITS<\/h1>\n<p>&nbsp;<\/p>\n<p>Stripwound conduits and special stripwound parts are unique handmade pieces. They are used in the international railway industry, vehicle and engine production, plant construction as well as defence technology.<\/p>\n<p>A conduit does not always have to be round. We produce various shapes, including square, oval and round. They are designed and produced in line with customer requirements. The fact that we produce silicone compounds onsite at our company means that we have the flexibility to adjust to individual requirements.<\/p>\n<p>&nbsp;<\/p>\n<h5><strong>Properties:<\/strong><\/h5>\n<ul>\n<li>Exceptional heat resistance<\/li>\n<li>Resistant to ageing, weather, ozone and UV<\/li>\n<li>Elastic at high and low temperatures<\/li>\n<li>Electrically insulating or conductive<\/li>\n<li>Good chemical resistance<\/li>\n<\/ul>\n<p>&nbsp;<\/p>\n<h5><strong>Applications:<\/strong><\/h5>\n<ul>\n<li>Air intake<\/li>\n<li>Turbo-charging<\/li>\n<li>Cooling water<\/li>\n<li>Water supply<\/li>\n<li>Drying<\/li>\n<li>Drainage<\/li>\n<li>Cooling<\/li>\n<\/ul>\n<p>[\/et_pb_text][\/et_pb_column_inner][\/et_pb_row_inner][\/et_pb_column][et_pb_column type=&#8221;1_4&#8243;][et_pb_text admin_label=&#8221;Text&#8221; background_layout=&#8221;light&#8221; text_orientation=&#8221;left&#8221; use_border_color=&#8221;off&#8221; border_color=&#8221;#ffffff&#8221; border_style=&#8221;solid&#8221;]<\/p>\n<hr \/>\n<p><strong><a href=\"http:\/\/www.ms-silicon.de\/ms-sil\/en\/team-ms-silicon\/\">Please click here to be directed to your M+S Silicon team<\/a><br \/>\n<\/strong><\/p>\n<p>[\/et_pb_text][et_pb_image admin_label=&#8221;Bild&#8221; show_in_lightbox=&#8221;off&#8221; url_new_window=&#8221;off&#8221; animation=&#8221;off&#8221; sticky=&#8221;off&#8221; align=&#8221;left&#8221; force_fullwidth=&#8221;off&#8221; always_center_on_mobile=&#8221;off&#8221; use_border_color=&#8221;off&#8221; border_color=&#8221;#ffffff&#8221; border_style=&#8221;solid&#8221; src=&#8221;http:\/\/www.ms-silicon.de\/ms-sil\/wp-content\/uploads\/2015\/11\/new-MS-SIL-Logo.png&#8221; url=&#8221;http:\/\/www.ms-silicon.de\/ms-sil\/en\/team-ms-silicon\/&#8221; use_overlay=&#8221;off&#8221;]<br \/>\n[\/et_pb_image][et_pb_text admin_label=&#8221;Text&#8221; background_layout=&#8221;light&#8221; text_orientation=&#8221;left&#8221; use_border_color=&#8221;off&#8221; border_color=&#8221;#ffffff&#8221; border_style=&#8221;solid&#8221;]<\/p>\n<p>M+S Silicon GmbH &amp; Co. KG<br \/>\nHann\u00f6versche Str. 28<br \/>\n44143 Dortmund<br \/>\nGermany<\/p>\n<p>[\/et_pb_text][\/et_pb_column][\/et_pb_section]<\/p>\n","protected":false},"excerpt":{"rendered":"<p>STRIPWOUND CONDUITS &nbsp; Stripwound conduits and special stripwound parts are unique handmade pieces. They are used in the international railway industry, vehicle and engine production, plant construction as well as defence technology. A conduit does not always have to be round. We produce various shapes, including square, oval and round. They are designed and produced [&hellip;]<\/p>\n","protected":false},"author":1,"featured_media":0,"parent":0,"menu_order":0,"comment_status":"closed","ping_status":"closed","template":"","meta":{"_et_pb_use_builder":"on","_et_pb_old_content":"[et_pb_section admin_label=\"Sektion\" fullwidth=\"off\" specialty=\"off\" transparent_background=\"off\" allow_player_pause=\"off\" inner_shadow=\"off\" parallax=\"off\" parallax_method=\"off\" padding_mobile=\"off\" make_fullwidth=\"off\" use_custom_width=\"off\" width_unit=\"on\" make_equal=\"on\" use_custom_gutter=\"off\" background_color=\"#eef0f2\" custom_padding=\"|10px\"][et_pb_row admin_label=\"Zeile\"][et_pb_column type=\"4_4\"][et_pb_image admin_label=\"Bild\" src=\"https:\/\/www.ms-silicon.de\/ms-sil\/wp-content\/uploads\/2016\/02\/wickelschlaeuche1.jpg\" show_in_lightbox=\"off\" url_new_window=\"off\" animation=\"off\" sticky=\"off\" align=\"left\" force_fullwidth=\"off\" always_center_on_mobile=\"on\" use_border_color=\"off\" border_color=\"#ffffff\" border_style=\"solid\"]\r\n[\/et_pb_image][\/et_pb_column][\/et_pb_row][\/et_pb_section][et_pb_section admin_label=\"Sektion\" fullwidth=\"off\" specialty=\"on\" transparent_background=\"off\" background_color=\"#eef0f2\" allow_player_pause=\"off\" inner_shadow=\"off\" parallax=\"off\" parallax_method=\"off\" padding_mobile=\"off\" make_fullwidth=\"off\" use_custom_width=\"off\" width_unit=\"on\" make_equal=\"off\" use_custom_gutter=\"off\"][et_pb_column type=\"1_4\"][\/et_pb_column][et_pb_column type=\"1_2\" specialty_columns=\"2\"][et_pb_row_inner admin_label=\"Zeile\" padding_mobile=\"off\" use_custom_gutter=\"on\" column_padding_mobile=\"on\" make_equal=\"off\"][et_pb_column_inner type=\"4_4\" saved_specialty_column_type=\"1_2\"][et_pb_text admin_label=\"Text\" background_layout=\"light\" text_orientation=\"left\" use_border_color=\"off\" border_color=\"#ffffff\" border_style=\"solid\"]\r\n<h1>Wickelschl\u00e4uche<\/h1>\r\n\u00a0\r\n\r\nWickelschl\u00e4uche und Wickelsonderteile sind handgefertigte Unikate. Sie werden in der internationalen Bahnindustrie, im Bereich der Fahrzeug- und Motorenherstellung oder im Anlagenbau sowie in der Wehrtechnik eingesetzt.\r\n\r\nDabei muss ein Schlauch nicht immer rund sein. Wir fertigen diverse Konturen, von eckig \u00fcber oval bis rund. Sie werden nach kundenspezifischen Anforderungen ausgelegt und gefertigt. Da wir die Siliconmischungen vor Ort in unserem Unternehmen produzieren, k\u00f6nnen wir flexibel auf individuelle Anforderungen reagieren.\r\n\r\n\u00a0\r\n\r\n\u00a0\r\n<h5><strong>Die Eigenschaften:<\/strong><\/h5>\r\n<ul>\r\n\t<li>Au\u00dferordentliche W\u00e4rmebest\u00e4ndigkeit<\/li>\r\n\t<li>Alterungs-, witterungs-, ozon- und UV-best\u00e4ndig<\/li>\r\n\t<li>Elastisch bei hohen und tiefen Temperaturen<\/li>\r\n\t<li>Elektrisch isolierend oder leitend<\/li>\r\n\t<li>gute Chemikalien Best\u00e4ndigkeit<\/li>\r\n<\/ul>\r\n\u00a0\r\n<h5><strong>Die Anwendungen:<\/strong><\/h5>\r\n<ul>\r\n\t<li>Luftansaugung<\/li>\r\n\t<li>Turboaufladung<\/li>\r\n\t<li>K\u00fchlwasser<\/li>\r\n\t<li>Wasserf\u00fchrung<\/li>\r\n\t<li>Trocknung<\/li>\r\n\t<li>Drainage<\/li>\r\n\t<li>K\u00fchlung<\/li>\r\n<\/ul>\r\n[\/et_pb_text][\/et_pb_column_inner][\/et_pb_row_inner][\/et_pb_column][et_pb_column type=\"1_4\"][et_pb_text admin_label=\"Text\" background_layout=\"light\" text_orientation=\"left\" use_border_color=\"off\" border_color=\"#ffffff\" border_style=\"solid\"]\r\n\r\n<hr \/>\r\n\r\n<strong><a href=\"https:\/\/www.ms-silicon.de\/ms-sil\/?page_id=1535\">Hier ist der direkte Link zu Ihrem M+S Silicon Team<\/a>\r\n<\/strong>\r\n\r\n[\/et_pb_text][et_pb_image admin_label=\"Bild\" show_in_lightbox=\"off\" url_new_window=\"off\" animation=\"off\" sticky=\"off\" align=\"left\" force_fullwidth=\"off\" always_center_on_mobile=\"off\" use_border_color=\"off\" border_color=\"#ffffff\" border_style=\"solid\" src=\"https:\/\/www.ms-silicon.de\/ms-sil\/wp-content\/uploads\/2015\/11\/new-MS-SIL-Logo.png\" url=\"https:\/\/www.ms-silicon.de\/ms-sil\/?page_id=1535\"]\r\n[\/et_pb_image][et_pb_text admin_label=\"Text\" background_layout=\"light\" text_orientation=\"left\" use_border_color=\"off\" border_color=\"#ffffff\" border_style=\"solid\"]\r\n\r\nM+S Silicon GmbH & Co. KG\r\nHann\u00f6versche Str. 28\r\n44143 Dortmund\r\n\r\n[\/et_pb_text][\/et_pb_column][\/et_pb_section]","_et_gb_content_width":"","footnotes":""},"dipi_cpt_category":[],"class_list":["post-3269","page","type-page","status-publish","hentry"],"_links":{"self":[{"href":"https:\/\/www.ms-silicon.de\/ms-sil\/en\/wp-json\/wp\/v2\/pages\/3269","targetHints":{"allow":["GET"]}}],"collection":[{"href":"https:\/\/www.ms-silicon.de\/ms-sil\/en\/wp-json\/wp\/v2\/pages"}],"about":[{"href":"https:\/\/www.ms-silicon.de\/ms-sil\/en\/wp-json\/wp\/v2\/types\/page"}],"author":[{"embeddable":true,"href":"https:\/\/www.ms-silicon.de\/ms-sil\/en\/wp-json\/wp\/v2\/users\/1"}],"replies":[{"embeddable":true,"href":"https:\/\/www.ms-silicon.de\/ms-sil\/en\/wp-json\/wp\/v2\/comments?post=3269"}],"version-history":[{"count":5,"href":"https:\/\/www.ms-silicon.de\/ms-sil\/en\/wp-json\/wp\/v2\/pages\/3269\/revisions"}],"predecessor-version":[{"id":3374,"href":"https:\/\/www.ms-silicon.de\/ms-sil\/en\/wp-json\/wp\/v2\/pages\/3269\/revisions\/3374"}],"wp:attachment":[{"href":"https:\/\/www.ms-silicon.de\/ms-sil\/en\/wp-json\/wp\/v2\/media?parent=3269"}],"wp:term":[{"taxonomy":"dipi_cpt_category","embeddable":true,"href":"https:\/\/www.ms-silicon.de\/ms-sil\/en\/wp-json\/wp\/v2\/dipi_cpt_category?post=3269"}],"curies":[{"name":"wp","href":"https:\/\/api.w.org\/{rel}","templated":true}]}}