{"id":1034,"date":"2016-01-14T16:21:51","date_gmt":"2016-01-14T15:21:51","guid":{"rendered":"http:\/\/www.ms-silicon.de\/ms-sil\/?page_id=1034"},"modified":"2026-04-15T11:41:16","modified_gmt":"2026-04-15T09:41:16","slug":"elektroindustrie","status":"publish","type":"page","link":"https:\/\/www.ms-silicon.de\/ms-sil\/elektroindustrie\/","title":{"rendered":"ELEKTROINDUSTRIE"},"content":{"rendered":"<p>[et_pb_section fb_built=&#8220;1&#8243; specialty=&#8220;on&#8220; custom_padding_last_edited=&#8220;on|desktop&#8220; admin_label=&#8220;Sektion&#8220; _builder_version=&#8220;4.16&#8243; background_color=&#8220;#eef0f2&#8243; custom_padding_tablet=&#8220;50px|0|50px|0&#8243; transparent_background=&#8220;off&#8220; padding_mobile=&#8220;off&#8220; make_fullwidth=&#8220;off&#8220; use_custom_width=&#8220;off&#8220; width_unit=&#8220;on&#8220; global_colors_info=&#8220;{}&#8220; custom_padding_phone=&#8220;50px|0|50px|0&#8243;][et_pb_column type=&#8220;1_4&#8243; _builder_version=&#8220;4.16&#8243; custom_padding=&#8220;|||&#8220; global_colors_info=&#8220;{}&#8220; custom_padding__hover=&#8220;|||&#8220;][et_pb_image src=&#8220;https:\/\/www.ms-silicon.de\/ms-sil\/wp-content\/uploads\/2016\/01\/application-elektro-sh.png&#8220; align_tablet=&#8220;center&#8220; align_last_edited=&#8220;on|desktop&#8220; admin_label=&#8220;Bild&#8220; _builder_version=&#8220;4.16&#8243; animation=&#8220;off&#8220; sticky=&#8220;off&#8220; use_border_color=&#8220;off&#8220; border_color=&#8220;#ffffff&#8220; border_style=&#8220;solid&#8220; always_center_on_mobile=&#8220;on&#8220; global_colors_info=&#8220;{}&#8220; align_phone=&#8220;center&#8220;][\/et_pb_image][\/et_pb_column][et_pb_column type=&#8220;1_2&#8243; specialty_columns=&#8220;2&#8243; _builder_version=&#8220;4.16&#8243; custom_padding=&#8220;|||&#8220; global_colors_info=&#8220;{}&#8220; custom_padding__hover=&#8220;|||&#8220;][et_pb_row_inner padding_mobile=&#8220;off&#8220; use_custom_gutter=&#8220;on&#8220; column_padding_mobile=&#8220;on&#8220; admin_label=&#8220;Zeile&#8220; _builder_version=&#8220;4.16&#8243; global_colors_info=&#8220;{}&#8220;][et_pb_column_inner saved_specialty_column_type=&#8220;1_2&#8243; _builder_version=&#8220;4.16&#8243; custom_padding=&#8220;|||&#8220; global_colors_info=&#8220;{}&#8220; custom_padding__hover=&#8220;|||&#8220;][et_pb_text admin_label=&#8220;Text&#8220; _builder_version=&#8220;4.16&#8243; background_size=&#8220;initial&#8220; background_position=&#8220;top_left&#8220; background_repeat=&#8220;repeat&#8220; use_border_color=&#8220;off&#8220; border_color=&#8220;#ffffff&#8220; border_style=&#8220;solid&#8220; global_colors_info=&#8220;{}&#8220;]<\/p>\n<h1>Elektroindustrie<\/h1>\n<p>&nbsp;<\/p>\n<h3>Isolierschl\u00e4uche und Bauteile f\u00fcr hochmoderne Anwendungen<\/h3>\n<p>F\u00fcr die Motorenwicklungen fertigt M+S Damerius gewebehaltige Isolierschl\u00e4uche. Die Komponenten zeichnen sich durch hohe Abriebfestigkeit und eine starke mechanische Belastbarkeit aus. M+S Silicon liefert nach Kundenwunsch Kupferlitzen, die mit Silicon beschichtet werden.<\/p>\n<p>&nbsp;<\/p>\n<h3>Silicon in elektrischen Anwendungen<\/h3>\n<p>Innovative Produkte von M+S Silicon Formteile werden in immer mehr elektrischen Anwendungen eingesetzt. Neuartige Materialien erm\u00f6glichen beispielsweise die Fertigung hochtransparenter Bauteile. Auch der Verbindung von Kunststoffen und Siliconen sind keine Grenzen mehr gesetzt. Um eine gute Isolation zu erm\u00f6glichen, bietet M+S Silicon Formteile 2K-Bauteile in h\u00f6chster Pr\u00e4zision. Damit ist eine perfekte Dichtungsfunktion gew\u00e4hrleistet.<\/p>\n<p>Au\u00dfenleuchten sind oftmals erschwerten Umweltbedingungen wie u. a. Feuchte, D\u00e4mpfe, Staub und Wasser unterlegen und erfordern besondere Dichtungskonzepte, die in so genannte IP Codes eingeteilt werden. Die M+S Silicon entwickelt aufgrund ihrer langj\u00e4hrigen Erfahrung Ihre Wunschdichtung, die den International Protection Codes entspricht.<\/p>\n<p>&nbsp;<\/p>\n<p>&nbsp;<\/p>\n<h5><strong>Beispiele f\u00fcr Anwendungen:<br \/>\n<\/strong><\/h5>\n<ul>\n<li>Windkraft<\/li>\n<li>Elektromotoren<\/li>\n<li>Generatoren<\/li>\n<li>Transformatoren<\/li>\n<li>Wechselrichter<\/li>\n<li>Fenster<\/li>\n<li>Klimaanlagen<\/li>\n<li>T\u00fcren<\/li>\n<li>Heizungen und L\u00fcftungen<\/li>\n<li>Einzeladerabdichtungen<\/li>\n<li>Radialdichtungen<\/li>\n<li>Steckerdichtungen<\/li>\n<li>Dielektrische Abschirmungen<\/li>\n<li>Leuchten<\/li>\n<\/ul>\n<p>[\/et_pb_text][et_pb_text admin_label=&#8220;Text&#8220; _builder_version=&#8220;4.16&#8243; background_size=&#8220;initial&#8220; background_position=&#8220;top_left&#8220; background_repeat=&#8220;repeat&#8220; use_border_color=&#8220;off&#8220; border_color=&#8220;#ffffff&#8220; border_style=&#8220;solid&#8220; global_colors_info=&#8220;{}&#8220;]<\/p>\n<hr \/>\n<h5>IHRE ANSPRECHPARTNER F\u00dcR DEN BEREICH ELEKTROINDUSTRIE:<\/h5>\n<p>[\/et_pb_text][\/et_pb_column_inner][\/et_pb_row_inner][et_pb_row_inner admin_label=&#8220;Zeile&#8220; _builder_version=&#8220;4.16&#8243; global_colors_info=&#8220;{}&#8220; column_structure=&#8220;1_2,1_2&#8243;][et_pb_column_inner type=&#8220;1_2&#8243; saved_specialty_column_type=&#8220;1_2&#8243; _builder_version=&#8220;4.16&#8243; custom_padding=&#8220;|||&#8220; global_colors_info=&#8220;{}&#8220; custom_padding__hover=&#8220;|||&#8220;][et_pb_team_member name=&#8220;Anton Schmid&#8220; position=&#8220;Vertriebsleiter&#8220; image_url=&#8220;https:\/\/www.ms-silicon.de\/ms-sil\/wp-content\/uploads\/2016\/02\/ms-dam-anschmi.jpg&#8220; admin_label=&#8220;Person&#8220; _builder_version=&#8220;4.17.3&#8243; border_radii_image=&#8220;on|10px|10px|10px|10px&#8220; box_shadow_style_image=&#8220;preset3&#8243; use_border_color=&#8220;off&#8220; border_color=&#8220;#ffffff&#8220; border_style=&#8220;solid&#8220; locked=&#8220;off&#8220; global_colors_info=&#8220;{}&#8220; transform_styles__hover_enabled=&#8220;on|hover&#8220; filter_sepia__hover_enabled=&#8220;on|desktop&#8220; filter_sepia__hover=&#8220;0%&#8220; filter_saturate__hover_enabled=&#8220;on|hover&#8220; filter_saturate__hover=&#8220;100%&#8220; transform_scale__hover=&#8220;105%|105%&#8220; transform_scale__hover_enabled=&#8220;on|hover&#8220;]<\/p>\n<p>T\u00a0 +49(0)8252-91001-13<br \/><a href=\"mailto:antonschmid@ms-damerius.de\">E-Mail Kontakt<\/a><\/p>\n<p>[\/et_pb_team_member][\/et_pb_column_inner][et_pb_column_inner type=&#8220;1_2&#8243; saved_specialty_column_type=&#8220;1_2&#8243; _builder_version=&#8220;4.16&#8243; custom_padding=&#8220;|||&#8220; global_colors_info=&#8220;{}&#8220; custom_padding__hover=&#8220;|||&#8220;][et_pb_team_member name=&#8220;Lasse Janssen&#8220; position=&#8220;Vertriebsleitung&#8220; image_url=&#8220;https:\/\/www.ms-silicon.de\/ms-sil\/wp-content\/uploads\/2016\/08\/ms-sil-lajanss.jpg&#8220; admin_label=&#8220;Person&#8220; _builder_version=&#8220;4.16&#8243; _module_preset=&#8220;bcbec07b-0d67-4abd-b4ce-9cb8c480b048&#8243; border_radii_image=&#8220;on|10px|10px|10px|10px&#8220; use_border_color=&#8220;off&#8220; border_color=&#8220;#ffffff&#8220; border_style=&#8220;solid&#8220; global_colors_info=&#8220;{}&#8220; locked=&#8220;off&#8220;]<\/p>\n<p>T\u00a0 +49(0)231-967890-22<br \/><a href=\"mailto:lassejanssen@ms-silicon.de\">E-Mail Kontakt<\/a><\/p>\n<p>[\/et_pb_team_member][\/et_pb_column_inner][\/et_pb_row_inner][et_pb_row_inner _builder_version=&#8220;4.27.4&#8243; _module_preset=&#8220;default&#8220; column_structure=&#8220;1_2,1_2&#8243;][et_pb_column_inner saved_specialty_column_type=&#8220;1_2&#8243; _builder_version=&#8220;4.27.4&#8243; _module_preset=&#8220;default&#8220; type=&#8220;1_2&#8243;][et_pb_team_member name=&#8220;Alexander Hupfeld&#8220; position=&#8220;Standortleitung \/ Vertriebsleitung&#8220; image_url=&#8220;https:\/\/www.ms-silicon.de\/ms-sil\/wp-content\/uploads\/2026\/03\/DB_MS_260128_221_INET.jpg&#8220; _builder_version=&#8220;4.27.4&#8243; _module_preset=&#8220;bcbec07b-0d67-4abd-b4ce-9cb8c480b048&#8243; border_radii_image=&#8220;on|10px|10px|10px|10px&#8220; global_colors_info=&#8220;{}&#8220; locked=&#8220;off&#8220;]<\/p>\n<p>T +49(0)2574-939542-72<br \/><a href=\"mailto:alexanderhupfeld@ms-formteile.de\">E-Mail Kontakt<\/a><\/p>\n<p>[\/et_pb_team_member][\/et_pb_column_inner][et_pb_column_inner saved_specialty_column_type=&#8220;1_2&#8243; _builder_version=&#8220;4.27.4&#8243; _module_preset=&#8220;default&#8220; type=&#8220;1_2&#8243;][\/et_pb_column_inner][\/et_pb_row_inner][\/et_pb_column][et_pb_column type=&#8220;1_4&#8243; _builder_version=&#8220;4.16&#8243; custom_padding=&#8220;|||&#8220; global_colors_info=&#8220;{}&#8220; custom_padding__hover=&#8220;|||&#8220;][et_pb_cta button_url=&#8220;https:\/\/www.ms-silicon.de\/epaper\/ms-formteile-elektroindustrie\/&#8220; url_new_window=&#8220;on&#8220; button_text=&#8220;ansehen&#8220; admin_label=&#8220;Handlungsaufruf&#8220; module_class=&#8220;et-zoom-in&#8220; _builder_version=&#8220;4.16&#8243; header_font_size=&#8220;18&#8243; use_background_color=&#8220;off&#8220; background_size=&#8220;initial&#8220; background_position=&#8220;top_left&#8220; background_repeat=&#8220;repeat&#8220; text_orientation=&#8220;left&#8220; background_layout=&#8220;light&#8220; use_border_color=&#8220;off&#8220; border_color=&#8220;#ffffff&#8220; border_style=&#8220;solid&#8220; button_letter_spacing_hover=&#8220;0&#8243; global_colors_info=&#8220;{}&#8220; button_text_size__hover_enabled=&#8220;off&#8220; button_one_text_size__hover_enabled=&#8220;off&#8220; button_two_text_size__hover_enabled=&#8220;off&#8220; button_text_color__hover_enabled=&#8220;off&#8220; button_one_text_color__hover_enabled=&#8220;off&#8220; button_two_text_color__hover_enabled=&#8220;off&#8220; button_border_width__hover_enabled=&#8220;off&#8220; button_one_border_width__hover_enabled=&#8220;off&#8220; button_two_border_width__hover_enabled=&#8220;off&#8220; button_border_color__hover_enabled=&#8220;off&#8220; button_one_border_color__hover_enabled=&#8220;off&#8220; button_two_border_color__hover_enabled=&#8220;off&#8220; button_border_radius__hover_enabled=&#8220;off&#8220; button_one_border_radius__hover_enabled=&#8220;off&#8220; button_two_border_radius__hover_enabled=&#8220;off&#8220; button_letter_spacing__hover_enabled=&#8220;on&#8220; button_letter_spacing__hover=&#8220;0&#8243; button_one_letter_spacing__hover_enabled=&#8220;off&#8220; button_two_letter_spacing__hover_enabled=&#8220;off&#8220; button_bg_color__hover_enabled=&#8220;off&#8220; button_one_bg_color__hover_enabled=&#8220;off&#8220; button_two_bg_color__hover_enabled=&#8220;off&#8220;]<a href=\"https:\/\/www.ms-silicon.de\/epaper\/ms-formteile-elektroindustrie\/\" target=\"_blank\" rel=\"noopener noreferrer\"><img loading=\"lazy\" decoding=\"async\" class=\"alignnone wp-image-3661 size-medium\" style=\"box-shadow: 15px 15px 20px #d4d4d4,-15px -10px 15px #d4d4d4;\" src=\"https:\/\/www.ms-silicon.de\/ms-sil\/wp-content\/uploads\/2017\/03\/ms-form-elektroindustrie-212x300.png\" width=\"212\" height=\"300\"><\/a><\/p>\n<p>Unsere Brosch\u00fcre zum online bl\u00e4ttern.<br \/>\n[\/et_pb_cta][et_pb_image src=&#8220;https:\/\/www.ms-silicon.de\/ms-sil\/wp-content\/uploads\/2015\/11\/new-MS-DAM-Logo.png&#8220; url=&#8220;https:\/\/www.ms-silicon.de\/ms-sil\/?page_id=945&#8243; admin_label=&#8220;Bild&#8220; _builder_version=&#8220;4.16&#8243; animation=&#8220;off&#8220; sticky=&#8220;off&#8220; use_border_color=&#8220;off&#8220; border_color=&#8220;#ffffff&#8220; border_style=&#8220;solid&#8220; always_center_on_mobile=&#8220;off&#8220; global_colors_info=&#8220;{}&#8220;][\/et_pb_image][et_pb_text admin_label=&#8220;Text&#8220; _builder_version=&#8220;4.16&#8243; background_size=&#8220;initial&#8220; background_position=&#8220;top_left&#8220; background_repeat=&#8220;repeat&#8220; use_border_color=&#8220;off&#8220; border_color=&#8220;#ffffff&#8220; border_style=&#8220;solid&#8220; global_colors_info=&#8220;{}&#8220;]M+S Damerius GmbH &amp; Co. KG<br \/>\nAn der Hanfr\u00f6ste 4<br \/>\n86529 Schrobenhausen<br \/>\n[\/et_pb_text][et_pb_image src=&#8220;https:\/\/www.ms-silicon.de\/ms-sil\/wp-content\/uploads\/2015\/11\/new-MS-FORM-Logo.png&#8220; url=&#8220;https:\/\/www.ms-silicon.de\/ms-sil\/?page_id=937&#8243; admin_label=&#8220;Bild&#8220; _builder_version=&#8220;4.16&#8243; animation=&#8220;off&#8220; sticky=&#8220;off&#8220; use_border_color=&#8220;off&#8220; border_color=&#8220;#ffffff&#8220; border_style=&#8220;solid&#8220; always_center_on_mobile=&#8220;off&#8220; global_colors_info=&#8220;{}&#8220;][\/et_pb_image][et_pb_text admin_label=&#8220;Text&#8220; _builder_version=&#8220;4.16&#8243; background_size=&#8220;initial&#8220; background_position=&#8220;top_left&#8220; background_repeat=&#8220;repeat&#8220; use_border_color=&#8220;off&#8220; border_color=&#8220;#ffffff&#8220; border_style=&#8220;solid&#8220; global_colors_info=&#8220;{}&#8220;]M+S Silicon Formteile GmbH<br \/>\nHann\u00f6versche Str. 28<br \/>\n44143 Dortmund<br \/>\n[\/et_pb_text][et_pb_image src=&#8220;https:\/\/www.ms-silicon.de\/ms-sil\/wp-content\/uploads\/2015\/11\/new-MS-SIL-Logo.png&#8220; url=&#8220;https:\/\/www.ms-silicon.de\/ms-sil\/?page_id=874&#8243; admin_label=&#8220;Bild&#8220; _builder_version=&#8220;4.16&#8243; animation=&#8220;off&#8220; sticky=&#8220;off&#8220; use_border_color=&#8220;off&#8220; border_color=&#8220;#ffffff&#8220; border_style=&#8220;solid&#8220; always_center_on_mobile=&#8220;off&#8220; global_colors_info=&#8220;{}&#8220;][\/et_pb_image][et_pb_text admin_label=&#8220;Text&#8220; _builder_version=&#8220;4.16&#8243; background_size=&#8220;initial&#8220; background_position=&#8220;top_left&#8220; background_repeat=&#8220;repeat&#8220; use_border_color=&#8220;off&#8220; border_color=&#8220;#ffffff&#8220; border_style=&#8220;solid&#8220; global_colors_info=&#8220;{}&#8220;]M+S Silicon GmbH &amp; Co. KG<br \/>\nHann\u00f6versche Str. 28<br \/>\n44143 Dortmund<br \/>\n[\/et_pb_text][\/et_pb_column][\/et_pb_section][et_pb_section fb_built=&#8220;1&#8243; custom_padding_last_edited=&#8220;on|desktop&#8220; admin_label=&#8220;Sektion&#8220; _builder_version=&#8220;4.16&#8243; background_color=&#8220;#eef0f2&#8243; custom_padding_tablet=&#8220;50px|0|50px|0&#8243; transparent_background=&#8220;off&#8220; padding_mobile=&#8220;off&#8220; make_fullwidth=&#8220;off&#8220; use_custom_width=&#8220;off&#8220; width_unit=&#8220;on&#8220; global_colors_info=&#8220;{}&#8220; custom_padding_phone=&#8220;50px|0|50px|0&#8243;][et_pb_row admin_label=&#8220;Zeile&#8220; _builder_version=&#8220;4.16&#8243; background_size=&#8220;initial&#8220; background_position=&#8220;top_left&#8220; background_repeat=&#8220;repeat&#8220; global_colors_info=&#8220;{}&#8220; column_structure=&#8220;1_4,3_4&#8243;][et_pb_column type=&#8220;1_4&#8243; _builder_version=&#8220;4.16&#8243; custom_padding=&#8220;|||&#8220; global_colors_info=&#8220;{}&#8220; custom_padding__hover=&#8220;|||&#8220;][\/et_pb_column][et_pb_column type=&#8220;3_4&#8243; _builder_version=&#8220;4.16&#8243; custom_padding=&#8220;|||&#8220; global_colors_info=&#8220;{}&#8220; custom_padding__hover=&#8220;|||&#8220;][et_pb_text admin_label=&#8220;Text&#8220; _builder_version=&#8220;4.16&#8243; background_size=&#8220;initial&#8220; background_position=&#8220;top_left&#8220; background_repeat=&#8220;repeat&#8220; use_border_color=&#8220;off&#8220; border_color=&#8220;#ffffff&#8220; border_style=&#8220;solid&#8220; global_colors_info=&#8220;{}&#8220;]<a href=\"https:\/\/www.ms-silicon.de\/ms-sil\/?page_id=590\"><img loading=\"lazy\" decoding=\"async\" class=\"alignnone wp-image-870 size-full\" title=\"Automotive\" src=\"https:\/\/www.ms-silicon.de\/ms-sil\/wp-content\/uploads\/2015\/11\/application-automotive-sh.png\" alt=\"Automotive\" width=\"114\" height=\"116\" \/><\/a> <a href=\"https:\/\/www.ms-silicon.de\/ms-sil\/?page_id=1007\"><img loading=\"lazy\" decoding=\"async\" class=\"alignnone wp-image-1016 size-full\" title=\"Bauindustrie\" src=\"https:\/\/www.ms-silicon.de\/ms-sil\/wp-content\/uploads\/2016\/01\/application-bauindustrie-sh.png\" alt=\"Bauindustrie\" width=\"114\" height=\"116\" \/><\/a> <a href=\"https:\/\/www.ms-silicon.de\/ms-sil\/?page_id=1024\"><img loading=\"lazy\" decoding=\"async\" class=\"alignnone wp-image-1015 size-full\" title=\"Bus und Bahn\" src=\"https:\/\/www.ms-silicon.de\/ms-sil\/wp-content\/uploads\/2016\/01\/application-busbahn-sh.png\" alt=\"Bus und Bahn\" width=\"114\" height=\"116\" \/><\/a> <a href=\"https:\/\/www.ms-silicon.de\/ms-sil\/?page_id=1034\"><img loading=\"lazy\" decoding=\"async\" class=\"alignnone wp-image-1014 size-full\" title=\"Elektroindustrie\" src=\"https:\/\/www.ms-silicon.de\/ms-sil\/wp-content\/uploads\/2016\/01\/application-elektro-sh.png\" alt=\"Elektroindustrie\" width=\"114\" height=\"116\" \/><\/a> <a href=\"https:\/\/www.ms-silicon.de\/ms-sil\/?page_id=1039\"><img loading=\"lazy\" decoding=\"async\" class=\"alignnone wp-image-1013 size-full\" title=\"Gastronomie\" src=\"https:\/\/www.ms-silicon.de\/ms-sil\/wp-content\/uploads\/2016\/01\/application-gastronomie-sh.png\" alt=\"Gastronomie\" width=\"114\" height=\"116\" \/> <\/a><a href=\"https:\/\/www.ms-silicon.de\/ms-sil\/?page_id=1046\"><img loading=\"lazy\" decoding=\"async\" class=\"alignnone wp-image-1012 size-full\" title=\"Hausgeraete\" src=\"https:\/\/www.ms-silicon.de\/ms-sil\/wp-content\/uploads\/2016\/01\/application-hausgeraete-sh.png\" alt=\"Hausgeraete\" width=\"114\" height=\"116\" \/><\/a> <a href=\"https:\/\/www.ms-silicon.de\/ms-sil\/?page_id=1049\"><img loading=\"lazy\" decoding=\"async\" class=\"alignnone wp-image-1011 size-full\" title=\"Maschinenbau\" src=\"https:\/\/www.ms-silicon.de\/ms-sil\/wp-content\/uploads\/2016\/01\/application-maschinenbau-sh.png\" alt=\"Maschinenbau\" width=\"114\" height=\"116\" \/><\/a> <a href=\"https:\/\/www.ms-silicon.de\/ms-sil\/?page_id=1053\"><img loading=\"lazy\" decoding=\"async\" class=\"alignnone wp-image-1010 size-full\" title=\"Medizintechnik\" src=\"https:\/\/www.ms-silicon.de\/ms-sil\/wp-content\/uploads\/2016\/01\/application-medizintechnik-sh.png\" alt=\"Medizintechnik\" width=\"114\" height=\"116\" \/><\/a> <a href=\"https:\/\/www.ms-silicon.de\/ms-sil\/?page_id=1056\"><img loading=\"lazy\" decoding=\"async\" class=\"alignnone wp-image-1009 size-full\" title=\"Sanitaer\" src=\"https:\/\/www.ms-silicon.de\/ms-sil\/wp-content\/uploads\/2016\/01\/application-sanitaer-sh.png\" alt=\"Sanitaer\" width=\"114\" height=\"116\" \/><\/a> <a href=\"https:\/\/www.ms-silicon.de\/ms-sil\/?page_id=1799\"><img loading=\"lazy\" decoding=\"async\" class=\"alignnone wp-image-1803 size-full\" title=\"Technischer Handel\" src=\"https:\/\/www.ms-silicon.de\/ms-sil\/wp-content\/uploads\/2016\/05\/application-technischerhandel-sh.png\" alt=\"Technischer Handel\" width=\"114\" height=\"116\" \/> <\/a><a href=\"https:\/\/www.ms-silicon.de\/ms-sil\/?page_id=1762\"><img loading=\"lazy\" decoding=\"async\" class=\"alignnone wp-image-1815 size-full\" title=\"Weitere Branchen\" src=\"https:\/\/www.ms-silicon.de\/ms-sil\/wp-content\/uploads\/2016\/05\/application-weitere-branchen-sh.png\" alt=\"Weitere Branchen\" width=\"114\" height=\"116\" \/><\/a><br \/>\n[\/et_pb_text][\/et_pb_column][\/et_pb_row][\/et_pb_section]<\/p>\n","protected":false},"excerpt":{"rendered":"<p>Elektroindustrie &nbsp; Isolierschl\u00e4uche und Bauteile f\u00fcr hochmoderne Anwendungen F\u00fcr die Motorenwicklungen fertigt M+S Damerius gewebehaltige Isolierschl\u00e4uche. Die Komponenten zeichnen sich durch hohe Abriebfestigkeit und eine starke mechanische Belastbarkeit aus. M+S Silicon liefert nach Kundenwunsch Kupferlitzen, die mit Silicon beschichtet werden. &nbsp; Silicon in elektrischen Anwendungen Innovative Produkte von M+S Silicon Formteile werden in immer mehr [&hellip;]<\/p>\n","protected":false},"author":1,"featured_media":0,"parent":0,"menu_order":0,"comment_status":"closed","ping_status":"closed","template":"","meta":{"_et_pb_use_builder":"on","_et_pb_old_content":"","_et_gb_content_width":"","footnotes":""},"dipi_cpt_category":[],"class_list":["post-1034","page","type-page","status-publish","hentry"],"_links":{"self":[{"href":"https:\/\/www.ms-silicon.de\/ms-sil\/wp-json\/wp\/v2\/pages\/1034","targetHints":{"allow":["GET"]}}],"collection":[{"href":"https:\/\/www.ms-silicon.de\/ms-sil\/wp-json\/wp\/v2\/pages"}],"about":[{"href":"https:\/\/www.ms-silicon.de\/ms-sil\/wp-json\/wp\/v2\/types\/page"}],"author":[{"embeddable":true,"href":"https:\/\/www.ms-silicon.de\/ms-sil\/wp-json\/wp\/v2\/users\/1"}],"replies":[{"embeddable":true,"href":"https:\/\/www.ms-silicon.de\/ms-sil\/wp-json\/wp\/v2\/comments?post=1034"}],"version-history":[{"count":58,"href":"https:\/\/www.ms-silicon.de\/ms-sil\/wp-json\/wp\/v2\/pages\/1034\/revisions"}],"predecessor-version":[{"id":27563648,"href":"https:\/\/www.ms-silicon.de\/ms-sil\/wp-json\/wp\/v2\/pages\/1034\/revisions\/27563648"}],"wp:attachment":[{"href":"https:\/\/www.ms-silicon.de\/ms-sil\/wp-json\/wp\/v2\/media?parent=1034"}],"wp:term":[{"taxonomy":"dipi_cpt_category","embeddable":true,"href":"https:\/\/www.ms-silicon.de\/ms-sil\/wp-json\/wp\/v2\/dipi_cpt_category?post=1034"}],"curies":[{"name":"wp","href":"https:\/\/api.w.org\/{rel}","templated":true}]}}