{"id":1453,"date":"2016-02-12T09:26:24","date_gmt":"2016-02-12T08:26:24","guid":{"rendered":"http:\/\/www.ms-silicon.de\/ms-sil\/?page_id=1453"},"modified":"2022-05-03T08:07:23","modified_gmt":"2022-05-03T06:07:23","slug":"wickelschlaeuche","status":"publish","type":"page","link":"https:\/\/www.ms-silicon.de\/ms-sil\/wickelschlaeuche\/","title":{"rendered":"Wickelschl\u00e4uche"},"content":{"rendered":"<p>[et_pb_section fb_built=&#8220;1&#8243; make_equal=&#8220;on&#8220; custom_padding_last_edited=&#8220;on|desktop&#8220; admin_label=&#8220;Sektion&#8220; _builder_version=&#8220;3.22&#8243; background_color=&#8220;#eef0f2&#8243; custom_padding=&#8220;||10px|&#8220; custom_padding_tablet=&#8220;50px|0|50px|0&#8243; transparent_background=&#8220;off&#8220; padding_mobile=&#8220;off&#8220; make_fullwidth=&#8220;off&#8220; use_custom_width=&#8220;off&#8220; width_unit=&#8220;on&#8220; global_colors_info=&#8220;{}&#8220; custom_padding_phone=&#8220;50px|0|50px|0&#8243;][et_pb_row admin_label=&#8220;Zeile&#8220; _builder_version=&#8220;3.25&#8243; background_size=&#8220;initial&#8220; background_position=&#8220;top_left&#8220; background_repeat=&#8220;repeat&#8220; global_colors_info=&#8220;{}&#8220;][et_pb_column type=&#8220;4_4&#8243; _builder_version=&#8220;3.25&#8243; custom_padding=&#8220;|||&#8220; global_colors_info=&#8220;{}&#8220; custom_padding__hover=&#8220;|||&#8220;][et_pb_image src=&#8220;https:\/\/www.ms-silicon.de\/ms-sil\/wp-content\/uploads\/2016\/02\/wickelschlaeuche1.jpg&#8220; align_tablet=&#8220;center&#8220; align_last_edited=&#8220;on|desktop&#8220; admin_label=&#8220;Bild&#8220; _builder_version=&#8220;3.23&#8243; animation=&#8220;off&#8220; sticky=&#8220;off&#8220; use_border_color=&#8220;off&#8220; border_color=&#8220;#ffffff&#8220; border_style=&#8220;solid&#8220; always_center_on_mobile=&#8220;on&#8220; global_colors_info=&#8220;{}&#8220; align_phone=&#8220;center&#8220;][\/et_pb_image][\/et_pb_column][\/et_pb_row][\/et_pb_section][et_pb_section fb_built=&#8220;1&#8243; specialty=&#8220;on&#8220; custom_padding_last_edited=&#8220;on|desktop&#8220; admin_label=&#8220;Sektion&#8220; _builder_version=&#8220;3.22&#8243; background_color=&#8220;#eef0f2&#8243; custom_padding_tablet=&#8220;50px|0|50px|0&#8243; transparent_background=&#8220;off&#8220; padding_mobile=&#8220;off&#8220; make_fullwidth=&#8220;off&#8220; use_custom_width=&#8220;off&#8220; width_unit=&#8220;on&#8220; global_colors_info=&#8220;{}&#8220; custom_padding_phone=&#8220;50px|0|50px|0&#8243;][et_pb_column type=&#8220;1_4&#8243; _builder_version=&#8220;3.25&#8243; custom_padding=&#8220;|||&#8220; global_colors_info=&#8220;{}&#8220; custom_padding__hover=&#8220;|||&#8220;][\/et_pb_column][et_pb_column type=&#8220;1_2&#8243; specialty_columns=&#8220;2&#8243; _builder_version=&#8220;3.25&#8243; custom_padding=&#8220;|||&#8220; global_colors_info=&#8220;{}&#8220; custom_padding__hover=&#8220;|||&#8220;][et_pb_row_inner padding_mobile=&#8220;off&#8220; use_custom_gutter=&#8220;on&#8220; column_padding_mobile=&#8220;on&#8220; admin_label=&#8220;Zeile&#8220; _builder_version=&#8220;3.25&#8243; global_colors_info=&#8220;{}&#8220;][et_pb_column_inner saved_specialty_column_type=&#8220;1_2&#8243; _builder_version=&#8220;3.25&#8243; custom_padding=&#8220;|||&#8220; global_colors_info=&#8220;{}&#8220; custom_padding__hover=&#8220;|||&#8220;][et_pb_text admin_label=&#8220;Text&#8220; _builder_version=&#8220;3.27.4&#8243; background_size=&#8220;initial&#8220; background_position=&#8220;top_left&#8220; background_repeat=&#8220;repeat&#8220; use_border_color=&#8220;off&#8220; border_color=&#8220;#ffffff&#8220; border_style=&#8220;solid&#8220; global_colors_info=&#8220;{}&#8220;]<\/p>\n<h1>Wickelschl\u00e4uche<\/h1>\n<p>&nbsp;<\/p>\n<p>Wickelschl\u00e4uche und Wickelsonderteile sind handgefertigte Unikate. Sie werden in der internationalen Bahnindustrie, im Bereich der Fahrzeug- und Motorenherstellung oder im Anlagenbau sowie in der Wehrtechnik eingesetzt.<\/p>\n<p>Dabei muss ein Schlauch nicht immer rund sein. Wir fertigen diverse Konturen, von eckig \u00fcber oval bis rund. Sie werden nach kundenspezifischen Anforderungen ausgelegt und gefertigt. Da wir die Siliconmischungen vor Ort in unserem Unternehmen produzieren, k\u00f6nnen wir flexibel auf individuelle Anforderungen reagieren.<\/p>\n<p>&nbsp;<\/p>\n<p>&nbsp;<\/p>\n<h5><strong>Die Eigenschaften:<\/strong><\/h5>\n<ul>\n<li>Au\u00dferordentliche W\u00e4rmebest\u00e4ndigkeit<\/li>\n<li>Alterungs-, witterungs-, ozon- und UV-best\u00e4ndig<\/li>\n<li>Elastisch bei hohen und tiefen Temperaturen<\/li>\n<li>Elektrisch isolierend oder leitend<\/li>\n<li>gute Chemikalien-Best\u00e4ndigkeit<\/li>\n<\/ul>\n<p>&nbsp;<\/p>\n<h5><strong>Die Anwendungen:<\/strong><\/h5>\n<ul>\n<li>Luftansaugung<\/li>\n<li>Turboaufladung<\/li>\n<li>K\u00fchlwasser<\/li>\n<li>Wasserf\u00fchrung<\/li>\n<li>Trocknung<\/li>\n<li>Drainage<\/li>\n<li>K\u00fchlung<\/li>\n<\/ul>\n<p>[\/et_pb_text][\/et_pb_column_inner][\/et_pb_row_inner][\/et_pb_column][et_pb_column type=&#8220;1_4&#8243; _builder_version=&#8220;3.25&#8243; custom_padding=&#8220;|||&#8220; global_colors_info=&#8220;{}&#8220; custom_padding__hover=&#8220;|||&#8220;][et_pb_text admin_label=&#8220;Text&#8220; _builder_version=&#8220;4.14.1&#8243; background_size=&#8220;initial&#8220; background_position=&#8220;top_left&#8220; background_repeat=&#8220;repeat&#8220; hover_enabled=&#8220;0&#8243; use_border_color=&#8220;off&#8220; border_color=&#8220;#ffffff&#8220; border_style=&#8220;solid&#8220; global_colors_info=&#8220;{}&#8220; sticky_enabled=&#8220;0&#8243;]<\/p>\n<hr \/>\n<p><strong><a href=\"https:\/\/www.ms-silicon.de\/ms-sil\/team-ms-silicon\/\">Hier ist der direkte Link zu Ihrem M+S Silicon Team<\/a><br \/>\n<\/strong><br \/>\n[\/et_pb_text][et_pb_image src=&#8220;https:\/\/www.ms-silicon.de\/ms-sil\/wp-content\/uploads\/2015\/11\/new-MS-SIL-Logo.png&#8220; url=&#8220;@ET-DC@eyJkeW5hbWljIjp0cnVlLCJjb250ZW50IjoicG9zdF9saW5rX3VybF9wYWdlIiwic2V0dGluZ3MiOnsicG9zdF9pZCI6IjI2NDMwIn19@&#8220; admin_label=&#8220;Bild&#8220; _builder_version=&#8220;4.14.1&#8243; hover_enabled=&#8220;0&#8243; animation=&#8220;off&#8220; sticky=&#8220;off&#8220; use_border_color=&#8220;off&#8220; border_color=&#8220;#ffffff&#8220; border_style=&#8220;solid&#8220; always_center_on_mobile=&#8220;off&#8220; global_colors_info=&#8220;{}&#8220; _dynamic_attributes=&#8220;url&#8220; sticky_enabled=&#8220;0&#8243;][\/et_pb_image][et_pb_text admin_label=&#8220;Text&#8220; _builder_version=&#8220;3.27.4&#8243; background_size=&#8220;initial&#8220; background_position=&#8220;top_left&#8220; background_repeat=&#8220;repeat&#8220; use_border_color=&#8220;off&#8220; border_color=&#8220;#ffffff&#8220; border_style=&#8220;solid&#8220; global_colors_info=&#8220;{}&#8220;]M+S Silicon GmbH &amp; Co. KG<br \/>\nHann\u00f6versche Str. 28<br \/>\n44143 Dortmund<br \/>\n[\/et_pb_text][\/et_pb_column][\/et_pb_section]<\/p>\n","protected":false},"excerpt":{"rendered":"<p>Wickelschl\u00e4uche &nbsp; Wickelschl\u00e4uche und Wickelsonderteile sind handgefertigte Unikate. Sie werden in der internationalen Bahnindustrie, im Bereich der Fahrzeug- und Motorenherstellung oder im Anlagenbau sowie in der Wehrtechnik eingesetzt. Dabei muss ein Schlauch nicht immer rund sein. Wir fertigen diverse Konturen, von eckig \u00fcber oval bis rund. Sie werden nach kundenspezifischen Anforderungen ausgelegt und gefertigt. Da [&hellip;]<\/p>\n","protected":false},"author":1,"featured_media":0,"parent":0,"menu_order":0,"comment_status":"closed","ping_status":"closed","template":"","meta":{"_et_pb_use_builder":"on","_et_pb_old_content":"","_et_gb_content_width":"","footnotes":""},"dipi_cpt_category":[],"class_list":["post-1453","page","type-page","status-publish","hentry"],"_links":{"self":[{"href":"https:\/\/www.ms-silicon.de\/ms-sil\/wp-json\/wp\/v2\/pages\/1453","targetHints":{"allow":["GET"]}}],"collection":[{"href":"https:\/\/www.ms-silicon.de\/ms-sil\/wp-json\/wp\/v2\/pages"}],"about":[{"href":"https:\/\/www.ms-silicon.de\/ms-sil\/wp-json\/wp\/v2\/types\/page"}],"author":[{"embeddable":true,"href":"https:\/\/www.ms-silicon.de\/ms-sil\/wp-json\/wp\/v2\/users\/1"}],"replies":[{"embeddable":true,"href":"https:\/\/www.ms-silicon.de\/ms-sil\/wp-json\/wp\/v2\/comments?post=1453"}],"version-history":[{"count":19,"href":"https:\/\/www.ms-silicon.de\/ms-sil\/wp-json\/wp\/v2\/pages\/1453\/revisions"}],"predecessor-version":[{"id":27388,"href":"https:\/\/www.ms-silicon.de\/ms-sil\/wp-json\/wp\/v2\/pages\/1453\/revisions\/27388"}],"wp:attachment":[{"href":"https:\/\/www.ms-silicon.de\/ms-sil\/wp-json\/wp\/v2\/media?parent=1453"}],"wp:term":[{"taxonomy":"dipi_cpt_category","embeddable":true,"href":"https:\/\/www.ms-silicon.de\/ms-sil\/wp-json\/wp\/v2\/dipi_cpt_category?post=1453"}],"curies":[{"name":"wp","href":"https:\/\/api.w.org\/{rel}","templated":true}]}}