{"id":1615,"date":"2016-02-26T10:08:33","date_gmt":"2016-02-26T09:08:33","guid":{"rendered":"http:\/\/www.ms-silicon.de\/ms-sil\/?page_id=1615"},"modified":"2026-03-25T12:20:07","modified_gmt":"2026-03-25T11:20:07","slug":"kabelschutz-produktinformation","status":"publish","type":"page","link":"https:\/\/www.ms-silicon.de\/ms-sil\/kabelschutz-produktinformation\/","title":{"rendered":"Kabelschutz Produktinformation"},"content":{"rendered":"<p>[et_pb_section fb_built=&#8220;1&#8243; specialty=&#8220;on&#8220; custom_padding_last_edited=&#8220;on|desktop&#8220; admin_label=&#8220;Sektion&#8220; _builder_version=&#8220;4.16&#8243; background_color=&#8220;#eef0f2&#8243; custom_padding_tablet=&#8220;50px|0|50px|0&#8243; custom_padding_phone=&#8220;50px|0|50px|0&#8243; transparent_background=&#8220;off&#8220; padding_mobile=&#8220;off&#8220; make_fullwidth=&#8220;off&#8220; use_custom_width=&#8220;off&#8220; width_unit=&#8220;on&#8220; global_colors_info=&#8220;{}&#8220;][et_pb_column type=&#8220;1_4&#8243; _builder_version=&#8220;4.16&#8243; custom_padding=&#8220;|||&#8220; global_colors_info=&#8220;{}&#8220; custom_padding__hover=&#8220;|||&#8220;][\/et_pb_column][et_pb_column type=&#8220;1_2&#8243; specialty_columns=&#8220;2&#8243; _builder_version=&#8220;4.16&#8243; custom_padding=&#8220;|||&#8220; global_colors_info=&#8220;{}&#8220; custom_padding__hover=&#8220;|||&#8220;][et_pb_row_inner padding_mobile=&#8220;off&#8220; use_custom_gutter=&#8220;on&#8220; column_padding_mobile=&#8220;on&#8220; admin_label=&#8220;Zeile&#8220; _builder_version=&#8220;4.16&#8243; global_colors_info=&#8220;{}&#8220;][et_pb_column_inner saved_specialty_column_type=&#8220;1_2&#8243; _builder_version=&#8220;4.16&#8243; background_color=&#8220;rgba(0,0,0,0)&#8220; custom_padding=&#8220;|||&#8220; global_colors_info=&#8220;{}&#8220; custom_padding__hover=&#8220;|||&#8220;][et_pb_text admin_label=&#8220;Text&#8220; _builder_version=&#8220;4.21.0&#8243; background_size=&#8220;initial&#8220; background_position=&#8220;top_left&#8220; background_repeat=&#8220;repeat&#8220; use_border_color=&#8220;off&#8220; border_color=&#8220;#ffffff&#8220; border_style=&#8220;solid&#8220; global_colors_info=&#8220;{}&#8220;]<\/p>\n<h1>Kabelschutz-Systeme<\/h1>\n<p>&nbsp;<\/p>\n<h4>PRODUKT\u00dcBERSICHT<\/h4>\n<p><strong>Bei Klick auf den Link erhalten Sie die Datenbl\u00e4tter als PDF zum Download.<\/strong><\/p>\n<h3><\/h3>\n<p>&nbsp;<\/p>\n<h3>Gewebelose Isolierschl\u00e4uche<\/h3>\n<p>aus PVC, Polyurethan u. Silicon-Kautschuk in verschiedenen Temperaturbereichen<\/p>\n<p><a href=\"http:\/\/www.ms-silicon.de\/ms-dam-datenblaetter\/Datenblatt Adaplast Stand 24.02.16.pdf\" target=\"_blank\" rel=\"noopener\"><strong>ADAPLAST Kunststoffschlauch<\/strong><br \/><\/a>w\u00e4rmebest\u00e4ndig bis 105\u00b0C \u2013 W\u00e4rmeklasse Y, Isolierschlauch B aus PVC<\/p>\n<p><a href=\"http:\/\/www.ms-silicon.de\/ms-dam-datenblaetter\/Datenblatt Siliconschlauch Stand 24.02.16.pdf\" target=\"_blank\" rel=\"noopener\"><strong>SILICON Schlauch<\/strong><br \/><\/a>w\u00e4rmebest\u00e4ndig bis 200\u00b0C und 250\u00b0C \u2013 W\u00e4rmeklasse H und C, Isolierschlauch aus Silicon-Kautschuk<\/p>\n<p><a href=\"http:\/\/www.ms-silicon.de\/ms-dam-datenblaetter\/Datenblatt Siliconschlauch hitzestabilisiert selbstverloeschend Stand 24.02.16.pdf\" target=\"_blank\" rel=\"noopener\"><strong>SILICON Schlauch<\/strong><br \/><\/a>hitzestabilisiert, selbstverl\u00f6schend, w\u00e4rmebest\u00e4ndig bis 250\u00b0C \u2013 W\u00e4rmeklasse H, Silicon-Kautschuk<\/p>\n<hr \/>\n<p>&nbsp;<\/p>\n<h3>Gewebehaltige Isolierschl\u00e4uche<\/h3>\n<p>aus Glasseiden- Viscose- oder Polyestergarn beschichtet mit Polyurethanlack (DD-Lack) oder Silicon-Dispersion in verschiedenen Temperaturbereichen<\/p>\n<p><a href=\"http:\/\/www.ms-silicon.de\/ms-dam-datenblaetter\/Datenblatt Adatherm 100T Stand 24.02.16.pdf\" target=\"_blank\" rel=\"noopener\"><strong>ADATHERM 100 T Lackgewebeschlauch<\/strong><br \/><\/a>w\u00e4rmebest\u00e4ndig bis 135\u00b0C \u2013 W\u00e4rmeklasse B, Isolierschlauch A aus Kunstseide \u2013 mit Polyurethanlack<\/p>\n<p><a href=\"http:\/\/www.ms-silicon.de\/ms-dam-datenblaetter\/Datenblatt Adatherm 200T Stand 24.02.16.pdf\" target=\"_blank\" rel=\"noopener\"><strong>ADATHERM 200 T Lackgewebeschlauch<\/strong><br \/><\/a>w\u00e4rmebest\u00e4ndig bis 155\u00b0C \u2013 W\u00e4rmeklasse F, Isolierschlauch A aus Polyestergarn \u2013 mit Polyurethanlack<\/p>\n<p><a href=\"http:\/\/www.ms-silicon.de\/ms-dam-datenblaetter\/Datenblatt_Adaglas_20190417.pdf\" target=\"_blank\" rel=\"noopener\"><strong>ADAGLAS Glasseidenlackschlauch<\/strong><br \/><\/a>w\u00e4rmebest\u00e4ndig bis 155\u00b0C \u2013 W\u00e4rmeklasse F, Isolierschlauch A aus Glasseide \u2013 mit Polyurethanlack<\/p>\n<p><a href=\"http:\/\/www.ms-silicon.de\/ms-dam-datenblaetter\/Datenblatt_Adaglas_UL_Stand_01.12.17.pdf\" target=\"_blank\" rel=\"noopener\"><strong>ADAGLAS UL Glasseidenlackschlauch E343896<\/strong><br \/><\/a>w\u00e4rmebest\u00e4ndig bis 155\u00b0C \u2013 W\u00e4rmeklasse F, Isolierschlauch A aus Glasseide \u2013 mit Polyurethanlack<\/p>\n<p><a href=\"http:\/\/www.ms-silicon.de\/ms-dam-datenblaetter\/Datenblatt_Adasil_20190417.pdf\" target=\"_blank\" rel=\"noopener\"><strong>ADASIL Silicon-Glasseidenlackschlauch<\/strong><br \/><\/a>w\u00e4rmebest\u00e4ndig bis 230\u00b0C \u2013 W\u00e4rmeklasse C, Isolierschlauch A aus Glasseide \u2013 mit Silicon-Dispersion<\/p>\n<p><strong>Glasseiden-Rohschlauch<\/strong><a target=\"_blank\" rel=\"noopener\"><br \/><\/a>w\u00e4rmebest\u00e4ndig bis 500\u00b0C \u2013 W\u00e4rmeklasse C, Glasseiden-Geflecht<\/p>\n<p><strong><a href=\"http:\/\/www.ms-silicon.de\/ms-dam-datenblaetter\/Datenblatt Glasseidenschlauch inpraegniert Stand 24.02.16.pdf\" target=\"_blank\" rel=\"noopener\">Glasseiden-Schlauch<\/a><\/strong><br \/>w\u00e4rmebest\u00e4ndig bis 155\u00b0C \u2013 W\u00e4rmeklasse F, impr\u00e4gniert und schnittfest, Glasseiden-Geflecht \u2013 impr\u00e4gniert mit Polyurethanlack<\/p>\n<p><a href=\"http:\/\/www.ms-silicon.de\/ms-dam-datenblaetter\/Datenblatt Glasseidenschlauch doppelwandig inpraegniert Stand 24.02.16.pdf\" target=\"_blank\" rel=\"noopener\"><strong>Glasseidenschlauch Doppelwandig<\/strong><br \/><\/a>w\u00e4rmebest\u00e4ndig bis 300\u00b0C \u2013 W\u00e4rmeklasse C, impr\u00e4gniert und schnittfest, Isolierschlauch aus 2 Glasseiden-Geflechten \u2013 impr\u00e4gniert mit Silicon-Dispersion<\/p>\n<p><strong><a href=\"https:\/\/www.ms-silicon.de\/ms-dam-datenblaetter\/Datenblatt_Adasil_UL_Stand_14.02.24.pdf\" target=\"_blank\" rel=\"noopener noreferrer\">Datenblatt Adasil UL<\/a> <\/strong><br \/>w\u00e4rmebest\u00e4ndig bis 230\u00b0C \u2013 W\u00e4rmeklasse C, Isolierschlauch A aus Glasseide \u2013 mit Silicon-Dispersion<\/p>\n<p><strong><a href=\"https:\/\/www.ms-silicon.de\/ms-dam-datenblaetter\/Datenblatt_Adasil_UL_schwarz_Stand_14.02.24.pdf\" target=\"_blank\" rel=\"noopener noreferrer\">Datenblatt Adasil UL schwarz<\/a><\/strong><br \/>w\u00e4rmebest\u00e4ndig bis 230\u00b0C \u2013 W\u00e4rmeklasse C, Isolierschlauch A aus Glasseide \u2013 mit Silicon-Dispersion<\/p>\n<p>&nbsp;<\/p>\n<p><a class=\"small-button smallsilver\" href=\"https:\/\/www.ms-silicon.de\/ms-sil\/?page_id=779\">zur\u00fcck<\/a><\/p>\n<p>[\/et_pb_text][\/et_pb_column_inner][\/et_pb_row_inner][\/et_pb_column][et_pb_column type=&#8220;1_4&#8243; _builder_version=&#8220;4.16&#8243; custom_padding=&#8220;|||&#8220; global_colors_info=&#8220;{}&#8220; custom_padding__hover=&#8220;|||&#8220;][et_pb_text admin_label=&#8220;Text&#8220; _builder_version=&#8220;4.16&#8243; background_size=&#8220;initial&#8220; background_position=&#8220;top_left&#8220; background_repeat=&#8220;repeat&#8220; use_border_color=&#8220;off&#8220; border_color=&#8220;#ffffff&#8220; border_style=&#8220;solid&#8220; global_colors_info=&#8220;{}&#8220;]<\/p>\n<hr \/>\n<p><strong><a href=\"https:\/\/www.ms-silicon.de\/ms-sil\/?page_id=1540\">Zu Ihren Ansprechpartnern von M+S Damerius<\/a><br \/>\n<\/strong><br \/>\n[\/et_pb_text][et_pb_image src=&#8220;https:\/\/www.ms-silicon.de\/ms-sil\/wp-content\/uploads\/2015\/11\/new-MS-DAM-Logo.png&#8220; url=&#8220;https:\/\/www.ms-silicon.de\/ms-sil\/?page_id=1540&#8243; admin_label=&#8220;Bild&#8220; _builder_version=&#8220;4.16&#8243; use_border_color=&#8220;off&#8220; border_color=&#8220;#ffffff&#8220; border_style=&#8220;solid&#8220; animation=&#8220;off&#8220; sticky=&#8220;off&#8220; always_center_on_mobile=&#8220;off&#8220; global_colors_info=&#8220;{}&#8220;][\/et_pb_image][\/et_pb_column][\/et_pb_section]<\/p>\n","protected":false},"excerpt":{"rendered":"<p>Kabelschutz-Systeme &nbsp; PRODUKT\u00dcBERSICHT Bei Klick auf den Link erhalten Sie die Datenbl\u00e4tter als PDF zum Download. &nbsp; Gewebelose Isolierschl\u00e4uche aus PVC, Polyurethan u. Silicon-Kautschuk in verschiedenen Temperaturbereichen ADAPLAST Kunststoffschlauchw\u00e4rmebest\u00e4ndig bis 105\u00b0C \u2013 W\u00e4rmeklasse Y, Isolierschlauch B aus PVC SILICON Schlauchw\u00e4rmebest\u00e4ndig bis 200\u00b0C und 250\u00b0C \u2013 W\u00e4rmeklasse H und C, Isolierschlauch aus Silicon-Kautschuk SILICON Schlauchhitzestabilisiert, selbstverl\u00f6schend, [&hellip;]<\/p>\n","protected":false},"author":1,"featured_media":0,"parent":0,"menu_order":0,"comment_status":"closed","ping_status":"closed","template":"","meta":{"_et_pb_use_builder":"on","_et_pb_old_content":"","_et_gb_content_width":"","footnotes":""},"dipi_cpt_category":[],"class_list":["post-1615","page","type-page","status-publish","hentry"],"_links":{"self":[{"href":"https:\/\/www.ms-silicon.de\/ms-sil\/wp-json\/wp\/v2\/pages\/1615","targetHints":{"allow":["GET"]}}],"collection":[{"href":"https:\/\/www.ms-silicon.de\/ms-sil\/wp-json\/wp\/v2\/pages"}],"about":[{"href":"https:\/\/www.ms-silicon.de\/ms-sil\/wp-json\/wp\/v2\/types\/page"}],"author":[{"embeddable":true,"href":"https:\/\/www.ms-silicon.de\/ms-sil\/wp-json\/wp\/v2\/users\/1"}],"replies":[{"embeddable":true,"href":"https:\/\/www.ms-silicon.de\/ms-sil\/wp-json\/wp\/v2\/comments?post=1615"}],"version-history":[{"count":47,"href":"https:\/\/www.ms-silicon.de\/ms-sil\/wp-json\/wp\/v2\/pages\/1615\/revisions"}],"predecessor-version":[{"id":27563605,"href":"https:\/\/www.ms-silicon.de\/ms-sil\/wp-json\/wp\/v2\/pages\/1615\/revisions\/27563605"}],"wp:attachment":[{"href":"https:\/\/www.ms-silicon.de\/ms-sil\/wp-json\/wp\/v2\/media?parent=1615"}],"wp:term":[{"taxonomy":"dipi_cpt_category","embeddable":true,"href":"https:\/\/www.ms-silicon.de\/ms-sil\/wp-json\/wp\/v2\/dipi_cpt_category?post=1615"}],"curies":[{"name":"wp","href":"https:\/\/api.w.org\/{rel}","templated":true}]}}