{"id":2349,"date":"2016-06-16T13:10:28","date_gmt":"2016-06-16T11:10:28","guid":{"rendered":"http:\/\/www.ms-silicon.de\/ms-sil\/?page_id=2349"},"modified":"2020-05-04T08:43:29","modified_gmt":"2020-05-04T06:43:29","slug":"impressum-ms-formteile","status":"publish","type":"page","link":"https:\/\/www.ms-silicon.de\/ms-sil\/impressum-ms-formteile\/","title":{"rendered":"Impressum MS Formteile"},"content":{"rendered":"<p>[et_pb_section admin_label=&#8220;Sektion&#8220; fullwidth=&#8220;off&#8220; specialty=&#8220;on&#8220; transparent_background=&#8220;off&#8220; background_color=&#8220;#eef0f2&#8243; allow_player_pause=&#8220;off&#8220; inner_shadow=&#8220;off&#8220; parallax=&#8220;off&#8220; parallax_method=&#8220;off&#8220; padding_mobile=&#8220;off&#8220; make_fullwidth=&#8220;off&#8220; use_custom_width=&#8220;off&#8220; width_unit=&#8220;on&#8220; make_equal=&#8220;off&#8220; use_custom_gutter=&#8220;off&#8220;][et_pb_column type=&#8220;1_4&#8243;][\/et_pb_column][et_pb_column type=&#8220;1_2&#8243; specialty_columns=&#8220;2&#8243;][et_pb_row_inner admin_label=&#8220;Zeile&#8220; padding_mobile=&#8220;off&#8220; use_custom_gutter=&#8220;on&#8220; column_padding_mobile=&#8220;on&#8220; make_equal=&#8220;off&#8220;][et_pb_column_inner type=&#8220;4_4&#8243; saved_specialty_column_type=&#8220;1_2&#8243;][et_pb_text admin_label=&#8220;Text&#8220; background_layout=&#8220;light&#8220; text_orientation=&#8220;left&#8220; use_border_color=&#8220;off&#8220; border_color=&#8220;#ffffff&#8220; border_style=&#8220;solid&#8220;]<\/p>\n<h1>M+S Formteile<\/h1>\n<p>&nbsp;<\/p>\n<h3>Impressum \/ Datenschutzerkl\u00e4rung<\/h3>\n<p>&nbsp;<\/p>\n<p>Inhaltlich verantwortlich<br \/>\ngem\u00e4\u00df \u00a7 10 Absatz 3 MDStV:<\/p>\n<p>&nbsp;<\/p>\n<p>M+S Silicon Formteile GmbH<br \/>\nHann\u00f6versche Str. 28<br \/>\n44143 Dortmund<br \/>\nTelefon +49(0)231-967890-0<br \/>\nTelefax +49(0)231-967890-20<\/p>\n<p>&nbsp;<\/p>\n<p><strong>Werk 2<\/strong><br \/>\nHahnstra\u00dfe 6<br \/>\n48369 Saerbeck<\/p>\n<p>T +49(0)2574-939542-0<br \/>\nF +49(0)2574-939542-20<\/p>\n<p><a class=\"textlinkklein\" href=\"mailto:info@ms-formteile.de\" target=\"_blank\" rel=\"noopener noreferrer\">info(at)ms-formteile.de<\/a><br \/>\nGesch\u00e4ftsf\u00fchrer:<br \/>\nJ\u00fcrgen Siedler, Dr. Timo Bollermann<\/p>\n<p>Amtsgericht Dortmund<br \/>\nHRB 18986<\/p>\n<p>USt-IdNr. DE 235015761<\/p>\n<p>&nbsp;<\/p>\n<p>Internet:<br \/>\n<a href=\"http:\/\/www.ms-formteile.de\">www.ms-formteile.de<\/a><\/p>\n<p>&nbsp;<\/p>\n<p>Konzept und Umsetzung:<br \/>\nfsb-marketing, 44267 Dortmund<br \/>\n<a class=\"textlinkklein\" href=\"http:\/\/www.fsb-marketing.de\" target=\"_blank\" rel=\"noopener noreferrer\">www.fsb-marketing.de<\/a><\/p>\n<h3>Disclaimer \u2013 rechtliche Hinweise<\/h3>\n<h6>\u00a7 1 Warnhinweis zu Inhalten<\/h6>\n<p>Die kostenlosen und frei zug\u00e4nglichen Inhalte dieser Webseite wurden mit<br \/>\ngr\u00f6\u00dftm\u00f6glicher Sorgfalt erstellt. Der Anbieter dieser Webseite \u00fcbernimmt<br \/>\njedoch keine Gew\u00e4hr f\u00fcr die Richtigkeit und Aktualit\u00e4t der bereitgestellten<br \/>\nkostenlosen und frei zug\u00e4nglichen journalistischen Ratgeber und Nachrichten.<br \/>\nNamentlich gekennzeichnete Beitr\u00e4ge geben die Meinung des jeweiligen<br \/>\nAutors und nicht immer die Meinung des Anbieters wieder. Allein durch den<br \/>\nAufruf der kostenlosen und frei zug\u00e4nglichen Inhalte kommt keinerlei<br \/>\nVertragsverh\u00e4ltnis zwischen dem Nutzer und dem Anbieter zustande,<br \/>\ninsoweit fehlt es am Rechtsbindungswillen des Anbieters.<\/p>\n<h6>\u00a7 2 Externe Links<\/h6>\n<p>Diese Website enth\u00e4lt Verkn\u00fcpfungen zu Websites Dritter (&#8222;externe Links&#8220;).<br \/>\nDiese Websites unterliegen der Haftung der jeweiligen Betreiber.<br \/>\nDer Anbieter hat bei der erstmaligen Verkn\u00fcpfung der externen Links<br \/>\ndie fremden Inhalte daraufhin \u00fcberpr\u00fcft, ob etwaige Rechtsverst\u00f6\u00dfe<br \/>\nbestehen. Zu dem Zeitpunkt waren keine Rechtsverst\u00f6\u00dfe ersichtlich.<br \/>\nDer Anbieter hat keinerlei Einfluss auf die aktuelle und zuk\u00fcnftige<br \/>\nGestaltung und auf die Inhalte der verkn\u00fcpften Seiten.<br \/>\nDas Setzen von externen Links bedeutet nicht, dass sich der Anbieter<br \/>\ndie hinter dem Verweis oder Link liegenden Inhalte zu Eigen macht.<br \/>\nEine st\u00e4ndige Kontrolle der externen Links ist f\u00fcr den Anbieter ohne konkrete<br \/>\nHinweise auf Rechtsverst\u00f6\u00dfe nicht zumutbar. Bei Kenntnis von<br \/>\nRechtsverst\u00f6\u00dfen werden jedoch derartige externe Links unverz\u00fcglich gel\u00f6scht.<\/p>\n<h6>\u00a7 3 Urheber- und Leistungsschutzrechte<\/h6>\n<p>Die auf dieser Website ver\u00f6ffentlichten Inhalte unterliegen dem deutschen<br \/>\nUrheber- und Leistungsschutzrecht. Jede vom deutschen Urheber- und<br \/>\nLeistungsschutzrecht nicht zugelassene Verwertung bedarf der vorherigen<br \/>\nschriftlichen Zustimmung des Anbieters oder jeweiligen Rechteinhabers.<br \/>\nDies gilt insbesondere f\u00fcr Vervielf\u00e4ltigung, Bearbeitung, \u00dcbersetzung,<br \/>\nEinspeicherung, Verarbeitung bzw. Wiedergabe von Inhalten in Datenbanken<br \/>\noder anderen elektronischen Medien und Systemen. Inhalte und Rechte<br \/>\nDritter sind dabei als solche gekennzeichnet.<br \/>\nDie unerlaubte Vervielf\u00e4ltigung oder Weitergabe einzelner Inhalte oder<br \/>\nkompletter Seiten ist nicht gestattet und strafbar. Lediglich die Herstellung<br \/>\nvon Kopien und Downloads f\u00fcr den pers\u00f6nlichen, privaten und nicht<br \/>\nkommerziellen Gebrauch ist erlaubt.<br \/>\nDie Darstellung dieser Website in fremden Frames ist nur mit schriftlicher<br \/>\nErlaubnis zul\u00e4ssig.<\/p>\n<h6>\u00a7 4 Besondere Nutzungsbedingungen<\/h6>\n<p>Soweit besondere Bedingungen f\u00fcr einzelne Nutzungen dieser Website von<br \/>\nden vorgenannten Paragraphen abweichen, wird an entsprechender Stelle<br \/>\nausdr\u00fccklich darauf hingewiesen.<br \/>\nIn diesem Falle gelten im jeweiligen Einzelfall die besonderen Nutzungsbedingungen.<\/p>\n<h3>Datenschutzerkl\u00e4rung<\/h3>\n<h5>Name und Anschrift des Datenschutzbeauftragten<\/h5>\n<p>Der Datenschutzbeauftragte des f\u00fcr die Verarbeitung Verantwortlichen ist:<\/p>\n<p>Business Protect<br \/>\nDirk Friedhoff<br \/>\nLandweg 5a<\/p>\n<p>58638 Iserlohn<br \/>\nE-Mail: info@businessprotect.org<br \/>\nwww.businessprotect.org<\/p>\n<p>Jede betroffene Person kann sich jederzeit bei allen Fragen und<br \/>\nAnregungen zum Datenschutz direkt an unseren Datenschutzbeauftragten<br \/>\nwenden.<\/p>\n<h3>Datenschutz<\/h3>\n<p>Nachfolgend m\u00f6chten wir Sie \u00fcber unsere Datenschutzerkl\u00e4rung informieren.<br \/>\nSie finden hier Informationen \u00fcber die Erhebung und Verwendung<br \/>\npers\u00f6nlicher Daten bei der Nutzung unserer Webseite. Wir beachten dabei<br \/>\ndas f\u00fcr Deutschland geltende Datenschutzrecht. Sie k\u00f6nnen diese Erkl\u00e4rung<br \/>\njederzeit auf unserer Webseite abrufen.<\/p>\n<p>Wir weisen ausdr\u00fccklich darauf hin, dass die Daten\u00fcbertragung im Internet<br \/>\n(z.B. bei der Kommunikation per E-Mail) Sicherheitsl\u00fccken aufweisen und<br \/>\nnicht l\u00fcckenlos vor dem Zugriff durch Dritte gesch\u00fctzt werden kann.<\/p>\n<p>Die Verwendung der Kontaktdaten unseres Impressums zur gewerblichen<br \/>\nWerbung ist ausdr\u00fccklich nicht erw\u00fcnscht, es sei denn wir hatten zuvor<br \/>\nunsere schriftliche Einwilligung erteilt oder es besteht bereits eine<br \/>\nGesch\u00e4ftsbeziehung. Der Anbieter und alle auf dieser Website genannten<br \/>\nPersonen widersprechen hiermit jeder kommerziellen Verwendung und<br \/>\nWeitergabe ihrer Daten.<\/p>\n<h3>Personenbezogene Daten<\/h3>\n<p>Sie k\u00f6nnen unsere Webseite ohne Angabe personenbezogener Daten<br \/>\nbesuchen. Soweit auf unseren Seiten personenbezogene Daten<br \/>\n(wie Name, Anschrift oder E-Mail-Adresse) erhoben werden, erfolgt dies,<br \/>\nsoweit m\u00f6glich, auf freiwilliger Basis. Diese Daten werden ohne Ihre<br \/>\nausdr\u00fcckliche Zustimmung nicht an Dritte weitergegeben. Sofern zwischen<br \/>\nIhnen und uns ein Vertragsverh\u00e4ltnis begr\u00fcndet, inhaltlich ausgestaltet oder<br \/>\nge\u00e4ndert werden soll oder Sie an uns eine Anfrage stellen, erheben und<br \/>\nverwenden wir personenbezogene Daten von Ihnen, soweit dies zu<br \/>\ndiesen Zwecken erforderlich ist (Bestandsdaten). Wir erheben, verarbeiten<br \/>\nund nutzen personenbezogene Daten soweit dies erforderlich ist, um Ihnen<br \/>\ndie Inanspruchnahme des Webangebots zu erm\u00f6glichen (Nutzungsdaten).<br \/>\nS\u00e4mtliche personenbezogenen Daten werden nur solange gespeichert<br \/>\nwie dies f\u00fcr den genannten Zweck<br \/>\n(Bearbeitung Ihrer Anfrage oder Abwicklung eines Vertrags) erforderlich ist.<br \/>\nHierbei werden steuer- und handelsrechtliche Aufbewahrungsfristen<br \/>\nber\u00fccksichtigt.<br \/>\nAuf Anordnung der zust\u00e4ndigen Stellen d\u00fcrfen wir im Einzelfall Auskunft<br \/>\n\u00fcber diese Daten (Bestandsdaten) erteilen, soweit dies f\u00fcr Zwecke der<br \/>\nStrafverfolgung, zur Gefahrenabwehr, zur Erf\u00fcllung der gesetzlichen<br \/>\nAufgaben der Verfassungsschutzbeh\u00f6rden oder des Milit\u00e4rischen<br \/>\nAbschirmdienstes oder zur Durchsetzung der Rechte am geistigen Eigentum<br \/>\nerforderlich ist.<\/p>\n<h3>Betroffenenrechte<\/h3>\n<p>Sie haben das jederzeitige Recht, sich unentgeltlich und unverz\u00fcglich \u00fcber<br \/>\ndie zu Ihrer Person erhobenen Daten zu erkundigen und diese dann<br \/>\ngegebenenfalls berichtigen zu lassen. Sie haben das jederzeitige Recht,<br \/>\nIhre Zustimmung zur Verwendung Ihrer angegeben pers\u00f6nlichen Daten mit<br \/>\nWirkung f\u00fcr die Zukunft zu widerrufen und eine L\u00f6schung oder Sperrung<br \/>\nIhrer Daten anzufordern.<br \/>\nAu\u00dferdem haben Sie das Recht auf Daten\u00fcbertragbarkeit und das Recht<br \/>\nauf Einschr\u00e4nkung der Verarbeitung und Widerspruch gegen die Verarbeitung.<br \/>\nBei jeglichen Fragen oder Geltungsmachung Ihrer Rechte wenden Sie sich<br \/>\nbitte an den Ansprechpartner unter den Kontaktdaten im Impressum.<\/p>\n<p>Sie haben zudem das Recht, sich bei einer Datenschutz-Aufsichtsbeh\u00f6rde \u00fcber<br \/>\ndie Verarbeitung Ihrer personenbezogenen Daten durch uns zu beschweren.<br \/>\nErhebung personenbezogener Daten bei Besuch unserer Website<br \/>\n(1) Bei der blo\u00df informatorischen Nutzung der Website, also wenn Sie sich<br \/>\nnicht registrieren oder uns anderweitig Informationen \u00fcbermitteln,<br \/>\nerheben wir nur die personenbezogenen Daten, die Ihr Browser an unseren<br \/>\nServer \u00fcbermittelt. Wenn Sie unsere Website betrachten m\u00f6chten, erheben wir<br \/>\ndie folgenden Daten, die f\u00fcr uns technisch erforderlich sind, um Ihnen unsere<br \/>\nWebsite anzuzeigenund die Stabilit\u00e4t und Sicherheit zu gew\u00e4hrleisten<br \/>\n(Rechtsgrundlage ist Art. 6 Abs. 1 S. 1 lit. f DS- GVO):<br \/>\n\u2013 IP-Adresse<br \/>\n\u2013 Datum und Uhrzeit der Anfrage<br \/>\n\u2013 Zeitzonendifferenz zur Greenwich Mean Time (GMT)<br \/>\n\u2013 Inhalt der Anforderung (konkrete Seite)<br \/>\n\u2013 Zugriffsstatus\/HTTP-Statuscode<br \/>\n\u2013 jeweils \u00fcbertragene Datenmenge<br \/>\n\u2013 Website, von der die Anforderung kommt<br \/>\n\u2013 Browser<br \/>\n\u2013 Betriebssystem und dessen Oberfl\u00e4che<br \/>\n\u2013 Sprache und Version der Browsersoftware.<\/p>\n<p>(2) Zus\u00e4tzlich zu den zuvor genannten Daten werden bei Ihrer Nutzung<br \/>\nunserer Website Cookies auf Ihrem Rechner gespeichert. Bei Cookies handelt<br \/>\nes sich um kleine Textdateien, die auf Ihrer Festplatte dem von Ihnen<br \/>\nverwendeten Browser zugeordnet gespeichert werden und durch welche<br \/>\nder Stelle, die den Cookie setzt (hier durch uns), bestimmte Informationen zuflie\u00dfen.<br \/>\nCookies k\u00f6nnen keine Programme ausf\u00fchren oder Viren auf Ihren Computer<br \/>\n\u00fcbertragen.Sie dienen dazu, das Internetangebot insgesamt nutzerfreundlicher<br \/>\nund effektiver zu machen.<\/p>\n<p>(3) Einsatz von Cookies:<br \/>\na) Diese Website nutzt folgende Arten von Cookies,<br \/>\nderen Umfang und Funktionsweise im Folgenden erl\u00e4utert werden:<br \/>\n\u2013 Transiente Cookies (dazu b)<br \/>\n\u2013 Persistente Cookies (dazu c).<\/p>\n<p>b) Transiente Cookies werden automatisiert gel\u00f6scht,<br \/>\nwenn Sie den Browser schlie\u00dfen.<br \/>\nDazu z\u00e4hlen insbesondere die Session-Cookies.<br \/>\nDiese speichern eine sogenannte Session-ID, mit welcher sich verschiedene<br \/>\nAnfragen Ihres Browsers der gemeinsamen Sitzung zuordnen lassen.<br \/>\nDadurch kann Ihr Rechner wiedererkannt werden, wenn Sie auf unsere<br \/>\nWebsite zur\u00fcckkehren. Die Session-Cookies werden gel\u00f6scht,<br \/>\nwenn Sie sich ausloggen oder den Browser schlie\u00dfen.<br \/>\nc) Persistente Cookies werden automatisiert nach einer vorgegebenen<br \/>\nDauer gel\u00f6scht, die sich je nach Cookie unterscheiden kann.<br \/>\nSie k\u00f6nnen die Cookies in den Sicherheitseinstellungen Ihres Browsers<br \/>\njederzeit l\u00f6schen.<br \/>\nd) Sie k\u00f6nnen Ihre Browser-Einstellung entsprechend Ihren W\u00fcnschen<br \/>\nkonfigurieren und z. B. die Annahme von Third-Party-Cookies oder allen<br \/>\nCookies ablehnen.<br \/>\nWir weisen Sie darauf hin, dass Sie eventuell nicht alle Funktionen dieser<br \/>\nWebsite nutzen k\u00f6nnen.<br \/>\ne) Wir setzen Cookies ein, um Sie f\u00fcr Folgebesuche identifizieren zu k\u00f6nnen,<br \/>\nfalls Sie \u00fcber einen Account bei uns verf\u00fcgen. Andernfalls m\u00fcssten Sie sich<br \/>\nf\u00fcr jeden Besuch erneut einloggen.<br \/>\nf) Die genutzten Flash-Cookies werden nicht durch Ihren Browser erfasst,<br \/>\nsondern durch Ihr Flash-Plug-in. Weiterhin nutzen wir HTML5 storage objects,<br \/>\ndie auf Ihrem Endger\u00e4t abgelegt werden.<\/p>\n<p>Diese Objekte speichern die erforderlichen Daten unabh\u00e4ngig von Ihrem<br \/>\nverwendeten Browser und haben kein automatisches Ablaufdatum. Wenn<br \/>\nSie keine Verarbeitung der Flash-Cookies w\u00fcnschen, m\u00fcssen Sie ein<br \/>\nentsprechendes Add-On installieren, z. B. \u201eBetter Privacy\u201c f\u00fcr Mozilla Firefox<br \/>\n(https:\/\/addons.mozilla.org\/de\/firefox\/addon\/betterprivacy\/)<br \/>\noder das Adobe-Flash-Killer-Cookie f\u00fcr Google Chrome.<br \/>\nDie Nutzung von HTML5 storage objects k\u00f6nnen Sie verhindern,<br \/>\nindem Sie in Ihrem Browser den privaten Modus einsetzen.<br \/>\nZudem empfehlen wir, regelm\u00e4\u00dfig Ihre Cookies und den Browser-Verlauf<br \/>\nmanuell zu l\u00f6schen.<\/p>\n<h6>Daten\u00fcbermittlung \/Datenprotokollierung<\/h6>\n<p>Beim Besuch dieser Seite verzeichnet der Web-Server automatisch Log-Files,<br \/>\ndie keiner bestimmten Person zugeordnet werden k\u00f6nnen. Diese Daten<br \/>\nbeinhalten z. B. den Browsertyp und -version, verwendetes Betriebssystem,<br \/>\nReferrer URL (die zuvor besuchte Seite), IP-Adresse des anfragenden Rechners,<br \/>\nZugriffsdatum und -uhrzeit der Serveranfrage und die Dateianfrage des Client<br \/>\n(Dateiname und URL). Diese Daten werden nur zum Zweck der statistischen<br \/>\nAuswertung gesammelt. Eine Weitergabe an Dritte, zu kommerziellen oder<br \/>\nnichtkommerziellen Zwecken, findet nicht statt.<\/p>\n<h6>Nutzung pers\u00f6nlicher Daten<\/h6>\n<p>Pers\u00f6nliche Daten werden nur erhoben oder verarbeitet, wenn Sie diese<br \/>\nAngaben freiwillig, z.B. im Rahmen einer Anfrage mitteilen.<br \/>\nSofern keine erforderlichen Gr\u00fcnde im Zusammenhang mit einer<br \/>\nGesch\u00e4ftsabwicklung bestehen, k\u00f6nnen Sie jederzeit die zuvor erteilte<br \/>\nGenehmigung Ihrer pers\u00f6nlichen Datenspeicherung mit sofortiger Wirkung<br \/>\nschriftlich (z.B. per E-Mail oder per Fax) widerrufen.<br \/>\nIhre Daten werden nicht an Dritte weitergeben, es sei denn,<br \/>\neine Weitergabe ist aufgrund gesetzlicher Vorschriften erforderlich.<\/p>\n<h6>Sicherheit Ihrer Daten<\/h6>\n<p>Ihre uns zur Verf\u00fcgung gestellten pers\u00f6nlichen Daten werden durch Ergreifung aller technischen sowie organisatorischen Sicherheitsma\u00dfnahmen so gesichert, dass sie f\u00fcr den Zugriff unberechtigter Dritter unzug\u00e4nglich sind. Bei Versendung von sehr sensiblen Daten oder Informationen ist es empfehlenswert, den Postweg zu nutzen, da eine vollst\u00e4ndige Datensicherheit per E-Mail nicht gew\u00e4hrleistet werden kann.\u201c<\/p>\n<hr \/>\n<p><!--\n<iframe loading=\"lazy\" width=\"300\" height=\"150\" src=\"http:\/\/www.ms-silicon.de\/piwik\/index.php?module=CoreAdminHome&amp;action=optOut&amp;language=de\" style=\"border: 0px currentColor; border-image: none; width: 600px; height: 300px;\"><\/iframe>\n--><\/p>\n<p>[\/et_pb_text][\/et_pb_column_inner][\/et_pb_row_inner][\/et_pb_column][et_pb_column type=&#8220;1_4&#8243;][et_pb_image admin_label=&#8220;Bild&#8220; show_in_lightbox=&#8220;off&#8220; url_new_window=&#8220;off&#8220; animation=&#8220;off&#8220; sticky=&#8220;off&#8220; align=&#8220;left&#8220; force_fullwidth=&#8220;off&#8220; always_center_on_mobile=&#8220;off&#8220; use_border_color=&#8220;off&#8220; border_color=&#8220;#ffffff&#8220; border_style=&#8220;solid&#8220; src=&#8220;https:\/\/www.ms-silicon.de\/ms-sil\/wp-content\/uploads\/2015\/11\/new-MS-FORM-Logo.png&#8220; url=&#8220;https:\/\/www.ms-silicon.de\/ms-sil\/ms-silicon-formteile-gmbh\/&#8220; use_overlay=&#8220;off&#8220;]<\/p>\n<p>&nbsp;<\/p>\n<p>[\/et_pb_image][et_pb_text admin_label=&#8220;Text&#8220; background_layout=&#8220;light&#8220; text_orientation=&#8220;left&#8220; use_border_color=&#8220;off&#8220; border_color=&#8220;#ffffff&#8220; border_style=&#8220;solid&#8220;]<\/p>\n<p>&nbsp;<\/p>\n<p><a href=\"https:\/\/www.ms-silicon.de\/ms-sil\/impressum-ms-silicon\/\">Impressum<br \/>\nM+S Silicon<\/a><\/p>\n<p><a href=\"https:\/\/www.ms-silicon.de\/ms-sil\/impressum-ms-damerius\/\">Impressum<br \/>\nM+S Damerius<\/a><\/p>\n<p><a href=\"https:\/\/www.ms-silicon.de\/ms-sil\/impressum-ms-kayser\/\">Impressum<br \/>\nM+S Kayser<\/a><\/p>\n<p>[\/et_pb_text][\/et_pb_column][\/et_pb_section]<\/p>\n","protected":false},"excerpt":{"rendered":"<p>M+S Formteile &nbsp; Impressum \/ Datenschutzerkl\u00e4rung &nbsp; Inhaltlich verantwortlich gem\u00e4\u00df \u00a7 10 Absatz 3 MDStV: &nbsp; M+S Silicon Formteile GmbH Hann\u00f6versche Str. 28 44143 Dortmund Telefon +49(0)231-967890-0 Telefax +49(0)231-967890-20 &nbsp; Werk 2 Hahnstra\u00dfe 6 48369 Saerbeck T +49(0)2574-939542-0 F +49(0)2574-939542-20 info(at)ms-formteile.de Gesch\u00e4ftsf\u00fchrer: J\u00fcrgen Siedler, Dr. Timo Bollermann Amtsgericht Dortmund HRB 18986 USt-IdNr. DE 235015761 &nbsp; [&hellip;]<\/p>\n","protected":false},"author":1,"featured_media":0,"parent":0,"menu_order":0,"comment_status":"closed","ping_status":"closed","template":"","meta":{"_et_pb_use_builder":"on","_et_pb_old_content":"","_et_gb_content_width":"","footnotes":""},"dipi_cpt_category":[],"class_list":["post-2349","page","type-page","status-publish","hentry"],"_links":{"self":[{"href":"https:\/\/www.ms-silicon.de\/ms-sil\/wp-json\/wp\/v2\/pages\/2349","targetHints":{"allow":["GET"]}}],"collection":[{"href":"https:\/\/www.ms-silicon.de\/ms-sil\/wp-json\/wp\/v2\/pages"}],"about":[{"href":"https:\/\/www.ms-silicon.de\/ms-sil\/wp-json\/wp\/v2\/types\/page"}],"author":[{"embeddable":true,"href":"https:\/\/www.ms-silicon.de\/ms-sil\/wp-json\/wp\/v2\/users\/1"}],"replies":[{"embeddable":true,"href":"https:\/\/www.ms-silicon.de\/ms-sil\/wp-json\/wp\/v2\/comments?post=2349"}],"version-history":[{"count":73,"href":"https:\/\/www.ms-silicon.de\/ms-sil\/wp-json\/wp\/v2\/pages\/2349\/revisions"}],"predecessor-version":[{"id":5921,"href":"https:\/\/www.ms-silicon.de\/ms-sil\/wp-json\/wp\/v2\/pages\/2349\/revisions\/5921"}],"wp:attachment":[{"href":"https:\/\/www.ms-silicon.de\/ms-sil\/wp-json\/wp\/v2\/media?parent=2349"}],"wp:term":[{"taxonomy":"dipi_cpt_category","embeddable":true,"href":"https:\/\/www.ms-silicon.de\/ms-sil\/wp-json\/wp\/v2\/dipi_cpt_category?post=2349"}],"curies":[{"name":"wp","href":"https:\/\/api.w.org\/{rel}","templated":true}]}}