{"id":2598,"date":"2016-06-23T11:04:12","date_gmt":"2016-06-23T09:04:12","guid":{"rendered":"http:\/\/www.ms-silicon.de\/ms-sil\/?page_id=2598"},"modified":"2026-03-25T12:20:47","modified_gmt":"2026-03-25T11:20:47","slug":"produkty-dane-techniczne","status":"publish","type":"page","link":"https:\/\/www.ms-silicon.de\/ms-sil\/produkty-dane-techniczne\/","title":{"rendered":"Produkty \u2013 dane techniczne"},"content":{"rendered":"<p>[et_pb_section fb_built=&#8220;1&#8243; specialty=&#8220;on&#8220; custom_padding_last_edited=&#8220;on|desktop&#8220; admin_label=&#8220;Sektion&#8220; _builder_version=&#8220;4.16&#8243; background_color=&#8220;#eef0f2&#8243; custom_padding_tablet=&#8220;50px|0|50px|0&#8243; custom_padding_phone=&#8220;50px|0|50px|0&#8243; transparent_background=&#8220;off&#8220; padding_mobile=&#8220;off&#8220; make_fullwidth=&#8220;off&#8220; use_custom_width=&#8220;off&#8220; width_unit=&#8220;on&#8220; global_colors_info=&#8220;{}&#8220;][et_pb_column type=&#8220;1_4&#8243; _builder_version=&#8220;4.16&#8243; custom_padding=&#8220;|||&#8220; global_colors_info=&#8220;{}&#8220; custom_padding__hover=&#8220;|||&#8220;][\/et_pb_column][et_pb_column type=&#8220;1_2&#8243; specialty_columns=&#8220;2&#8243; _builder_version=&#8220;4.16&#8243; custom_padding=&#8220;|||&#8220; global_colors_info=&#8220;{}&#8220; custom_padding__hover=&#8220;|||&#8220;][et_pb_row_inner padding_mobile=&#8220;off&#8220; use_custom_gutter=&#8220;on&#8220; column_padding_mobile=&#8220;on&#8220; admin_label=&#8220;Zeile&#8220; _builder_version=&#8220;4.16&#8243; global_colors_info=&#8220;{}&#8220;][et_pb_column_inner saved_specialty_column_type=&#8220;1_2&#8243; _builder_version=&#8220;4.16&#8243; background_color=&#8220;rgba(0,0,0,0)&#8220; custom_padding=&#8220;|||&#8220; global_colors_info=&#8220;{}&#8220; custom_padding__hover=&#8220;|||&#8220;][et_pb_text admin_label=&#8220;Text&#8220; _builder_version=&#8220;4.21.0&#8243; background_size=&#8220;initial&#8220; background_position=&#8220;top_left&#8220; background_repeat=&#8220;repeat&#8220; use_border_color=&#8220;off&#8220; border_color=&#8220;#ffffff&#8220; border_style=&#8220;solid&#8220; global_colors_info=&#8220;{}&#8220;]<\/p>\n<h1>Koszulki elektroizolacyjne<\/h1>\n<p>&nbsp;<\/p>\n<h4>PRODUKTY \u2013 DANE TECHNICZNE<\/h4>\n<p><strong>Prosz\u0119 wybra\u0107 produkt klikaj\u0105c na link, kt\u00f3ry pozwoli na przegl\u0105dni\u0119cie\/pobranie karty katalogowej w formacie PDF.<\/strong><\/p>\n<h3>\u00a0<\/h3>\n<p>&nbsp;<\/p>\n<h3>Koszulki izolacyjne bez oplotu<\/h3>\n<p>Koszulki elektroizolacyjne na bazie odpowiednich dobranych w\u0142\u00f3kien szklanych, wiskozy lub w\u0142\u00f3kien poliestrowych pokrytych poliuretanem lub dyspersj\u0105 silikonow\u0105, dla zastosowa\u0144 w odpowiednich zakres\u00f3w izolacji elektrycznej oraz klas ciep\u0142oodporno\u015bci.<\/p>\n<p><strong><a href=\"http:\/\/www.ms-silicon.de\/ms-dam-datenblaetter\/PL\/TDS Adaplast PL, Index 24.02.2016.pdf\" target=\"_blank\" rel=\"noopener\">ADAPLAST W\u0105\u017c PVC<\/a><a href=\"http:\/\/www.ms-silicon.de\/ms-dam-datenblaetter\/Datenblatt Adaplast Stand 24.02.16.pdf\" target=\"_blank\" rel=\"noopener\"><br \/><\/a><\/strong>Odporno\u015b\u0107 temperaturowa 105\u00b0C \u2013 klasa termoodporno\u015bci Y, Koszulka izolacyjna typu B wykonana z PCV<\/p>\n<p><strong><a href=\"http:\/\/www.ms-silicon.de\/ms-dam-datenblaetter\/PL\/TDS Siliconschlauch PL, Index 24.02.2016.pdf\" target=\"_blank\" rel=\"noopener\">SILIKONOWY W\u0105\u017c izolacyjny<\/a><a href=\"http:\/\/www.ms-silicon.de\/ms-dam-datenblaetter\/Datenblatt Siliconschlauch Stand 24.02.16.pdf\" target=\"_blank\" rel=\"noopener\"><br \/><\/a><\/strong>Odporno\u015b\u0107 temperaturowa 200\u00b0C \u2013 klasa termoodporno\u015bci H, Koszulka izolacyjna wykonana z silikonu<\/p>\n<p><strong><a href=\"http:\/\/www.ms-silicon.de\/ms-dam-datenblaetter\/PL\/TDS Siliconschlauch, heat stabilized, self-extinguishing PL, Index 24.02.2016.pdf\" target=\"_blank\" rel=\"noopener\">SILIKONOWY W\u0105\u017c izolacyjny<\/a><a href=\"http:\/\/www.ms-silicon.de\/ms-dam-datenblaetter\/Datenblatt Siliconschlauch hitzestabilisiert selbstverloeschend Stand 24.02.16.pdf\" target=\"_blank\" rel=\"noopener\"><br \/><\/a><\/strong>Odporno\u015b\u0107 temperaturowa 200\u00b0C \u2013 klasa termoodporno\u015bci H, wykonana z silikonu<\/p>\n<hr \/>\n<p>&nbsp;<\/p>\n<h3>Koszulki izolacyjne na bazie oplotu<\/h3>\n<p>&nbsp;<\/p>\n<p><strong><a href=\"http:\/\/www.ms-silicon.de\/ms-dam-datenblaetter\/PL\/TDS Adatherm 100T PL, Index 24.02.2016.pdf\" target=\"_blank\" rel=\"noopener\">ADATHERM 100 T Koszulka lakierowana<\/a><a href=\"http:\/\/www.ms-silicon.de\/ms-dam-datenblaetter\/Datenblatt Adatherm 100T Stand 24.02.16.pdf\" target=\"_blank\" rel=\"noopener\"><br \/><\/a><\/strong>Odporno\u015b\u0107 temperaturowa 135\u00b0C \u2013 klasa termoodporno\u015bci B, Koszulka izolacyjna typu A wykonana z wiskozy i lakieru poliuretanowego<\/p>\n<p><strong><a href=\"http:\/\/www.ms-silicon.de\/ms-dam-datenblaetter\/PL\/TDS Adatherm 200T PL, Stand 24.02.2016.pdf\" target=\"_blank\" rel=\"noopener\">ADATHERM 200 T Koszulka lakierowana<\/a><a href=\"http:\/\/www.ms-silicon.de\/ms-dam-datenblaetter\/Datenblatt Adatherm 200T Stand 24.02.16.pdf\" target=\"_blank\" rel=\"noopener\"><br \/><\/a><\/strong>Odporno\u015b\u0107 temperaturowa 155\u00b0C \u2013 klasa termoodporno\u015bci F, Koszulka izolacyjna typu A wykonana z w\u0142\u00f3kna poliestrowego i lakieru poliuretanowego<\/p>\n<p><strong><a href=\"http:\/\/www.ms-silicon.de\/ms-dam-datenblaetter\/PL\/Datasheet_Adaglas_PL_20190417.pdf\" target=\"_blank\" rel=\"noopener\">ADAGLAS Koszulka lakierowana<\/a><a href=\"http:\/\/www.ms-silicon.de\/ms-dam-datenblaetter\/PL\/Datasheet_Adaglas_PL_20180801.pdf\" target=\"_blank\" rel=\"noopener\"><br \/><\/a><\/strong>Odporno\u015b\u0107 temperaturowa 155\u00b0C \u2013 klasa termoodporno\u015bci F, Koszulka izolacyjna typu A wykonana z w\u0142\u00f3kna szklanego i lakieru poliuretanowego<\/p>\n<p><strong><a href=\"http:\/\/www.ms-silicon.de\/ms-dam-datenblaetter\/PL\/Datasheet_Adaglas_UL_PL,_Stand_24.02.2016.pdf\" target=\"_blank\" rel=\"noopener\">ADAGLAS UL Koszulka lakierowana<\/a><a href=\"http:\/\/www.ms-silicon.de\/ms-dam-datenblaetter\/Datenblatt Adaglas Stand 04.04.2016.pdf\" target=\"_blank\" rel=\"noopener\"><br \/><\/a><\/strong>Odporno\u015b\u0107 temperaturowa 155\u00b0C \u2013 klasa termoodporno\u015bci F, Koszulka izolacyjna typu A wykonana z w\u0142\u00f3kna szklanego i lakieru poliuretanowego<\/p>\n<p><strong><a href=\"http:\/\/www.ms-silicon.de\/ms-dam-datenblaetter\/PL\/Datasheet_Adasil_PL_20190417.pdf\" target=\"_blank\" rel=\"noopener\">ADASIL Koszulka lakierowana<\/a><\/strong><br \/>Odporno\u015b\u0107 temperaturowa 230\u00b0C \u2013 klasa termoodporno\u015bci C, Koszulka izolacyjna typu A wykonana z w\u0142\u00f3kna szklanego, pokryta dyspersj\u0105 silikonow\u0105<\/p>\n<p><strong><a href=\"http:\/\/www.ms-silicon.de\/ms-dam-datenblaetter\/PL\/TDS fibreglass raw-hose PL, Index 24.02.2016.pdf\" target=\"_blank\" rel=\"noopener\">Koszulka szklana, surowa<\/a><a href=\"http:\/\/www.ms-silicon.de\/ms-dam-datenblaetter\/Datenblatt Glasseidenrohschlauch Stand 24.02.16.pdf\" target=\"_blank\" rel=\"noopener\"><br \/><\/a><\/strong>Odporno\u015b\u0107 temperaturowa 500\u00b0C \u2013 klasa termoodporno\u015bci C, Koszulka izolacyjna wykonana z w\u0142\u00f3kna szklanego<\/p>\n<p><strong><a href=\"http:\/\/www.ms-silicon.de\/ms-dam-datenblaetter\/PL\/TDS fibreglass-hose impregnated PL, Index 24.02.2016.pdf\" target=\"_blank\" rel=\"noopener\">Koszulka izolacyjna z w\u0142\u00f3kna szklanego<\/a><\/strong><br \/>Odporno\u015b\u0107 temperaturowa 155\u00b0C \u2013 klasa termoodporno\u015bci F, impregnowana, odporna na uszkodzenia mechaniczne, Koszulka izolacyjna wykonana z w\u0142\u00f3kna szklanego, impregnowana poliuretanem<\/p>\n<p><strong><a href=\"http:\/\/www.ms-silicon.de\/ms-dam-datenblaetter\/PL\/TDS fibregalss-hose double-walled, impregnated PL, Index 24.02.2016.pdf\" target=\"_blank\" rel=\"noopener\">Koszulka z w\u0142\u00f3kna szklanego \u2013 podw\u00f3jna \u015bciana<\/a><a href=\"http:\/\/www.ms-silicon.de\/ms-dam-datenblaetter\/Datenblatt Glasseidenschlauch doppelwandig inpraegniert Stand 24.02.16.pdf\" target=\"_blank\" rel=\"noopener\"><br \/><\/a><\/strong>Odporno\u015b\u0107 temperaturowa 300\u00b0C \u2013 klasa termoodporno\u015bci C, impregnowana, odporna na uszkodzenia mechaniczne, Koszulka izolacyjna wykonana z podw\u00f3jnego oplotu w\u0142\u00f3kna szklanego, impregnowana lakierem poliuretanowym lub dyspersj\u0105 silikonow\u0105<\/p>\n<p>&nbsp;<\/p>\n<a href='https:\/\/www.ms-silicon.de\/ms-sil\/?page_id=779' class='small-button smallsilver'>zur\u00fcck<\/a>\n<p>[\/et_pb_text][\/et_pb_column_inner][\/et_pb_row_inner][\/et_pb_column][et_pb_column type=&#8220;1_4&#8243; _builder_version=&#8220;4.16&#8243; custom_padding=&#8220;|||&#8220; global_colors_info=&#8220;{}&#8220; custom_padding__hover=&#8220;|||&#8220;][et_pb_text admin_label=&#8220;Text&#8220; _builder_version=&#8220;4.16&#8243; background_size=&#8220;initial&#8220; background_position=&#8220;top_left&#8220; background_repeat=&#8220;repeat&#8220; use_border_color=&#8220;off&#8220; border_color=&#8220;#ffffff&#8220; border_style=&#8220;solid&#8220; global_colors_info=&#8220;{}&#8220;]<\/p>\n<hr \/>\n<p><strong><a href=\"https:\/\/www.ms-silicon.de\/ms-sil\/?page_id=1540\">Zu Ihren Ansprechpartnern von M+S Damerius<\/a><br \/>\n<\/strong><br \/>\n[\/et_pb_text][et_pb_image src=&#8220;https:\/\/www.ms-silicon.de\/ms-sil\/wp-content\/uploads\/2015\/11\/new-MS-DAM-Logo.png&#8220; url=&#8220;https:\/\/www.ms-silicon.de\/ms-sil\/?page_id=1540&#8243; admin_label=&#8220;Bild&#8220; _builder_version=&#8220;4.16&#8243; use_border_color=&#8220;off&#8220; border_color=&#8220;#ffffff&#8220; border_style=&#8220;solid&#8220; animation=&#8220;off&#8220; sticky=&#8220;off&#8220; always_center_on_mobile=&#8220;off&#8220; global_colors_info=&#8220;{}&#8220;][\/et_pb_image][\/et_pb_column][\/et_pb_section]<\/p>\n","protected":false},"excerpt":{"rendered":"<p>Koszulki elektroizolacyjne &nbsp; PRODUKTY \u2013 DANE TECHNICZNE Prosz\u0119 wybra\u0107 produkt klikaj\u0105c na link, kt\u00f3ry pozwoli na przegl\u0105dni\u0119cie\/pobranie karty katalogowej w formacie PDF. \u00a0 &nbsp; Koszulki izolacyjne bez oplotu Koszulki elektroizolacyjne na bazie odpowiednich dobranych w\u0142\u00f3kien szklanych, wiskozy lub w\u0142\u00f3kien poliestrowych pokrytych poliuretanem lub dyspersj\u0105 silikonow\u0105, dla zastosowa\u0144 w odpowiednich zakres\u00f3w izolacji elektrycznej oraz klas ciep\u0142oodporno\u015bci. [&hellip;]<\/p>\n","protected":false},"author":1,"featured_media":0,"parent":0,"menu_order":0,"comment_status":"closed","ping_status":"closed","template":"","meta":{"_et_pb_use_builder":"on","_et_pb_old_content":"","_et_gb_content_width":"","footnotes":""},"dipi_cpt_category":[],"class_list":["post-2598","page","type-page","status-publish","hentry"],"_links":{"self":[{"href":"https:\/\/www.ms-silicon.de\/ms-sil\/wp-json\/wp\/v2\/pages\/2598","targetHints":{"allow":["GET"]}}],"collection":[{"href":"https:\/\/www.ms-silicon.de\/ms-sil\/wp-json\/wp\/v2\/pages"}],"about":[{"href":"https:\/\/www.ms-silicon.de\/ms-sil\/wp-json\/wp\/v2\/types\/page"}],"author":[{"embeddable":true,"href":"https:\/\/www.ms-silicon.de\/ms-sil\/wp-json\/wp\/v2\/users\/1"}],"replies":[{"embeddable":true,"href":"https:\/\/www.ms-silicon.de\/ms-sil\/wp-json\/wp\/v2\/comments?post=2598"}],"version-history":[{"count":22,"href":"https:\/\/www.ms-silicon.de\/ms-sil\/wp-json\/wp\/v2\/pages\/2598\/revisions"}],"predecessor-version":[{"id":27563606,"href":"https:\/\/www.ms-silicon.de\/ms-sil\/wp-json\/wp\/v2\/pages\/2598\/revisions\/27563606"}],"wp:attachment":[{"href":"https:\/\/www.ms-silicon.de\/ms-sil\/wp-json\/wp\/v2\/media?parent=2598"}],"wp:term":[{"taxonomy":"dipi_cpt_category","embeddable":true,"href":"https:\/\/www.ms-silicon.de\/ms-sil\/wp-json\/wp\/v2\/dipi_cpt_category?post=2598"}],"curies":[{"name":"wp","href":"https:\/\/api.w.org\/{rel}","templated":true}]}}