{"id":26294,"date":"2021-01-13T14:45:39","date_gmt":"2021-01-13T13:45:39","guid":{"rendered":"https:\/\/www.ms-silicon.de\/ms-sil\/?page_id=26294"},"modified":"2025-12-17T08:24:52","modified_gmt":"2025-12-17T07:24:52","slug":"ms-silicon-formteile-historie","status":"publish","type":"page","link":"https:\/\/www.ms-silicon.de\/ms-sil\/ms-silicon-formteile-historie\/","title":{"rendered":"M+S Silicon Formteile Historie"},"content":{"rendered":"<p>[et_pb_section fb_built=&#8220;1&#8243; admin_label=&#8220;section&#8220; module_class=&#8220;ds-timeline&#8220; _builder_version=&#8220;4.16&#8243; background_color=&#8220;#f4f4f4&#8243; custom_padding=&#8220;100px|0px|40px|0px&#8220; transparent_background=&#8220;on&#8220; padding_mobile=&#8220;off&#8220; make_fullwidth=&#8220;off&#8220; use_custom_width=&#8220;off&#8220; width_unit=&#8220;on&#8220; global_colors_info=&#8220;{}&#8220;][et_pb_row column_structure=&#8220;2_3,1_3&#8243; padding_mobile=&#8220;off&#8220; column_padding_mobile=&#8220;on&#8220; admin_label=&#8220;Zeile&#8220; _builder_version=&#8220;4.27.4&#8243; background_size=&#8220;initial&#8220; background_position=&#8220;top_left&#8220; background_repeat=&#8220;repeat&#8220; hover_enabled=&#8220;0&#8243; make_fullwidth=&#8220;off&#8220; use_custom_width=&#8220;off&#8220; width_unit=&#8220;on&#8220; global_colors_info=&#8220;{}&#8220; sticky_enabled=&#8220;0&#8243;][et_pb_column type=&#8220;2_3&#8243; _builder_version=&#8220;4.16&#8243; custom_padding=&#8220;|||&#8220; global_colors_info=&#8220;{}&#8220; custom_padding__hover=&#8220;|||&#8220;][et_pb_text admin_label=&#8220;Text&#8220; _builder_version=&#8220;4.16&#8243; background_size=&#8220;initial&#8220; background_position=&#8220;top_left&#8220; background_repeat=&#8220;repeat&#8220; custom_padding_tablet=&#8220;&#8220; custom_padding_phone=&#8220;&#8220; custom_padding_last_edited=&#8220;on|&#8220; use_border_color=&#8220;off&#8220; border_color=&#8220;#ffffff&#8220; border_style=&#8220;solid&#8220; global_colors_info=&#8220;{}&#8220;]<\/p>\n<h1>M+S Formteile<\/h1>\n<p>&nbsp;<\/p>\n<h3>Intelligente L\u00f6sungen f\u00fcr Formteile<br \/>\naus Fest- und Fl\u00fcssigsilicon<\/h3>\n<p>Die M+S Silicon Formteile GmbH entwickelt intelligente L\u00f6sungen f\u00fcr Qualit\u00e4tsprodukte aus Fl\u00fcssigsilicon und Feststoffsilicon. Wir beraten pers\u00f6nlich, planen umfassend und stimmen unsere L\u00f6sungen exakt auf die W\u00fcnsche unserer Kunden ab.<\/p>\n<p>Unsere Kernkompetenz liegt in der Verarbeitung von Fl\u00fcssigsilicon (LSR). Aber auch die hauseigenen Feststoffsilicon-Mischungen verarbeiten wir vollautomatisch auf unseren Anlagen. Zudem setzen wir unsere Erfahrungen bei der Verarbeitung von thermoplastischen Materialien und Fl\u00fcssigsilicon (LSR) f\u00fcr 2K-Bauteile ein.<\/p>\n<h3>Attraktive Dienstleistungen<\/h3>\n<p>Neben der Spritzgussfertigung bieten wir attraktive Dienstleistungen an. Dazu geh\u00f6ren die Personalisierung von Produkten mittels Tamponprint und\/oder Folienpr\u00e4gung, Montagearbeiten, Baugruppenfertigung, sterile Verpackungen, das Nachtempern von Produkten, Beschichtungsprozesse, Verpackungsprozesse, konstruktive Unterst\u00fctzung und die Oberfl\u00e4chenbehandlung (Flourierung und Parylene-Beschichtung).<br \/>\n[\/et_pb_text][et_pb_text admin_label=&#8220;Text&#8220; _builder_version=&#8220;4.16&#8243; background_size=&#8220;initial&#8220; background_position=&#8220;top_left&#8220; background_repeat=&#8220;repeat&#8220; use_border_color=&#8220;off&#8220; border_color=&#8220;#ffffff&#8220; border_style=&#8220;solid&#8220; global_colors_info=&#8220;{}&#8220;]<\/p>\n<h4 style=\"text-align: center;\">HISTORIE<\/h4>\n<p>[\/et_pb_text][et_pb_text admin_label=&#8220;Text&#8220; _builder_version=&#8220;4.16&#8243; background_size=&#8220;initial&#8220; background_position=&#8220;top_left&#8220; background_repeat=&#8220;repeat&#8220; use_border_color=&#8220;off&#8220; border_color=&#8220;#ffffff&#8220; border_style=&#8220;solid&#8220; global_colors_info=&#8220;{}&#8220;]\t\t<div class=\"wpostahs-slider-wrp\">\r\n\t\t\t<div class=\"wpostahs-slider wpostahs-slider-inner-wrp wpostahs-slider-design-2\">\r\n\t\t\t\t\n<div id=\"wpostahs-slider-nav-1\" class=\"wpostahs-slider-nav-1 wpostahs-slider-nav wpostahs-slick-slider\" data-slider-nav-for='wpostahs-slider-for-1'>\n\t\t\t\t<div class=\"wpostahs-slider-nav-title\">\n\t\t\t<div class=\"wpostahs-main-title\">\n\t\t\t\t<button><\/button>\n\t\t\t<\/div>\n\t\t\t<div class=\"wpostahs-title\">2003<\/div>\n\t\t<\/div>\n\t\t\t<div class=\"wpostahs-slider-nav-title\">\n\t\t\t<div class=\"wpostahs-main-title\">\n\t\t\t\t<button><\/button>\n\t\t\t<\/div>\n\t\t\t<div class=\"wpostahs-title\">2004<\/div>\n\t\t<\/div>\n\t\t\t<div class=\"wpostahs-slider-nav-title\">\n\t\t\t<div class=\"wpostahs-main-title\">\n\t\t\t\t<button><\/button>\n\t\t\t<\/div>\n\t\t\t<div class=\"wpostahs-title\">2005<\/div>\n\t\t<\/div>\n\t\t\t<div class=\"wpostahs-slider-nav-title\">\n\t\t\t<div class=\"wpostahs-main-title\">\n\t\t\t\t<button><\/button>\n\t\t\t<\/div>\n\t\t\t<div class=\"wpostahs-title\">2010<\/div>\n\t\t<\/div>\n\t\t\t<div class=\"wpostahs-slider-nav-title\">\n\t\t\t<div class=\"wpostahs-main-title\">\n\t\t\t\t<button><\/button>\n\t\t\t<\/div>\n\t\t\t<div class=\"wpostahs-title\">2011<\/div>\n\t\t<\/div>\n\t\t\t<div class=\"wpostahs-slider-nav-title\">\n\t\t\t<div class=\"wpostahs-main-title\">\n\t\t\t\t<button><\/button>\n\t\t\t<\/div>\n\t\t\t<div class=\"wpostahs-title\">2012<\/div>\n\t\t<\/div>\n\t\t\t<div class=\"wpostahs-slider-nav-title\">\n\t\t\t<div class=\"wpostahs-main-title\">\n\t\t\t\t<button><\/button>\n\t\t\t<\/div>\n\t\t\t<div class=\"wpostahs-title\">2014<\/div>\n\t\t<\/div>\n\t\t\t<div class=\"wpostahs-slider-nav-title\">\n\t\t\t<div class=\"wpostahs-main-title\">\n\t\t\t\t<button><\/button>\n\t\t\t<\/div>\n\t\t\t<div class=\"wpostahs-title\">2018<\/div>\n\t\t<\/div>\n\t<\/div>\n<div class=\"wpostahs-slider-for-1 wpostahs-slider-for wpostahs-slick-slider\">\n\t\t\t\t\t<div class=\"wpostahs-slider-nav-content\">\n\t\t<h2 class=\"wpostahs-centent-title\">2003<\/h2>\n\t\t\t<div class=\"wpostahs-centent\">\n\t\t\t\t<p>Gr\u00fcndung der M+S Silicon Formteile GmbH<\/p>\n\t\t\t<\/div>\n\t\t\t\n\t\t\t<div style=\"text-align:center\">\n\t\t\t\t<img decoding=\"async\" src=\"https:\/\/www.ms-silicon.de\/ms-sil\/wp-content\/uploads\/2016\/01\/ms-form-2003.png\" alt=\"2003\" \/>\n\t\t\t<\/div>\n\t\t\t\n\t\t<\/div>\n\t\t\t\t\t<div class=\"wpostahs-slider-nav-content\">\n\t\t<h2 class=\"wpostahs-centent-title\">2004<\/h2>\n\t\t\t<div class=\"wpostahs-centent\">\n\t\t\t\t<p>Neubau Produktion und Verwaltung Werk II in Saerbeck an der Boschstra\u00dfe<\/p>\n\t\t\t<\/div>\n\t\t\t\n\t\t\t<div style=\"text-align:center\">\n\t\t\t\t<img decoding=\"async\" src=\"https:\/\/www.ms-silicon.de\/ms-sil\/wp-content\/uploads\/2016\/01\/ms-form-2004.png\" alt=\"2004\" \/>\n\t\t\t<\/div>\n\t\t\t\n\t\t<\/div>\n\t\t\t\t\t<div class=\"wpostahs-slider-nav-content\">\n\t\t<h2 class=\"wpostahs-centent-title\">2005<\/h2>\n\t\t\t<div class=\"wpostahs-centent\">\n\t\t\t\t<p>\u00dcbernahme der Dr. Blasberg GmbH &amp; Co. KG in M\u00fcnster<\/p>\n\t\t\t<\/div>\n\t\t\t\n\t\t\t<div style=\"text-align:center\">\n\t\t\t\t<img decoding=\"async\" src=\"https:\/\/www.ms-silicon.de\/ms-sil\/wp-content\/uploads\/2016\/01\/ms-form-2005.png\" alt=\"2005\" \/>\n\t\t\t<\/div>\n\t\t\t\n\t\t<\/div>\n\t\t\t\t\t<div class=\"wpostahs-slider-nav-content\">\n\t\t<h2 class=\"wpostahs-centent-title\">2010<\/h2>\n\t\t\t<div class=\"wpostahs-centent\">\n\t\t\t\t<p>Neubau Produktion und Verwaltung Werk II Saerbeck an der Hahnstra\u00dfe, gleichzeitig Aufgabe der alten Standorte Boschstra\u00dfe und M\u00fcnster<\/p>\n\t\t\t<\/div>\n\t\t\t\n\t\t\t<div style=\"text-align:center\">\n\t\t\t\t<img decoding=\"async\" src=\"https:\/\/www.ms-silicon.de\/ms-sil\/wp-content\/uploads\/2016\/01\/ms-form-2010.png\" alt=\"2010\" \/>\n\t\t\t<\/div>\n\t\t\t\n\t\t<\/div>\n\t\t\t\t\t<div class=\"wpostahs-slider-nav-content\">\n\t\t<h2 class=\"wpostahs-centent-title\">2011<\/h2>\n\t\t\t<div class=\"wpostahs-centent\">\n\t\t\t\t<p>Aufbau der ersten Spritzgu\u00dfanlagen mit Roboterhandling<\/p>\n\t\t\t<\/div>\n\t\t\t\n\t\t\t<div style=\"text-align:center\">\n\t\t\t\t<img decoding=\"async\" src=\"https:\/\/www.ms-silicon.de\/ms-sil\/wp-content\/uploads\/2016\/01\/ms-form-2011.png\" alt=\"2011\" \/>\n\t\t\t<\/div>\n\t\t\t\n\t\t<\/div>\n\t\t\t\t\t<div class=\"wpostahs-slider-nav-content\">\n\t\t<h2 class=\"wpostahs-centent-title\">2012<\/h2>\n\t\t\t<div class=\"wpostahs-centent\">\n\t\t\t\t<p>Inbetriebnahme der ersten vollautomatischen HTV-Spritzgie\u00dfanlage<\/p>\n\t\t\t<\/div>\n\t\t\t\n\t\t\t<div style=\"text-align:center\">\n\t\t\t\t<img decoding=\"async\" src=\"https:\/\/www.ms-silicon.de\/ms-sil\/wp-content\/uploads\/2016\/01\/ms-form-2012.png\" alt=\"2012\" \/>\n\t\t\t<\/div>\n\t\t\t\n\t\t<\/div>\n\t\t\t\t\t<div class=\"wpostahs-slider-nav-content\">\n\t\t<h2 class=\"wpostahs-centent-title\">2014<\/h2>\n\t\t\t<div class=\"wpostahs-centent\">\n\t\t\t\t<p>Erweiterung der Verwaltung Werk II in Saerbeck<\/p>\n\t\t\t<\/div>\n\t\t\t\n\t\t\t<div style=\"text-align:center\">\n\t\t\t\t<img decoding=\"async\" src=\"https:\/\/www.ms-silicon.de\/ms-sil\/wp-content\/uploads\/2019\/09\/ms-sil-form-2014-1.png\" alt=\"2014\" \/>\n\t\t\t<\/div>\n\t\t\t\n\t\t<\/div>\n\t\t\t\t\t<div class=\"wpostahs-slider-nav-content\">\n\t\t<h2 class=\"wpostahs-centent-title\">2018<\/h2>\n\t\t\t<div class=\"wpostahs-centent\">\n\t\t\t\t<p>Fertigstellung der neuen Halle<\/p>\n\t\t\t<\/div>\n\t\t\t\n\t\t\t<div style=\"text-align:center\">\n\t\t\t\t<img decoding=\"async\" src=\"https:\/\/www.ms-silicon.de\/ms-sil\/wp-content\/uploads\/2019\/09\/ms-sil-form-2018-1.png\" alt=\"2018\" \/>\n\t\t\t<\/div>\n\t\t\t\n\t\t<\/div>\n\t<\/div><!-- #post-## -->\t\t\t<\/div>\r\n\t\t<div class=\"wpostahs-slider-conf\" data-conf=\"{&quot;dots&quot;:&quot;false&quot;,&quot;arrows&quot;:&quot;true&quot;,&quot;loop&quot;:&quot;false&quot;,&quot;autoplay&quot;:&quot;true&quot;,&quot;autoplayInterval&quot;:&quot;3000&quot;,&quot;speed&quot;:&quot;300&quot;,&quot;fade&quot;:&quot;true&quot;,&quot;rtl&quot;:&quot;false&quot;,&quot;centermode&quot;:&quot;true&quot;,&quot;slidestoshow&quot;:&quot;5&quot;}\"><\/div>\r\n\t\t<\/div>\r\n\t\t<br \/>\n[\/et_pb_text][\/et_pb_column][et_pb_column type=&#8220;1_3&#8243; _builder_version=&#8220;4.16&#8243; custom_padding=&#8220;|||&#8220; global_colors_info=&#8220;{}&#8220; custom_padding__hover=&#8220;|||&#8220;][et_pb_image src=&#8220;https:\/\/www.ms-silicon.de\/ms-sil\/wp-content\/uploads\/2015\/11\/new-MS-FORM-Logo.png&#8220; align_tablet=&#8220;center&#8220; align_phone=&#8220;center&#8220; align_last_edited=&#8220;on|desktop&#8220; admin_label=&#8220;Bild&#8220; _builder_version=&#8220;4.16&#8243; animation_style=&#8220;fade&#8220; animation_duration=&#8220;500ms&#8220; use_border_color=&#8220;off&#8220; border_color=&#8220;#ffffff&#8220; border_style=&#8220;solid&#8220; animation=&#8220;fade_in&#8220; sticky=&#8220;off&#8220; always_center_on_mobile=&#8220;on&#8220; global_colors_info=&#8220;{}&#8220;]&nbsp;<br \/>\n[\/et_pb_image][et_pb_text admin_label=&#8220;Text&#8220; _builder_version=&#8220;4.27.4&#8243; background_size=&#8220;initial&#8220; background_position=&#8220;top_left&#8220; background_repeat=&#8220;repeat&#8220; hover_enabled=&#8220;0&#8243; use_border_color=&#8220;off&#8220; border_color=&#8220;#ffffff&#8220; border_style=&#8220;solid&#8220; global_colors_info=&#8220;{}&#8220; sticky_enabled=&#8220;0&#8243;]M+S Silicon Formteile GmbH<br \/>\nHann\u00f6versche Str. 28<br \/>\n44143 Dortmund<\/p>\n<p><strong>Werk 2<\/strong><br \/>\nHahnstra\u00dfe 6<br \/>\n48369 Saerbeck<\/p>\n<p>T +49(0)2574-939542-0<br \/>\nF +49(0)2574-939542-20<\/p>\n<p><a class=\"textlinkklein\" href=\"mailto:info@ms-formteile.de\" target=\"_blank\" rel=\"noopener noreferrer\">info(at)ms-formteile.de<\/a><\/p>\n<p><strong><a href=\"https:\/\/www.ms-silicon.de\/ms-sil\/?page_id=2258\">Zertifikate<\/a><\/strong><br \/>\n<strong><a href=\"https:\/\/www.ms-silicon.de\/ms-form-download\/agb-ms-formteile-2212-de.pdf\" target=\"_blank\" rel=\"noopener noreferrer\">Gesch\u00e4ftsbedingungen<\/a><\/strong><br \/>\n<strong><a class=\"textlink\" href=\"https:\/\/www.ms-silicon.de\/ms-sil-download\/Unternehmenspolitik_2018.pdf\" target=\"_blank\" rel=\"noopener noreferrer\">Unternehmensphilosophie<\/a><\/strong><br \/>\n<a href=\"https:\/\/www.ms-silicon.de\/ms-sil\/?page_id=2349\"><strong>Impressum<\/strong><\/a><\/p>\n<p>&nbsp;[\/et_pb_text][\/et_pb_column][\/et_pb_row][\/et_pb_section]<\/p>\n","protected":false},"excerpt":{"rendered":"<p>[et_pb_section fb_built=&#8220;1&#8243; admin_label=&#8220;section&#8220; module_class=&#8220;ds-timeline&#8220; _builder_version=&#8220;4.16&#8243; background_color=&#8220;#f4f4f4&#8243; custom_padding=&#8220;100px|0px|40px|0px&#8220; transparent_background=&#8220;on&#8220; padding_mobile=&#8220;off&#8220; make_fullwidth=&#8220;off&#8220; use_custom_width=&#8220;off&#8220; width_unit=&#8220;on&#8220; global_colors_info=&#8220;{}&#8220;][et_pb_row column_structure=&#8220;2_3,1_3&#8243; padding_mobile=&#8220;off&#8220; column_padding_mobile=&#8220;on&#8220; admin_label=&#8220;Zeile&#8220; _builder_version=&#8220;4.27.4&#8243; background_size=&#8220;initial&#8220; background_position=&#8220;top_left&#8220; background_repeat=&#8220;repeat&#8220; hover_enabled=&#8220;0&#8243; make_fullwidth=&#8220;off&#8220; use_custom_width=&#8220;off&#8220; width_unit=&#8220;on&#8220; global_colors_info=&#8220;{}&#8220; sticky_enabled=&#8220;0&#8243;][et_pb_column type=&#8220;2_3&#8243; _builder_version=&#8220;4.16&#8243; custom_padding=&#8220;|||&#8220; global_colors_info=&#8220;{}&#8220; custom_padding__hover=&#8220;|||&#8220;][et_pb_text admin_label=&#8220;Text&#8220; _builder_version=&#8220;4.16&#8243; background_size=&#8220;initial&#8220; background_position=&#8220;top_left&#8220; background_repeat=&#8220;repeat&#8220; custom_padding_tablet=&#8220;&#8220; custom_padding_phone=&#8220;&#8220; custom_padding_last_edited=&#8220;on|&#8220; use_border_color=&#8220;off&#8220; border_color=&#8220;#ffffff&#8220; border_style=&#8220;solid&#8220; global_colors_info=&#8220;{}&#8220;] M+S Formteile &nbsp; Intelligente L\u00f6sungen f\u00fcr Formteile aus Fest- und Fl\u00fcssigsilicon [&hellip;]<\/p>\n","protected":false},"author":1,"featured_media":0,"parent":0,"menu_order":0,"comment_status":"closed","ping_status":"closed","template":"","meta":{"_et_pb_use_builder":"on","_et_pb_old_content":"","_et_gb_content_width":"","footnotes":""},"dipi_cpt_category":[],"class_list":["post-26294","page","type-page","status-publish","hentry"],"_links":{"self":[{"href":"https:\/\/www.ms-silicon.de\/ms-sil\/wp-json\/wp\/v2\/pages\/26294","targetHints":{"allow":["GET"]}}],"collection":[{"href":"https:\/\/www.ms-silicon.de\/ms-sil\/wp-json\/wp\/v2\/pages"}],"about":[{"href":"https:\/\/www.ms-silicon.de\/ms-sil\/wp-json\/wp\/v2\/types\/page"}],"author":[{"embeddable":true,"href":"https:\/\/www.ms-silicon.de\/ms-sil\/wp-json\/wp\/v2\/users\/1"}],"replies":[{"embeddable":true,"href":"https:\/\/www.ms-silicon.de\/ms-sil\/wp-json\/wp\/v2\/comments?post=26294"}],"version-history":[{"count":14,"href":"https:\/\/www.ms-silicon.de\/ms-sil\/wp-json\/wp\/v2\/pages\/26294\/revisions"}],"predecessor-version":[{"id":28161,"href":"https:\/\/www.ms-silicon.de\/ms-sil\/wp-json\/wp\/v2\/pages\/26294\/revisions\/28161"}],"wp:attachment":[{"href":"https:\/\/www.ms-silicon.de\/ms-sil\/wp-json\/wp\/v2\/media?parent=26294"}],"wp:term":[{"taxonomy":"dipi_cpt_category","embeddable":true,"href":"https:\/\/www.ms-silicon.de\/ms-sil\/wp-json\/wp\/v2\/dipi_cpt_category?post=26294"}],"curies":[{"name":"wp","href":"https:\/\/api.w.org\/{rel}","templated":true}]}}