{"id":26305,"date":"2021-01-13T14:50:48","date_gmt":"2021-01-13T13:50:48","guid":{"rendered":"https:\/\/www.ms-silicon.de\/ms-sil\/?page_id=26305"},"modified":"2025-12-17T08:26:54","modified_gmt":"2025-12-17T07:26:54","slug":"ms-damerius-historie","status":"publish","type":"page","link":"https:\/\/www.ms-silicon.de\/ms-sil\/ms-damerius-historie\/","title":{"rendered":"M+S Damerius Historie"},"content":{"rendered":"<p>[et_pb_section fb_built=&#8220;1&#8243; admin_label=&#8220;section&#8220; module_class=&#8220;ds-timeline&#8220; _builder_version=&#8220;4.16&#8243; background_color=&#8220;#f4f4f4&#8243; custom_padding=&#8220;100px|0px|40px|0px&#8220; transparent_background=&#8220;on&#8220; padding_mobile=&#8220;off&#8220; make_fullwidth=&#8220;off&#8220; use_custom_width=&#8220;off&#8220; width_unit=&#8220;on&#8220; global_colors_info=&#8220;{}&#8220;][et_pb_row column_structure=&#8220;2_3,1_3&#8243; padding_mobile=&#8220;off&#8220; column_padding_mobile=&#8220;on&#8220; admin_label=&#8220;Zeile&#8220; _builder_version=&#8220;4.16&#8243; background_size=&#8220;initial&#8220; background_position=&#8220;top_left&#8220; background_repeat=&#8220;repeat&#8220; make_fullwidth=&#8220;off&#8220; use_custom_width=&#8220;off&#8220; width_unit=&#8220;on&#8220; global_colors_info=&#8220;{}&#8220;][et_pb_column type=&#8220;2_3&#8243; _builder_version=&#8220;4.16&#8243; custom_padding=&#8220;|||&#8220; global_colors_info=&#8220;{}&#8220; custom_padding__hover=&#8220;|||&#8220;][et_pb_text admin_label=&#8220;Text&#8220; _builder_version=&#8220;4.16&#8243; background_size=&#8220;initial&#8220; background_position=&#8220;top_left&#8220; background_repeat=&#8220;repeat&#8220; custom_padding_tablet=&#8220;&#8220; custom_padding_phone=&#8220;&#8220; custom_padding_last_edited=&#8220;on|&#8220; use_border_color=&#8220;off&#8220; border_color=&#8220;#ffffff&#8220; border_style=&#8220;solid&#8220; global_colors_info=&#8220;{}&#8220;]<\/p>\n<h1>M+S Damerius<\/h1>\n<p>&nbsp;<\/p>\n<h3>Isolierschl\u00e4uche f\u00fcr die industrielle Weiterverarbeitung<\/h3>\n<p>Als dynamisches Traditionsunternehmen blickt die M+S Damerius GmbH &amp; Co. KG auf eine mehr als 80-j\u00e4hrige, erfolgreiche Firmengeschichte zur\u00fcck. Die hohe Qualit\u00e4t unserer Isolierschl\u00e4uche findet weltweit Anerkennung. Mit kundenspezifischen L\u00f6sungen, einem umfangreichen Sortiment und gro\u00dfer Flexibilit\u00e4t \u00fcberzeugen wir renommierte Unternehmen der Elektro- und Automobilindustrie.<\/p>\n<h3>Kontinuierliche Investitionen in die Zukunft<\/h3>\n<p>Unser Erfolg ist f\u00fcr uns Anspruch und Verpflichtung zugleich! Kontinuierlich investieren wir in die Optimierung unserer Fertigungsanlagen und stellen mit vorausschauenden Investitionen die Weichen f\u00fcr eine sichere Zukunft. Im Rahmen unseres umweltfreundlichen Energiesparkonzepts tragen wir mit der thermischen Nachverbrennung (TNV) zur Reduktion von Emissionen bei.<br \/>\n[\/et_pb_text][et_pb_text admin_label=&#8220;Text&#8220; _builder_version=&#8220;4.16&#8243; background_size=&#8220;initial&#8220; background_position=&#8220;top_left&#8220; background_repeat=&#8220;repeat&#8220; use_border_color=&#8220;off&#8220; border_color=&#8220;#ffffff&#8220; border_style=&#8220;solid&#8220; global_colors_info=&#8220;{}&#8220;]<\/p>\n<h4 style=\"text-align: center;\">HISTORIE<\/h4>\n<p>[\/et_pb_text][et_pb_text admin_label=&#8220;Text&#8220; _builder_version=&#8220;4.16&#8243; background_size=&#8220;initial&#8220; background_position=&#8220;top_left&#8220; background_repeat=&#8220;repeat&#8220; use_border_color=&#8220;off&#8220; border_color=&#8220;#ffffff&#8220; border_style=&#8220;solid&#8220; global_colors_info=&#8220;{}&#8220;]\t\t<div class=\"wpostahs-slider-wrp\">\r\n\t\t\t<div class=\"wpostahs-slider wpostahs-slider-inner-wrp wpostahs-slider-design-2\">\r\n\t\t\t\t\n<div id=\"wpostahs-slider-nav-1\" class=\"wpostahs-slider-nav-1 wpostahs-slider-nav wpostahs-slick-slider\" data-slider-nav-for='wpostahs-slider-for-1'>\n\t\t\t\t<div class=\"wpostahs-slider-nav-title\">\n\t\t\t<div class=\"wpostahs-main-title\">\n\t\t\t\t<button><\/button>\n\t\t\t<\/div>\n\t\t\t<div class=\"wpostahs-title\">1933<\/div>\n\t\t<\/div>\n\t\t\t<div class=\"wpostahs-slider-nav-title\">\n\t\t\t<div class=\"wpostahs-main-title\">\n\t\t\t\t<button><\/button>\n\t\t\t<\/div>\n\t\t\t<div class=\"wpostahs-title\">1950<\/div>\n\t\t<\/div>\n\t\t\t<div class=\"wpostahs-slider-nav-title\">\n\t\t\t<div class=\"wpostahs-main-title\">\n\t\t\t\t<button><\/button>\n\t\t\t<\/div>\n\t\t\t<div class=\"wpostahs-title\">1952<\/div>\n\t\t<\/div>\n\t\t\t<div class=\"wpostahs-slider-nav-title\">\n\t\t\t<div class=\"wpostahs-main-title\">\n\t\t\t\t<button><\/button>\n\t\t\t<\/div>\n\t\t\t<div class=\"wpostahs-title\">1968<\/div>\n\t\t<\/div>\n\t\t\t<div class=\"wpostahs-slider-nav-title\">\n\t\t\t<div class=\"wpostahs-main-title\">\n\t\t\t\t<button><\/button>\n\t\t\t<\/div>\n\t\t\t<div class=\"wpostahs-title\">1977<\/div>\n\t\t<\/div>\n\t\t\t<div class=\"wpostahs-slider-nav-title\">\n\t\t\t<div class=\"wpostahs-main-title\">\n\t\t\t\t<button><\/button>\n\t\t\t<\/div>\n\t\t\t<div class=\"wpostahs-title\">2009<\/div>\n\t\t<\/div>\n\t\t\t<div class=\"wpostahs-slider-nav-title\">\n\t\t\t<div class=\"wpostahs-main-title\">\n\t\t\t\t<button><\/button>\n\t\t\t<\/div>\n\t\t\t<div class=\"wpostahs-title\">2015<\/div>\n\t\t<\/div>\n\t\t\t<div class=\"wpostahs-slider-nav-title\">\n\t\t\t<div class=\"wpostahs-main-title\">\n\t\t\t\t<button><\/button>\n\t\t\t<\/div>\n\t\t\t<div class=\"wpostahs-title\">2019<\/div>\n\t\t<\/div>\n\t<\/div>\n<div class=\"wpostahs-slider-for-1 wpostahs-slider-for wpostahs-slick-slider\">\n\t\t\t\t\t<div class=\"wpostahs-slider-nav-content\">\n\t\t<h2 class=\"wpostahs-centent-title\">1933<\/h2>\n\t\t\t<div class=\"wpostahs-centent\">\n\t\t\t\t<p>Gr\u00fcndung in Berlin durch Adolf Damerius<\/p>\n\t\t\t<\/div>\n\t\t\t\n\t\t\t<div style=\"text-align:center\">\n\t\t\t\t<img decoding=\"async\" src=\"https:\/\/www.ms-silicon.de\/ms-sil\/wp-content\/uploads\/2016\/01\/ms-dam-1933.png\" alt=\"1933\" \/>\n\t\t\t<\/div>\n\t\t\t\n\t\t<\/div>\n\t\t\t\t\t<div class=\"wpostahs-slider-nav-content\">\n\t\t<h2 class=\"wpostahs-centent-title\">1950<\/h2>\n\t\t\t<div class=\"wpostahs-centent\">\n\t\t\t\t<p>Beginn der Produktion in Schrobenhausen<\/p>\n\t\t\t<\/div>\n\t\t\t\n\t\t\t<div style=\"text-align:center\">\n\t\t\t\t<img decoding=\"async\" src=\"https:\/\/www.ms-silicon.de\/ms-sil\/wp-content\/uploads\/2016\/01\/ms-dam-19501.png\" alt=\"1950\" \/>\n\t\t\t<\/div>\n\t\t\t\n\t\t<\/div>\n\t\t\t\t\t<div class=\"wpostahs-slider-nav-content\">\n\t\t<h2 class=\"wpostahs-centent-title\">1952<\/h2>\n\t\t\t<div class=\"wpostahs-centent\">\n\t\t\t\t<p>Verlagerung und Neubau der Firma auf das heutige Gel\u00e4nde<\/p>\n\t\t\t<\/div>\n\t\t\t\n\t\t\t<div style=\"text-align:center\">\n\t\t\t\t<img decoding=\"async\" src=\"https:\/\/www.ms-silicon.de\/ms-sil\/wp-content\/uploads\/2016\/01\/ms-dam-1952.png\" alt=\"1952\" \/>\n\t\t\t<\/div>\n\t\t\t\n\t\t<\/div>\n\t\t\t\t\t<div class=\"wpostahs-slider-nav-content\">\n\t\t<h2 class=\"wpostahs-centent-title\">1968<\/h2>\n\t\t\t<div class=\"wpostahs-centent\">\n\t\t\t\t<p>Betriebserweiterung<\/p>\n\t\t\t<\/div>\n\t\t\t\n\t\t\t<div style=\"text-align:center\">\n\t\t\t\t<img decoding=\"async\" src=\"https:\/\/www.ms-silicon.de\/ms-sil\/wp-content\/uploads\/2016\/01\/ms-dam-1968.png\" alt=\"1968\" \/>\n\t\t\t<\/div>\n\t\t\t\n\t\t<\/div>\n\t\t\t\t\t<div class=\"wpostahs-slider-nav-content\">\n\t\t<h2 class=\"wpostahs-centent-title\">1977<\/h2>\n\t\t\t<div class=\"wpostahs-centent\">\n\t\t\t\t<p>Errichtung einer eigenen Flechterei<\/p>\n\t\t\t<\/div>\n\t\t\t\n\t\t\t<div style=\"text-align:center\">\n\t\t\t\t<img decoding=\"async\" src=\"https:\/\/www.ms-silicon.de\/ms-sil\/wp-content\/uploads\/2016\/01\/ms-dam-1977.png\" alt=\"1977\" \/>\n\t\t\t<\/div>\n\t\t\t\n\t\t<\/div>\n\t\t\t\t\t<div class=\"wpostahs-slider-nav-content\">\n\t\t<h2 class=\"wpostahs-centent-title\">2009<\/h2>\n\t\t\t<div class=\"wpostahs-centent\">\n\t\t\t\t<p>\u00dcbernahme durch die M+S Gruppe<\/p>\n\t\t\t<\/div>\n\t\t\t\n\t\t\t<div style=\"text-align:center\">\n\t\t\t\t<img decoding=\"async\" src=\"https:\/\/www.ms-silicon.de\/ms-sil\/wp-content\/uploads\/2016\/01\/ms-dam-2009.png\" alt=\"2009\" \/>\n\t\t\t<\/div>\n\t\t\t\n\t\t<\/div>\n\t\t\t\t\t<div class=\"wpostahs-slider-nav-content\">\n\t\t<h2 class=\"wpostahs-centent-title\">2015<\/h2>\n\t\t\t<div class=\"wpostahs-centent\">\n\t\t\t\t<p>Erneuerung der Abgasreinigung<\/p>\n\t\t\t<\/div>\n\t\t\t\n\t\t\t<div style=\"text-align:center\">\n\t\t\t\t<img decoding=\"async\" src=\"https:\/\/www.ms-silicon.de\/ms-sil\/wp-content\/uploads\/2016\/01\/ms-dam-2015.png\" alt=\"2015\" \/>\n\t\t\t<\/div>\n\t\t\t\n\t\t<\/div>\n\t\t\t\t\t<div class=\"wpostahs-slider-nav-content\">\n\t\t<h2 class=\"wpostahs-centent-title\">2019<\/h2>\n\t\t\t<div class=\"wpostahs-centent\">\n\t\t\t\t<p>Einf\u00fchrung 3-Schicht-Modell<\/p>\n\t\t\t<\/div>\n\t\t\t\n\t\t\t<div style=\"text-align:center\">\n\t\t\t\t<img decoding=\"async\" src=\"https:\/\/www.ms-silicon.de\/ms-sil\/wp-content\/uploads\/2019\/01\/ms-dam-2019.png\" alt=\"2019\" \/>\n\t\t\t<\/div>\n\t\t\t\n\t\t<\/div>\n\t<\/div><!-- #post-## -->\t\t\t<\/div>\r\n\t\t<div class=\"wpostahs-slider-conf\" data-conf=\"{&quot;dots&quot;:&quot;false&quot;,&quot;arrows&quot;:&quot;true&quot;,&quot;loop&quot;:&quot;false&quot;,&quot;autoplay&quot;:&quot;true&quot;,&quot;autoplayInterval&quot;:&quot;3000&quot;,&quot;speed&quot;:&quot;300&quot;,&quot;fade&quot;:&quot;true&quot;,&quot;rtl&quot;:&quot;false&quot;,&quot;centermode&quot;:&quot;true&quot;,&quot;slidestoshow&quot;:&quot;5&quot;}\"><\/div>\r\n\t\t<\/div>\r\n\t\t<br \/>\n[\/et_pb_text][\/et_pb_column][et_pb_column type=&#8220;1_3&#8243; _builder_version=&#8220;4.16&#8243; custom_padding=&#8220;|||&#8220; global_colors_info=&#8220;{}&#8220; custom_padding__hover=&#8220;|||&#8220;][et_pb_image src=&#8220;https:\/\/www.ms-silicon.de\/ms-sil\/wp-content\/uploads\/2015\/11\/new-MS-DAM-Logo.png&#8220; align_tablet=&#8220;center&#8220; align_phone=&#8220;center&#8220; align_last_edited=&#8220;on|desktop&#8220; admin_label=&#8220;Bild&#8220; _builder_version=&#8220;4.16&#8243; animation_style=&#8220;fade&#8220; animation_duration=&#8220;500ms&#8220; use_border_color=&#8220;off&#8220; border_color=&#8220;#ffffff&#8220; border_style=&#8220;solid&#8220; animation=&#8220;fade_in&#8220; sticky=&#8220;off&#8220; always_center_on_mobile=&#8220;on&#8220; global_colors_info=&#8220;{}&#8220;][\/et_pb_image][et_pb_text admin_label=&#8220;Text&#8220; _builder_version=&#8220;4.27.4&#8243; background_size=&#8220;initial&#8220; background_position=&#8220;top_left&#8220; background_repeat=&#8220;repeat&#8220; hover_enabled=&#8220;0&#8243; use_border_color=&#8220;off&#8220; border_color=&#8220;#ffffff&#8220; border_style=&#8220;solid&#8220; global_colors_info=&#8220;{}&#8220; sticky_enabled=&#8220;0&#8243;]M+S Damerius GmbH &amp; Co. KG<br \/>\nAn der Hanfr\u00f6ste 4<br \/>\n86529 Schrobenhausen<\/p>\n<p class=\"blau\">T +49(0)8252-91001-0<br \/>\nF +49(0)8252-91001-20<\/p>\n<p><a class=\"textlinkklein\" href=\"mailto:info@ms-damerius.de\" target=\"_blank\" rel=\"noopener noreferrer\">info(at)ms-damerius.de<\/a><\/p>\n<p><strong><a href=\"https:\/\/www.ms-silicon.de\/ms-sil\/?page_id=2258\">Zertifikate<\/a><\/strong><br \/>\n<strong><a href=\"https:\/\/www.ms-silicon.de\/ms-dam-download\/agb-ms-damerius-2212-de.pdf\" target=\"_blank\" rel=\"noopener noreferrer\">Gesch\u00e4ftsbedingungen<\/a><\/strong><br \/>\n<strong><a class=\"textlink\" href=\"https:\/\/www.ms-silicon.de\/ms-sil-download\/Unternehmenspolitik_2018.pdf\" target=\"_blank\" rel=\"noopener noreferrer\">Unternehmensphilosophie<\/a><\/strong><br \/>\n<a href=\"https:\/\/www.ms-silicon.de\/ms-sil\/?page_id=2360\"><strong>Impressum<\/strong><\/a><\/p>\n<p><a href=\"http:\/\/www.youtube.com\/watch?v=4_CUJ0-treM&amp;amp;feature=youtube_gdata_player\" target=\"_blank\" rel=\"noopener noreferrer\"><img loading=\"lazy\" decoding=\"async\" class=\"alignnone size-full wp-image-1572\" src=\"https:\/\/www.ms-silicon.de\/ms-sil\/wp-content\/uploads\/2016\/01\/stadtinformation.jpg\" alt=\"stadtinformation\" width=\"100\" height=\"60\" \/><\/a><\/p>\n<p>&nbsp;[\/et_pb_text][et_pb_cta button_url=&#8220;https:\/\/www.ms-silicon.de\/epaper\/ms-damerius-produkte\/&#8220; url_new_window=&#8220;on&#8220; button_text=&#8220;ePaper ansehen&#8220; admin_label=&#8220;Handlungsaufruf&#8220; _builder_version=&#8220;4.16&#8243; use_background_color=&#8220;off&#8220; background_size=&#8220;initial&#8220; background_position=&#8220;top_left&#8220; background_repeat=&#8220;repeat&#8220; text_orientation=&#8220;left&#8220; background_layout=&#8220;light&#8220; use_border_color=&#8220;off&#8220; border_color=&#8220;#ffffff&#8220; border_style=&#8220;solid&#8220; button_letter_spacing_hover=&#8220;0&#8243; global_colors_info=&#8220;{}&#8220; button_text_size__hover_enabled=&#8220;off&#8220; button_one_text_size__hover_enabled=&#8220;off&#8220; button_two_text_size__hover_enabled=&#8220;off&#8220; button_text_color__hover_enabled=&#8220;off&#8220; button_one_text_color__hover_enabled=&#8220;off&#8220; button_two_text_color__hover_enabled=&#8220;off&#8220; button_border_width__hover_enabled=&#8220;off&#8220; button_one_border_width__hover_enabled=&#8220;off&#8220; button_two_border_width__hover_enabled=&#8220;off&#8220; button_border_color__hover_enabled=&#8220;off&#8220; button_one_border_color__hover_enabled=&#8220;off&#8220; button_two_border_color__hover_enabled=&#8220;off&#8220; button_border_radius__hover_enabled=&#8220;off&#8220; button_one_border_radius__hover_enabled=&#8220;off&#8220; button_two_border_radius__hover_enabled=&#8220;off&#8220; button_letter_spacing__hover_enabled=&#8220;on&#8220; button_letter_spacing__hover=&#8220;0&#8243; button_one_letter_spacing__hover_enabled=&#8220;off&#8220; button_two_letter_spacing__hover_enabled=&#8220;off&#8220; button_bg_color__hover_enabled=&#8220;off&#8220; button_one_bg_color__hover_enabled=&#8220;off&#8220; button_two_bg_color__hover_enabled=&#8220;off&#8220;]<a href=\"https:\/\/www.ms-silicon.de\/epaper\/ms-damerius-produkte\/\" target=\"_blank\" rel=\"noopener noreferrer\"><img loading=\"lazy\" decoding=\"async\" class=\"img1\" style=\"box-shadow: 15px 15px 20px #d4d4d4,-15px -10px 15px #d4d4d4;\" src=\"https:\/\/www.ms-silicon.de\/ms-sil\/wp-content\/uploads\/2021\/03\/ms-damerius-produkte-folder.png\" alt=\"\" width=\"212\" height=\"300\"><\/a><\/p>\n<p>Unser Produktspektrum zum online bl\u00e4ttern.<br \/>\n[\/et_pb_cta][\/et_pb_column][\/et_pb_row][\/et_pb_section]<\/p>\n","protected":false},"excerpt":{"rendered":"<p>[et_pb_section fb_built=&#8220;1&#8243; admin_label=&#8220;section&#8220; module_class=&#8220;ds-timeline&#8220; _builder_version=&#8220;4.16&#8243; background_color=&#8220;#f4f4f4&#8243; custom_padding=&#8220;100px|0px|40px|0px&#8220; transparent_background=&#8220;on&#8220; padding_mobile=&#8220;off&#8220; make_fullwidth=&#8220;off&#8220; use_custom_width=&#8220;off&#8220; width_unit=&#8220;on&#8220; global_colors_info=&#8220;{}&#8220;][et_pb_row column_structure=&#8220;2_3,1_3&#8243; padding_mobile=&#8220;off&#8220; column_padding_mobile=&#8220;on&#8220; admin_label=&#8220;Zeile&#8220; _builder_version=&#8220;4.16&#8243; background_size=&#8220;initial&#8220; background_position=&#8220;top_left&#8220; background_repeat=&#8220;repeat&#8220; make_fullwidth=&#8220;off&#8220; use_custom_width=&#8220;off&#8220; width_unit=&#8220;on&#8220; global_colors_info=&#8220;{}&#8220;][et_pb_column type=&#8220;2_3&#8243; _builder_version=&#8220;4.16&#8243; custom_padding=&#8220;|||&#8220; global_colors_info=&#8220;{}&#8220; custom_padding__hover=&#8220;|||&#8220;][et_pb_text admin_label=&#8220;Text&#8220; _builder_version=&#8220;4.16&#8243; background_size=&#8220;initial&#8220; background_position=&#8220;top_left&#8220; background_repeat=&#8220;repeat&#8220; custom_padding_tablet=&#8220;&#8220; custom_padding_phone=&#8220;&#8220; custom_padding_last_edited=&#8220;on|&#8220; use_border_color=&#8220;off&#8220; border_color=&#8220;#ffffff&#8220; border_style=&#8220;solid&#8220; global_colors_info=&#8220;{}&#8220;] M+S Damerius &nbsp; Isolierschl\u00e4uche f\u00fcr die industrielle Weiterverarbeitung Als dynamisches Traditionsunternehmen blickt die [&hellip;]<\/p>\n","protected":false},"author":1,"featured_media":0,"parent":0,"menu_order":0,"comment_status":"closed","ping_status":"closed","template":"","meta":{"_et_pb_use_builder":"on","_et_pb_old_content":"","_et_gb_content_width":"","footnotes":""},"dipi_cpt_category":[],"class_list":["post-26305","page","type-page","status-publish","hentry"],"_links":{"self":[{"href":"https:\/\/www.ms-silicon.de\/ms-sil\/wp-json\/wp\/v2\/pages\/26305","targetHints":{"allow":["GET"]}}],"collection":[{"href":"https:\/\/www.ms-silicon.de\/ms-sil\/wp-json\/wp\/v2\/pages"}],"about":[{"href":"https:\/\/www.ms-silicon.de\/ms-sil\/wp-json\/wp\/v2\/types\/page"}],"author":[{"embeddable":true,"href":"https:\/\/www.ms-silicon.de\/ms-sil\/wp-json\/wp\/v2\/users\/1"}],"replies":[{"embeddable":true,"href":"https:\/\/www.ms-silicon.de\/ms-sil\/wp-json\/wp\/v2\/comments?post=26305"}],"version-history":[{"count":12,"href":"https:\/\/www.ms-silicon.de\/ms-sil\/wp-json\/wp\/v2\/pages\/26305\/revisions"}],"predecessor-version":[{"id":28162,"href":"https:\/\/www.ms-silicon.de\/ms-sil\/wp-json\/wp\/v2\/pages\/26305\/revisions\/28162"}],"wp:attachment":[{"href":"https:\/\/www.ms-silicon.de\/ms-sil\/wp-json\/wp\/v2\/media?parent=26305"}],"wp:term":[{"taxonomy":"dipi_cpt_category","embeddable":true,"href":"https:\/\/www.ms-silicon.de\/ms-sil\/wp-json\/wp\/v2\/dipi_cpt_category?post=26305"}],"curies":[{"name":"wp","href":"https:\/\/api.w.org\/{rel}","templated":true}]}}