{"id":4216,"date":"2018-08-06T14:36:34","date_gmt":"2018-08-06T12:36:34","guid":{"rendered":"https:\/\/www.ms-silicon.de\/ms-sil\/?page_id=4216"},"modified":"2021-01-14T08:55:21","modified_gmt":"2021-01-14T07:55:21","slug":"ms-kayser-gmbh","status":"publish","type":"page","link":"https:\/\/www.ms-silicon.de\/ms-sil\/ms-kayser-gmbh\/","title":{"rendered":"M+S Kayser"},"content":{"rendered":"<p>[et_pb_section fullwidth=&#8220;off&#8220; specialty=&#8220;off&#8220; admin_label=&#8220;Sektion&#8220; transparent_background=&#8220;on&#8220; background_color=&#8220;#ffffff&#8220; allow_player_pause=&#8220;off&#8220; inner_shadow=&#8220;off&#8220; parallax=&#8220;off&#8220; parallax_method=&#8220;off&#8220; padding_mobile=&#8220;off&#8220; make_fullwidth=&#8220;off&#8220; use_custom_width=&#8220;off&#8220; width_unit=&#8220;on&#8220; make_equal=&#8220;off&#8220; use_custom_gutter=&#8220;off&#8220;][et_pb_row admin_label=&#8220;Zeile&#8220;][et_pb_column type=&#8220;2_3&#8243;][et_pb_text admin_label=&#8220;Text&#8220; background_layout=&#8220;light&#8220; text_orientation=&#8220;left&#8220; use_border_color=&#8220;off&#8220; border_color=&#8220;#ffffff&#8220; border_style=&#8220;solid&#8220;]<\/p>\n<h1>M+S Kayser<\/h1>\n<p>&nbsp;<\/p>\n<h3>Ihr Partner f\u00fcr hochwertige Stanz- und Ziehwerkzeuge<\/h3>\n<p>Als Spezialist f\u00fcr die Herstellung von Stanz-und Ziehwerkzeugen fertigen wir bei M+S-KAYSER f\u00fcr unsere Kunden seit fast 60 Jahren hochwertige Produkte f\u00fcr die unterschiedlichsten Einsatzbereiche.<\/p>\n<p>Von Ziehringen und Segmenteins\u00e4tzen bis hin zu Schnittmatrizen und Werkzeugen f\u00fcr Steinformen: Bei uns bekommen Sie h\u00f6chste Pr\u00e4zision bis ins Detail.<\/p>\n<p>[\/et_pb_text][\/et_pb_column][et_pb_column type=&#8220;1_3&#8243;][et_pb_image admin_label=&#8220;Bild&#8220; show_in_lightbox=&#8220;off&#8220; url_new_window=&#8220;off&#8220; animation=&#8220;fade_in&#8220; sticky=&#8220;off&#8220; align=&#8220;left&#8220; force_fullwidth=&#8220;off&#8220; always_center_on_mobile=&#8220;off&#8220; use_border_color=&#8220;off&#8220; border_color=&#8220;#ffffff&#8220; border_style=&#8220;solid&#8220; src=&#8220;https:\/\/www.ms-silicon.de\/ms-sil\/wp-content\/uploads\/2018\/08\/new-MS-KAY-Logo-top.png&#8220; use_overlay=&#8220;off&#8220;]<\/p>\n<p>&nbsp;<\/p>\n<p>[\/et_pb_image][et_pb_text admin_label=&#8220;Text&#8220; background_layout=&#8220;light&#8220; text_orientation=&#8220;left&#8220; use_border_color=&#8220;off&#8220; border_color=&#8220;#ffffff&#8220; border_style=&#8220;solid&#8220;]<\/p>\n<p>M+S-KAYSER GMBH<br \/>\nStanz-, Ziehwerkzeuge + Werkzeugbau<br \/>\nAltenaer Stra\u00dfe 7<br \/>\n58769 Nachrodt<\/p>\n<p>Telefon +49(0)2352 \u2013 33 883-0<br \/>\nTelefax +49(0)2352 \u2013 33 883-20<\/p>\n<p><a href=\"mailto:info@ms-kayser.de\" target=\"_blank\" rel=\"noopener noreferrer\">info(at)ms-kayser.de<\/a><\/p>\n<hr \/>\n<p><strong><a href=\"http:\/\/www.ms-kayser.de\" target=\"_blank\" rel=\"noopener noreferrer\">Weitere Informationen und Ansprechpartner finden Sie auf www.ms-kayser.de<\/a><br \/>\n<\/strong><\/p>\n<p>[\/et_pb_text][\/et_pb_column][\/et_pb_row][\/et_pb_section]<\/p>\n","protected":false},"excerpt":{"rendered":"<p>M+S Kayser &nbsp; Ihr Partner f\u00fcr hochwertige Stanz- und Ziehwerkzeuge Als Spezialist f\u00fcr die Herstellung von Stanz-und Ziehwerkzeugen fertigen wir bei M+S-KAYSER f\u00fcr unsere Kunden seit fast 60 Jahren hochwertige Produkte f\u00fcr die unterschiedlichsten Einsatzbereiche. Von Ziehringen und Segmenteins\u00e4tzen bis hin zu Schnittmatrizen und Werkzeugen f\u00fcr Steinformen: Bei uns bekommen Sie h\u00f6chste Pr\u00e4zision bis ins [&hellip;]<\/p>\n","protected":false},"author":1,"featured_media":0,"parent":0,"menu_order":0,"comment_status":"closed","ping_status":"closed","template":"","meta":{"_et_pb_use_builder":"on","_et_pb_old_content":"","_et_gb_content_width":"","footnotes":""},"dipi_cpt_category":[],"class_list":["post-4216","page","type-page","status-publish","hentry"],"_links":{"self":[{"href":"https:\/\/www.ms-silicon.de\/ms-sil\/wp-json\/wp\/v2\/pages\/4216","targetHints":{"allow":["GET"]}}],"collection":[{"href":"https:\/\/www.ms-silicon.de\/ms-sil\/wp-json\/wp\/v2\/pages"}],"about":[{"href":"https:\/\/www.ms-silicon.de\/ms-sil\/wp-json\/wp\/v2\/types\/page"}],"author":[{"embeddable":true,"href":"https:\/\/www.ms-silicon.de\/ms-sil\/wp-json\/wp\/v2\/users\/1"}],"replies":[{"embeddable":true,"href":"https:\/\/www.ms-silicon.de\/ms-sil\/wp-json\/wp\/v2\/comments?post=4216"}],"version-history":[{"count":11,"href":"https:\/\/www.ms-silicon.de\/ms-sil\/wp-json\/wp\/v2\/pages\/4216\/revisions"}],"predecessor-version":[{"id":26383,"href":"https:\/\/www.ms-silicon.de\/ms-sil\/wp-json\/wp\/v2\/pages\/4216\/revisions\/26383"}],"wp:attachment":[{"href":"https:\/\/www.ms-silicon.de\/ms-sil\/wp-json\/wp\/v2\/media?parent=4216"}],"wp:term":[{"taxonomy":"dipi_cpt_category","embeddable":true,"href":"https:\/\/www.ms-silicon.de\/ms-sil\/wp-json\/wp\/v2\/dipi_cpt_category?post=4216"}],"curies":[{"name":"wp","href":"https:\/\/api.w.org\/{rel}","templated":true}]}}