{"id":5932,"date":"2020-05-05T16:27:10","date_gmt":"2020-05-05T14:27:10","guid":{"rendered":"https:\/\/www.ms-silicon.de\/ms-sil\/?page_id=5932"},"modified":"2023-12-19T14:11:58","modified_gmt":"2023-12-19T13:11:58","slug":"ms-silicon-historie","status":"publish","type":"page","link":"https:\/\/www.ms-silicon.de\/ms-sil\/ms-silicon-historie\/","title":{"rendered":"M+S Silicon Historie"},"content":{"rendered":"<p>[et_pb_section fb_built=&#8220;1&#8243; admin_label=&#8220;section&#8220; module_class=&#8220;ds-timeline&#8220; _builder_version=&#8220;4.16&#8243; background_color=&#8220;#f4f4f4&#8243; custom_padding=&#8220;100px|0px|40px|0px&#8220; transparent_background=&#8220;on&#8220; padding_mobile=&#8220;off&#8220; make_fullwidth=&#8220;off&#8220; use_custom_width=&#8220;off&#8220; width_unit=&#8220;on&#8220; global_colors_info=&#8220;{}&#8220;][et_pb_row column_structure=&#8220;2_3,1_3&#8243; padding_mobile=&#8220;off&#8220; column_padding_mobile=&#8220;on&#8220; admin_label=&#8220;Zeile&#8220; _builder_version=&#8220;4.16&#8243; background_size=&#8220;initial&#8220; background_position=&#8220;top_left&#8220; background_repeat=&#8220;repeat&#8220; make_fullwidth=&#8220;off&#8220; use_custom_width=&#8220;off&#8220; width_unit=&#8220;on&#8220; global_colors_info=&#8220;{}&#8220;][et_pb_column type=&#8220;2_3&#8243; _builder_version=&#8220;4.16&#8243; custom_padding=&#8220;|||&#8220; global_colors_info=&#8220;{}&#8220; custom_padding__hover=&#8220;|||&#8220;][et_pb_text admin_label=&#8220;Text&#8220; _builder_version=&#8220;4.16&#8243; background_size=&#8220;initial&#8220; background_position=&#8220;top_left&#8220; background_repeat=&#8220;repeat&#8220; custom_padding_tablet=&#8220;&#8220; custom_padding_phone=&#8220;&#8220; custom_padding_last_edited=&#8220;on|&#8220; use_border_color=&#8220;off&#8220; border_color=&#8220;#ffffff&#8220; border_style=&#8220;solid&#8220; global_colors_info=&#8220;{}&#8220;]<\/p>\n<h1>M+S SILICON<\/h1>\n<h3>Systempartner f\u00fcr Silicon-Extrudate<br \/>\nund HTV-Formteile<\/h3>\n<p>Die M+S Silicon GmbH &amp; Co. KG bildet den Ursprung der M+S Gruppe. Wir sind Spezialisten in der Herstellung von Extrudaten, Eckenvulkanisationen und HTV-Formteilen, die wir in jedem gew\u00fcnschten Farbton und auf der Grundlage von individuellen Mustern, Datens\u00e4tzen oder Zeichnungen fertigen. Daf\u00fcr verarbeiten wir Siliconkautschuk in vielf\u00e4ltigen Varianten. Der Werkstoff passt sich den unterschiedlichsten Anspr\u00fcchen an Form und Design optimal an.<br \/>\n[\/et_pb_text][et_pb_text admin_label=&#8220;Text&#8220; _builder_version=&#8220;4.16&#8243; background_size=&#8220;initial&#8220; background_position=&#8220;top_left&#8220; background_repeat=&#8220;repeat&#8220; use_border_color=&#8220;off&#8220; border_color=&#8220;#ffffff&#8220; border_style=&#8220;solid&#8220; global_colors_info=&#8220;{}&#8220;]<\/p>\n<h4 style=\"text-align: center;\">HISTORIE<\/h4>\n<p>[\/et_pb_text][et_pb_text admin_label=&#8220;Text&#8220; _builder_version=&#8220;4.16&#8243; background_size=&#8220;initial&#8220; background_position=&#8220;top_left&#8220; background_repeat=&#8220;repeat&#8220; use_border_color=&#8220;off&#8220; border_color=&#8220;#ffffff&#8220; border_style=&#8220;solid&#8220; global_colors_info=&#8220;{}&#8220;]\t\t<div class=\"wpostahs-slider-wrp\">\r\n\t\t\t<div class=\"wpostahs-slider wpostahs-slider-inner-wrp wpostahs-slider-design-2\">\r\n\t\t\t\t\n<div id=\"wpostahs-slider-nav-1\" class=\"wpostahs-slider-nav-1 wpostahs-slider-nav wpostahs-slick-slider\" data-slider-nav-for='wpostahs-slider-for-1'>\n\t\t\t\t<div class=\"wpostahs-slider-nav-title\">\n\t\t\t<div class=\"wpostahs-main-title\">\n\t\t\t\t<button><\/button>\n\t\t\t<\/div>\n\t\t\t<div class=\"wpostahs-title\">2001<\/div>\n\t\t<\/div>\n\t\t\t<div class=\"wpostahs-slider-nav-title\">\n\t\t\t<div class=\"wpostahs-main-title\">\n\t\t\t\t<button><\/button>\n\t\t\t<\/div>\n\t\t\t<div class=\"wpostahs-title\">2004<\/div>\n\t\t<\/div>\n\t\t\t<div class=\"wpostahs-slider-nav-title\">\n\t\t\t<div class=\"wpostahs-main-title\">\n\t\t\t\t<button><\/button>\n\t\t\t<\/div>\n\t\t\t<div class=\"wpostahs-title\">2006<\/div>\n\t\t<\/div>\n\t\t\t<div class=\"wpostahs-slider-nav-title\">\n\t\t\t<div class=\"wpostahs-main-title\">\n\t\t\t\t<button><\/button>\n\t\t\t<\/div>\n\t\t\t<div class=\"wpostahs-title\">2008<\/div>\n\t\t<\/div>\n\t\t\t<div class=\"wpostahs-slider-nav-title\">\n\t\t\t<div class=\"wpostahs-main-title\">\n\t\t\t\t<button><\/button>\n\t\t\t<\/div>\n\t\t\t<div class=\"wpostahs-title\">2009<\/div>\n\t\t<\/div>\n\t\t\t<div class=\"wpostahs-slider-nav-title\">\n\t\t\t<div class=\"wpostahs-main-title\">\n\t\t\t\t<button><\/button>\n\t\t\t<\/div>\n\t\t\t<div class=\"wpostahs-title\">2014<\/div>\n\t\t<\/div>\n\t\t\t<div class=\"wpostahs-slider-nav-title\">\n\t\t\t<div class=\"wpostahs-main-title\">\n\t\t\t\t<button><\/button>\n\t\t\t<\/div>\n\t\t\t<div class=\"wpostahs-title\">2015<\/div>\n\t\t<\/div>\n\t\t\t<div class=\"wpostahs-slider-nav-title\">\n\t\t\t<div class=\"wpostahs-main-title\">\n\t\t\t\t<button><\/button>\n\t\t\t<\/div>\n\t\t\t<div class=\"wpostahs-title\">2018<\/div>\n\t\t<\/div>\n\t<\/div>\n<div class=\"wpostahs-slider-for-1 wpostahs-slider-for wpostahs-slick-slider\">\n\t\t\t\t\t<div class=\"wpostahs-slider-nav-content\">\n\t\t<h2 class=\"wpostahs-centent-title\">2001<\/h2>\n\t\t\t<div class=\"wpostahs-centent\">\n\t\t\t\t<p>Gr\u00fcndung M+S Silicon mit einer Produktionshalle von 2.400 qm<\/p>\n\t\t\t<\/div>\n\t\t\t\n\t\t\t<div style=\"text-align:center\">\n\t\t\t\t<img decoding=\"async\" src=\"https:\/\/www.ms-silicon.de\/ms-sil\/wp-content\/uploads\/2016\/01\/ms-sil-20011.png\" alt=\"2001\" \/>\n\t\t\t<\/div>\n\t\t\t\n\t\t<\/div>\n\t\t\t\t\t<div class=\"wpostahs-slider-nav-content\">\n\t\t<h2 class=\"wpostahs-centent-title\">2004<\/h2>\n\t\t\t<div class=\"wpostahs-centent\">\n\t\t\t\t<p>Erh\u00f6hung der Produktionsfl\u00e4che auf 5.000 qm<\/p>\n\t\t\t<\/div>\n\t\t\t\n\t\t\t<div style=\"text-align:center\">\n\t\t\t\t<img decoding=\"async\" src=\"https:\/\/www.ms-silicon.de\/ms-sil\/wp-content\/uploads\/2016\/01\/ms-sil-2004.png\" alt=\"2004\" \/>\n\t\t\t<\/div>\n\t\t\t\n\t\t<\/div>\n\t\t\t\t\t<div class=\"wpostahs-slider-nav-content\">\n\t\t<h2 class=\"wpostahs-centent-title\">2006<\/h2>\n\t\t\t<div class=\"wpostahs-centent\">\n\t\t\t\t<p>\u00dcbernahme der Firma Kayser<\/p>\n\t\t\t<\/div>\n\t\t\t\n\t\t\t<div style=\"text-align:center\">\n\t\t\t\t<img decoding=\"async\" src=\"https:\/\/www.ms-silicon.de\/ms-sil\/wp-content\/uploads\/2016\/01\/ms-sil-20061.png\" alt=\"2006\" \/>\n\t\t\t<\/div>\n\t\t\t\n\t\t<\/div>\n\t\t\t\t\t<div class=\"wpostahs-slider-nav-content\">\n\t\t<h2 class=\"wpostahs-centent-title\">2008<\/h2>\n\t\t\t<div class=\"wpostahs-centent\">\n\t\t\t\t<p>Erh\u00f6hung der Produktionsfl\u00e4che auf 7.500 qm<\/p>\n\t\t\t<\/div>\n\t\t\t\n\t\t\t<div style=\"text-align:center\">\n\t\t\t\t<img decoding=\"async\" src=\"https:\/\/www.ms-silicon.de\/ms-sil\/wp-content\/uploads\/2016\/01\/ms-sil-2008.png\" alt=\"2008\" \/>\n\t\t\t<\/div>\n\t\t\t\n\t\t<\/div>\n\t\t\t\t\t<div class=\"wpostahs-slider-nav-content\">\n\t\t<h2 class=\"wpostahs-centent-title\">2009<\/h2>\n\t\t\t<div class=\"wpostahs-centent\">\n\t\t\t\t<p>\u00dcbernahme der Firma Damerius<\/p>\n\t\t\t<\/div>\n\t\t\t\n\t\t\t<div style=\"text-align:center\">\n\t\t\t\t<img decoding=\"async\" src=\"https:\/\/www.ms-silicon.de\/ms-sil\/wp-content\/uploads\/2016\/01\/ms-sil-2009.png\" alt=\"2009\" \/>\n\t\t\t<\/div>\n\t\t\t\n\t\t<\/div>\n\t\t\t\t\t<div class=\"wpostahs-slider-nav-content\">\n\t\t<h2 class=\"wpostahs-centent-title\">2014<\/h2>\n\t\t\t<div class=\"wpostahs-centent\">\n\t\t\t\t<p>Anschaffung eines Doppelschneckenextruders<\/p>\n<p>Start der Verkaufsaktivit\u00e4ten Flexcomp-Compounds<\/p>\n\t\t\t<\/div>\n\t\t\t\n\t\t\t<div style=\"text-align:center\">\n\t\t\t\t<img decoding=\"async\" src=\"https:\/\/www.ms-silicon.de\/ms-sil\/wp-content\/uploads\/2018\/05\/ms-sil-2014.png\" alt=\"2014\" \/>\n\t\t\t<\/div>\n\t\t\t\n\t\t<\/div>\n\t\t\t\t\t<div class=\"wpostahs-slider-nav-content\">\n\t\t<h2 class=\"wpostahs-centent-title\">2015<\/h2>\n\t\t\t<div class=\"wpostahs-centent\">\n\t\t\t\t<p>Erh\u00f6hung der Produktionsfl\u00e4che auf 10.000 qm<\/p>\n<p>Inbetriebnahme eines Kalanders<\/p>\n\t\t\t<\/div>\n\t\t\t\n\t\t\t<div style=\"text-align:center\">\n\t\t\t\t<img decoding=\"async\" src=\"https:\/\/www.ms-silicon.de\/ms-sil\/wp-content\/uploads\/2018\/05\/ms-sil-2015.png\" alt=\"2015\" \/>\n\t\t\t<\/div>\n\t\t\t\n\t\t<\/div>\n\t\t\t\t\t<div class=\"wpostahs-slider-nav-content\">\n\t\t<h2 class=\"wpostahs-centent-title\">2018<\/h2>\n\t\t\t<div class=\"wpostahs-centent\">\n\t\t\t\t<p>250 Mitarbeiter in der M+S Gruppe<\/p>\n<p>Anschaffung u.a. eines weiteren Vertikalextruders<\/p>\n\t\t\t<\/div>\n\t\t\t\n\t\t\t<div style=\"text-align:center\">\n\t\t\t\t<img decoding=\"async\" src=\"https:\/\/www.ms-silicon.de\/ms-sil\/wp-content\/uploads\/2018\/05\/ms-sil-2018.png\" alt=\"2018\" \/>\n\t\t\t<\/div>\n\t\t\t\n\t\t<\/div>\n\t<\/div><!-- #post-## -->\t\t\t<\/div>\r\n\t\t<div class=\"wpostahs-slider-conf\" data-conf=\"{&quot;dots&quot;:&quot;false&quot;,&quot;arrows&quot;:&quot;true&quot;,&quot;loop&quot;:&quot;false&quot;,&quot;autoplay&quot;:&quot;true&quot;,&quot;autoplayInterval&quot;:&quot;3000&quot;,&quot;speed&quot;:&quot;300&quot;,&quot;fade&quot;:&quot;true&quot;,&quot;rtl&quot;:&quot;false&quot;,&quot;centermode&quot;:&quot;true&quot;,&quot;slidestoshow&quot;:&quot;5&quot;}\"><\/div>\r\n\t\t<\/div>\r\n\t\t<br \/>\n[\/et_pb_text][\/et_pb_column][et_pb_column type=&#8220;1_3&#8243; _builder_version=&#8220;4.16&#8243; custom_padding=&#8220;|||&#8220; hover_enabled=&#8220;0&#8243; global_colors_info=&#8220;{}&#8220; custom_padding__hover=&#8220;|||&#8220; sticky_enabled=&#8220;0&#8243;][et_pb_image src=&#8220;https:\/\/www.ms-silicon.de\/ms-sil\/wp-content\/uploads\/2015\/11\/new-MS-SIL-Logo.png&#8220; align_tablet=&#8220;center&#8220; align_phone=&#8220;center&#8220; align_last_edited=&#8220;on|desktop&#8220; admin_label=&#8220;Bild&#8220; _builder_version=&#8220;4.16&#8243; animation_style=&#8220;fade&#8220; animation_duration=&#8220;500ms&#8220; use_border_color=&#8220;off&#8220; border_color=&#8220;#ffffff&#8220; border_style=&#8220;solid&#8220; animation=&#8220;fade_in&#8220; sticky=&#8220;off&#8220; always_center_on_mobile=&#8220;on&#8220; global_colors_info=&#8220;{}&#8220;]&nbsp;<br \/>\n[\/et_pb_image][et_pb_text admin_label=&#8220;Text&#8220; _builder_version=&#8220;4.21.0&#8243; background_size=&#8220;initial&#8220; background_position=&#8220;top_left&#8220; background_repeat=&#8220;repeat&#8220; hover_enabled=&#8220;0&#8243; use_border_color=&#8220;off&#8220; border_color=&#8220;#ffffff&#8220; border_style=&#8220;solid&#8220; global_colors_info=&#8220;{}&#8220; sticky_enabled=&#8220;0&#8243;]<\/p>\n<p>M+S Silicon GmbH &amp; Co. KG<br \/>Hann\u00f6versche Str. 28<br \/>44143 Dortmund<\/p>\n<p class=\"blau\">T +49(0)231-967890-0<br \/>F +49(0)231-967890-20<\/p>\n<p><a class=\"textlinkklein\" href=\"mailto:info@ms-silicon.de\" target=\"_blank\" rel=\"noopener noreferrer\">info(at)ms-silicon.de<\/a><\/p>\n<p><strong><a href=\"https:\/\/www.ms-silicon.de\/ms-sil\/?page_id=2258\">Zertifikate<\/a><\/strong><br \/><strong><a href=\"https:\/\/www.ms-silicon.de\/ms-sil-download\/agb-ms-silicon-2212-de.pdf\" target=\"_blank\" rel=\"noopener noreferrer\">Gesch\u00e4ftsbedingungen<\/a><\/strong><br \/><strong><a class=\"textlink\" href=\"https:\/\/www.ms-silicon.de\/ms-sil-download\/Unternehmenspolitik_2018.pdf\" target=\"_blank\" rel=\"noopener noreferrer\">Unternehmensphilosophie<\/a><\/strong><br \/><strong><a class=\"textlink\" href=\"https:\/\/www.ms-silicon.de\/ms-sil-download\/Einkaufsbedingungen.pdf \" target=\"_blank\" rel=\"noopener noreferrer\">Einkaufsbedingungen<\/a><\/strong><br \/><a href=\"https:\/\/www.ms-silicon.de\/ms-sil\/?page_id=2339\"><strong>Impressum<\/strong><\/a><\/p>\n<p>[\/et_pb_text][\/et_pb_column][\/et_pb_row][\/et_pb_section]<\/p>\n","protected":false},"excerpt":{"rendered":"<p>[et_pb_section fb_built=&#8220;1&#8243; admin_label=&#8220;section&#8220; module_class=&#8220;ds-timeline&#8220; _builder_version=&#8220;4.16&#8243; background_color=&#8220;#f4f4f4&#8243; custom_padding=&#8220;100px|0px|40px|0px&#8220; transparent_background=&#8220;on&#8220; padding_mobile=&#8220;off&#8220; make_fullwidth=&#8220;off&#8220; use_custom_width=&#8220;off&#8220; width_unit=&#8220;on&#8220; global_colors_info=&#8220;{}&#8220;][et_pb_row column_structure=&#8220;2_3,1_3&#8243; padding_mobile=&#8220;off&#8220; column_padding_mobile=&#8220;on&#8220; admin_label=&#8220;Zeile&#8220; _builder_version=&#8220;4.16&#8243; background_size=&#8220;initial&#8220; background_position=&#8220;top_left&#8220; background_repeat=&#8220;repeat&#8220; make_fullwidth=&#8220;off&#8220; use_custom_width=&#8220;off&#8220; width_unit=&#8220;on&#8220; global_colors_info=&#8220;{}&#8220;][et_pb_column type=&#8220;2_3&#8243; _builder_version=&#8220;4.16&#8243; custom_padding=&#8220;|||&#8220; global_colors_info=&#8220;{}&#8220; custom_padding__hover=&#8220;|||&#8220;][et_pb_text admin_label=&#8220;Text&#8220; _builder_version=&#8220;4.16&#8243; background_size=&#8220;initial&#8220; background_position=&#8220;top_left&#8220; background_repeat=&#8220;repeat&#8220; custom_padding_tablet=&#8220;&#8220; custom_padding_phone=&#8220;&#8220; custom_padding_last_edited=&#8220;on|&#8220; use_border_color=&#8220;off&#8220; border_color=&#8220;#ffffff&#8220; border_style=&#8220;solid&#8220; global_colors_info=&#8220;{}&#8220;] M+S SILICON Systempartner f\u00fcr Silicon-Extrudate und HTV-Formteile Die M+S Silicon GmbH &amp; Co. [&hellip;]<\/p>\n","protected":false},"author":1,"featured_media":0,"parent":0,"menu_order":0,"comment_status":"closed","ping_status":"closed","template":"","meta":{"_et_pb_use_builder":"on","_et_pb_old_content":"","_et_gb_content_width":"","footnotes":""},"dipi_cpt_category":[],"class_list":["post-5932","page","type-page","status-publish","hentry"],"_links":{"self":[{"href":"https:\/\/www.ms-silicon.de\/ms-sil\/wp-json\/wp\/v2\/pages\/5932","targetHints":{"allow":["GET"]}}],"collection":[{"href":"https:\/\/www.ms-silicon.de\/ms-sil\/wp-json\/wp\/v2\/pages"}],"about":[{"href":"https:\/\/www.ms-silicon.de\/ms-sil\/wp-json\/wp\/v2\/types\/page"}],"author":[{"embeddable":true,"href":"https:\/\/www.ms-silicon.de\/ms-sil\/wp-json\/wp\/v2\/users\/1"}],"replies":[{"embeddable":true,"href":"https:\/\/www.ms-silicon.de\/ms-sil\/wp-json\/wp\/v2\/comments?post=5932"}],"version-history":[{"count":99,"href":"https:\/\/www.ms-silicon.de\/ms-sil\/wp-json\/wp\/v2\/pages\/5932\/revisions"}],"predecessor-version":[{"id":27716,"href":"https:\/\/www.ms-silicon.de\/ms-sil\/wp-json\/wp\/v2\/pages\/5932\/revisions\/27716"}],"wp:attachment":[{"href":"https:\/\/www.ms-silicon.de\/ms-sil\/wp-json\/wp\/v2\/media?parent=5932"}],"wp:term":[{"taxonomy":"dipi_cpt_category","embeddable":true,"href":"https:\/\/www.ms-silicon.de\/ms-sil\/wp-json\/wp\/v2\/dipi_cpt_category?post=5932"}],"curies":[{"name":"wp","href":"https:\/\/api.w.org\/{rel}","templated":true}]}}