{"id":714,"date":"2016-01-05T17:34:05","date_gmt":"2016-01-05T16:34:05","guid":{"rendered":"http:\/\/www.ms-silicon.de\/ms-sil\/?page_id=714"},"modified":"2022-05-03T08:06:15","modified_gmt":"2022-05-03T06:06:15","slug":"silicon-schaeume","status":"publish","type":"page","link":"https:\/\/www.ms-silicon.de\/ms-sil\/silicon-schaeume\/","title":{"rendered":"Silicon-Sch\u00e4ume"},"content":{"rendered":"<p>[et_pb_section fb_built=&#8220;1&#8243; make_equal=&#8220;on&#8220; custom_padding_last_edited=&#8220;on|desktop&#8220; admin_label=&#8220;Sektion&#8220; _builder_version=&#8220;3.22&#8243; background_color=&#8220;#eef0f2&#8243; custom_padding=&#8220;||10px|&#8220; custom_padding_tablet=&#8220;50px|0|50px|0&#8243; custom_padding_phone=&#8220;50px|0|50px|0&#8243; transparent_background=&#8220;off&#8220; padding_mobile=&#8220;off&#8220; make_fullwidth=&#8220;off&#8220; use_custom_width=&#8220;off&#8220; width_unit=&#8220;on&#8220; global_colors_info=&#8220;{}&#8220;][et_pb_row admin_label=&#8220;Zeile&#8220; _builder_version=&#8220;3.25&#8243; background_size=&#8220;initial&#8220; background_position=&#8220;top_left&#8220; background_repeat=&#8220;repeat&#8220; global_colors_info=&#8220;{}&#8220;][et_pb_column type=&#8220;4_4&#8243; _builder_version=&#8220;3.25&#8243; custom_padding=&#8220;|||&#8220; global_colors_info=&#8220;{}&#8220; custom_padding__hover=&#8220;|||&#8220;][et_pb_image src=&#8220;https:\/\/www.ms-silicon.de\/ms-sil\/wp-content\/uploads\/2016\/01\/silicon-schaeume1.jpg&#8220; align_tablet=&#8220;center&#8220; align_phone=&#8220;center&#8220; align_last_edited=&#8220;on|desktop&#8220; admin_label=&#8220;Bild&#8220; _builder_version=&#8220;3.23&#8243; animation=&#8220;off&#8220; sticky=&#8220;off&#8220; use_border_color=&#8220;off&#8220; border_color=&#8220;#ffffff&#8220; border_style=&#8220;solid&#8220; always_center_on_mobile=&#8220;on&#8220; global_colors_info=&#8220;{}&#8220;]&nbsp;<br \/>\n[\/et_pb_image][\/et_pb_column][\/et_pb_row][\/et_pb_section][et_pb_section fb_built=&#8220;1&#8243; specialty=&#8220;on&#8220; custom_padding_last_edited=&#8220;on|desktop&#8220; admin_label=&#8220;Sektion&#8220; _builder_version=&#8220;3.22&#8243; background_color=&#8220;#eef0f2&#8243; custom_padding_tablet=&#8220;50px|0|50px|0&#8243; custom_padding_phone=&#8220;50px|0|50px|0&#8243; transparent_background=&#8220;off&#8220; padding_mobile=&#8220;off&#8220; make_fullwidth=&#8220;off&#8220; use_custom_width=&#8220;off&#8220; width_unit=&#8220;on&#8220; global_colors_info=&#8220;{}&#8220;][et_pb_column type=&#8220;1_4&#8243; _builder_version=&#8220;3.25&#8243; custom_padding=&#8220;|||&#8220; global_colors_info=&#8220;{}&#8220; custom_padding__hover=&#8220;|||&#8220;][\/et_pb_column][et_pb_column type=&#8220;1_2&#8243; specialty_columns=&#8220;2&#8243; _builder_version=&#8220;3.25&#8243; custom_padding=&#8220;|||&#8220; global_colors_info=&#8220;{}&#8220; custom_padding__hover=&#8220;|||&#8220;][et_pb_row_inner padding_mobile=&#8220;off&#8220; use_custom_gutter=&#8220;on&#8220; column_padding_mobile=&#8220;on&#8220; admin_label=&#8220;Zeile&#8220; _builder_version=&#8220;3.25&#8243; global_colors_info=&#8220;{}&#8220;][et_pb_column_inner saved_specialty_column_type=&#8220;1_2&#8243; _builder_version=&#8220;3.25&#8243; custom_padding=&#8220;|||&#8220; global_colors_info=&#8220;{}&#8220; custom_padding__hover=&#8220;|||&#8220;][et_pb_text admin_label=&#8220;Text&#8220; _builder_version=&#8220;3.27.4&#8243; background_size=&#8220;initial&#8220; background_position=&#8220;top_left&#8220; background_repeat=&#8220;repeat&#8220; use_border_color=&#8220;off&#8220; border_color=&#8220;#ffffff&#8220; border_style=&#8220;solid&#8220; global_colors_info=&#8220;{}&#8220;]<\/p>\n<h1>Silicon-Sch\u00e4ume<\/h1>\n<p>&nbsp;<\/p>\n<p>Leichtgewichte mit gro\u00dfem Potential: Silicon-Sch\u00e4ume bringen \u2013 richtig verarbeitet \u2013 die herausragenden Eigenschaften des massiven Kautschuks auch in die expandierte Form ein. Vorteile sind die chemische und physikalische Best\u00e4ndigkeit, ein unerreichter Druckverformungsrest und eine enorme Bandbreite an M\u00f6glichkeiten.<\/p>\n<p>&nbsp;<\/p>\n<h5><strong>Die Eigenschaften:<\/strong><\/h5>\n<ul>\n<li>Dichten von 0,25 bis 1,0 g\/cm<sup>3<\/sup><\/li>\n<li>Hervorragender Druckverformungsrest<\/li>\n<li>Offenzellig (Schwammstruktur), geschlossenzellig oder gemischtzellig<\/li>\n<li>Lebensmittelkonform einstellbar<\/li>\n<li>Schaum-Coextrudate<\/li>\n<li>Gro\u00dfer H\u00e4rtebereich<\/li>\n<li>Nahezu beliebig einf\u00e4rbbar<\/li>\n<\/ul>\n<h5><\/h5>\n<h5><strong>Die Anwendungen:<\/strong><\/h5>\n<ul>\n<li>Dichtungen mit hoher Komprimierbarkeit<\/li>\n<li>D\u00e4mpfung und D\u00e4mmung<\/li>\n<li>Auffangen von Toleranzen<\/li>\n<\/ul>\n<p>[\/et_pb_text][\/et_pb_column_inner][\/et_pb_row_inner][\/et_pb_column][et_pb_column type=&#8220;1_4&#8243; _builder_version=&#8220;3.25&#8243; custom_padding=&#8220;|||&#8220; global_colors_info=&#8220;{}&#8220; custom_padding__hover=&#8220;|||&#8220;][et_pb_text admin_label=&#8220;Text&#8220; _builder_version=&#8220;4.14.1&#8243; background_size=&#8220;initial&#8220; background_position=&#8220;top_left&#8220; background_repeat=&#8220;repeat&#8220; hover_enabled=&#8220;0&#8243; use_border_color=&#8220;off&#8220; border_color=&#8220;#ffffff&#8220; border_style=&#8220;solid&#8220; global_colors_info=&#8220;{}&#8220; sticky_enabled=&#8220;0&#8243;]<\/p>\n<hr \/>\n<p><strong><a href=\"https:\/\/www.ms-silicon.de\/ms-sil\/team-ms-silicon\/\">Hier ist der direkte Link zu Ihrem M+S Silicon Team<\/a><br \/>\n<\/strong><br \/>\n[\/et_pb_text][et_pb_image src=&#8220;https:\/\/www.ms-silicon.de\/ms-sil\/wp-content\/uploads\/2015\/11\/new-MS-SIL-Logo.png&#8220; url=&#8220;@ET-DC@eyJkeW5hbWljIjp0cnVlLCJjb250ZW50IjoicG9zdF9saW5rX3VybF9wYWdlIiwic2V0dGluZ3MiOnsicG9zdF9pZCI6IjI2NDMwIn19@&#8220; admin_label=&#8220;Bild&#8220; _builder_version=&#8220;4.14.1&#8243; _dynamic_attributes=&#8220;url&#8220; hover_enabled=&#8220;0&#8243; animation=&#8220;off&#8220; sticky=&#8220;off&#8220; use_border_color=&#8220;off&#8220; border_color=&#8220;#ffffff&#8220; border_style=&#8220;solid&#8220; always_center_on_mobile=&#8220;off&#8220; global_colors_info=&#8220;{}&#8220; sticky_enabled=&#8220;0&#8243;]&nbsp;<br \/>\n[\/et_pb_image][et_pb_text admin_label=&#8220;Text&#8220; _builder_version=&#8220;3.27.4&#8243; background_size=&#8220;initial&#8220; background_position=&#8220;top_left&#8220; background_repeat=&#8220;repeat&#8220; use_border_color=&#8220;off&#8220; border_color=&#8220;#ffffff&#8220; border_style=&#8220;solid&#8220; global_colors_info=&#8220;{}&#8220;]M+S Silicon GmbH &amp; Co. KG<br \/>\nHann\u00f6versche Str. 28<br \/>\n44143 Dortmund<br \/>\n[\/et_pb_text][\/et_pb_column][\/et_pb_section]<\/p>\n","protected":false},"excerpt":{"rendered":"<p>&nbsp; Silicon-Sch\u00e4ume &nbsp; Leichtgewichte mit gro\u00dfem Potential: Silicon-Sch\u00e4ume bringen \u2013 richtig verarbeitet \u2013 die herausragenden Eigenschaften des massiven Kautschuks auch in die expandierte Form ein. Vorteile sind die chemische und physikalische Best\u00e4ndigkeit, ein unerreichter Druckverformungsrest und eine enorme Bandbreite an M\u00f6glichkeiten. &nbsp; Die Eigenschaften: Dichten von 0,25 bis 1,0 g\/cm3 Hervorragender Druckverformungsrest Offenzellig (Schwammstruktur), geschlossenzellig [&hellip;]<\/p>\n","protected":false},"author":1,"featured_media":0,"parent":0,"menu_order":0,"comment_status":"closed","ping_status":"closed","template":"","meta":{"_et_pb_use_builder":"on","_et_pb_old_content":"","_et_gb_content_width":"","footnotes":""},"dipi_cpt_category":[],"class_list":["post-714","page","type-page","status-publish","hentry"],"_links":{"self":[{"href":"https:\/\/www.ms-silicon.de\/ms-sil\/wp-json\/wp\/v2\/pages\/714","targetHints":{"allow":["GET"]}}],"collection":[{"href":"https:\/\/www.ms-silicon.de\/ms-sil\/wp-json\/wp\/v2\/pages"}],"about":[{"href":"https:\/\/www.ms-silicon.de\/ms-sil\/wp-json\/wp\/v2\/types\/page"}],"author":[{"embeddable":true,"href":"https:\/\/www.ms-silicon.de\/ms-sil\/wp-json\/wp\/v2\/users\/1"}],"replies":[{"embeddable":true,"href":"https:\/\/www.ms-silicon.de\/ms-sil\/wp-json\/wp\/v2\/comments?post=714"}],"version-history":[{"count":24,"href":"https:\/\/www.ms-silicon.de\/ms-sil\/wp-json\/wp\/v2\/pages\/714\/revisions"}],"predecessor-version":[{"id":27384,"href":"https:\/\/www.ms-silicon.de\/ms-sil\/wp-json\/wp\/v2\/pages\/714\/revisions\/27384"}],"wp:attachment":[{"href":"https:\/\/www.ms-silicon.de\/ms-sil\/wp-json\/wp\/v2\/media?parent=714"}],"wp:term":[{"taxonomy":"dipi_cpt_category","embeddable":true,"href":"https:\/\/www.ms-silicon.de\/ms-sil\/wp-json\/wp\/v2\/dipi_cpt_category?post=714"}],"curies":[{"name":"wp","href":"https:\/\/api.w.org\/{rel}","templated":true}]}}