{"id":779,"date":"2016-01-06T13:53:55","date_gmt":"2016-01-06T12:53:55","guid":{"rendered":"http:\/\/www.ms-silicon.de\/ms-sil\/?page_id=779"},"modified":"2018-01-25T13:04:19","modified_gmt":"2018-01-25T12:04:19","slug":"kabelschutzsysteme","status":"publish","type":"page","link":"https:\/\/www.ms-silicon.de\/ms-sil\/kabelschutzsysteme\/","title":{"rendered":"Kabelschutz-Systeme"},"content":{"rendered":"<p>[et_pb_section admin_label=&#8220;Sektion&#8220; fullwidth=&#8220;off&#8220; specialty=&#8220;off&#8220; transparent_background=&#8220;off&#8220; allow_player_pause=&#8220;off&#8220; inner_shadow=&#8220;off&#8220; parallax=&#8220;off&#8220; parallax_method=&#8220;off&#8220; padding_mobile=&#8220;off&#8220; make_fullwidth=&#8220;off&#8220; use_custom_width=&#8220;off&#8220; width_unit=&#8220;on&#8220; make_equal=&#8220;off&#8220; use_custom_gutter=&#8220;off&#8220; background_color=&#8220;#eef0f2&#8243; custom_padding=&#8220;|10px&#8220;][et_pb_row admin_label=&#8220;Zeile&#8220;][et_pb_column type=&#8220;4_4&#8243;][et_pb_image admin_label=&#8220;Bild&#8220; src=&#8220;https:\/\/www.ms-silicon.de\/ms-sil\/wp-content\/uploads\/2016\/01\/kabelschutz-systeme.jpg&#8220; show_in_lightbox=&#8220;off&#8220; url_new_window=&#8220;off&#8220; animation=&#8220;off&#8220; sticky=&#8220;off&#8220; align=&#8220;left&#8220; force_fullwidth=&#8220;off&#8220; always_center_on_mobile=&#8220;on&#8220; use_border_color=&#8220;off&#8220; border_color=&#8220;#ffffff&#8220; border_style=&#8220;solid&#8220;] [\/et_pb_image][\/et_pb_column][\/et_pb_row][\/et_pb_section][et_pb_section admin_label=&#8220;Sektion&#8220; fullwidth=&#8220;off&#8220; specialty=&#8220;on&#8220; transparent_background=&#8220;off&#8220; background_color=&#8220;#eef0f2&#8243; allow_player_pause=&#8220;off&#8220; inner_shadow=&#8220;off&#8220; parallax=&#8220;off&#8220; parallax_method=&#8220;off&#8220; padding_mobile=&#8220;off&#8220; make_fullwidth=&#8220;off&#8220; use_custom_width=&#8220;off&#8220; width_unit=&#8220;on&#8220; make_equal=&#8220;off&#8220; use_custom_gutter=&#8220;off&#8220;][et_pb_column type=&#8220;1_4&#8243;][\/et_pb_column][et_pb_column type=&#8220;1_2&#8243; specialty_columns=&#8220;2&#8243;][et_pb_row_inner admin_label=&#8220;Zeile&#8220; padding_mobile=&#8220;off&#8220; use_custom_gutter=&#8220;on&#8220; column_padding_mobile=&#8220;on&#8220; make_equal=&#8220;off&#8220; background_color_1=&#8220;rgba(0,0,0,0)&#8220;][et_pb_column_inner type=&#8220;4_4&#8243; saved_specialty_column_type=&#8220;1_2&#8243;][et_pb_text admin_label=&#8220;Text&#8220; background_layout=&#8220;light&#8220; text_orientation=&#8220;left&#8220; use_border_color=&#8220;off&#8220; border_color=&#8220;#ffffff&#8220; border_style=&#8220;solid&#8220;]<\/p>\n<h1>Kabelschutz-Systeme<\/h1>\n<p>&nbsp;<\/p>\n<p>M+S Damerius bietet eine breite Palette an gewebelosen und gewebehaltigen Isolierschl\u00e4uchen. Gewebelose Schl\u00e4uche aus verschiedenen Materialien fertigen wir auf speziellen Extrudern, gewebehaltige Schl\u00e4uche bestehen aus einem beschichteten Geflecht.<\/p>\n<p>Zum Aufbringen von Lack auf die jeweiligen Substrate wie Glasseide, Kunstseide und Polyestergarn haben wir ein einzigartiges Verfahren entwickelt. Wir verf\u00fcgen \u00fcber eine eigene Lack- und eine eigene Flechtschlauchherstellung..<\/p>\n<p>&nbsp;<\/p>\n<h5><strong>Die Besonderheiten:<\/strong><\/h5>\n<ul>\n<li>eigene Lackherstellung<\/li>\n<li>eigene Flechtschlauchherstellung<\/li>\n<li>einzigartiges Verfahren des Aufbringens von Lack auf die jeweiligen Substrate wie Glasseide, Kunstseide und Polyestergarn<\/li>\n<\/ul>\n<p>&nbsp;<\/p>\n<h5><strong>Die Eigenschaften:<\/strong><\/h5>\n<ul>\n<li>hohe Abriebfestigkeit<\/li>\n<li>starke mechanische Belastbarkeit<\/li>\n<li>ausgezeichnete Haftung zwischen Gewebe und Beschichtung<\/li>\n<\/ul>\n<p>&nbsp;<\/p>\n<h5><strong>Die Anwendungen:<\/strong><\/h5>\n<ul>\n<li>Als elektrische Isolierung<\/li>\n<li>Abriebschutz<\/li>\n<li>B\u00fcndellung von Einzellitzen<\/li>\n<\/ul>\n<p>&nbsp;<\/p>\n<p>[\/et_pb_text][et_pb_cta admin_label=&#8220;Handlungsaufruf&#8220; url_new_window=&#8220;off&#8220; use_background_color=&#8220;on&#8220; background_color=&#8220;#009ee3&#8243; background_layout=&#8220;dark&#8220; text_orientation=&#8220;left&#8220; use_border_color=&#8220;on&#8220; border_color=&#8220;#ffffff&#8220; border_style=&#8220;solid&#8220; custom_button=&#8220;off&#8220; button_letter_spacing=&#8220;0&#8243; button_use_icon=&#8220;default&#8220; button_icon_placement=&#8220;right&#8220; button_on_hover=&#8220;on&#8220; button_letter_spacing_hover=&#8220;0&#8243; title=&#8220;Produktinformation DE&#8220; button_text=&#8220;&gt;&gt;&#8220; button_url=&#8220;https:\/\/www.ms-silicon.de\/ms-sil\/?page_id=1615&#8243;] [\/et_pb_cta][et_pb_cta admin_label=&#8220;Handlungsaufruf&#8220; url_new_window=&#8220;off&#8220; use_background_color=&#8220;on&#8220; background_color=&#8220;#009ee3&#8243; background_layout=&#8220;dark&#8220; text_orientation=&#8220;left&#8220; use_border_color=&#8220;off&#8220; border_color=&#8220;#ffffff&#8220; border_style=&#8220;solid&#8220; custom_button=&#8220;off&#8220; button_letter_spacing=&#8220;0&#8243; button_use_icon=&#8220;default&#8220; button_icon_placement=&#8220;right&#8220; button_on_hover=&#8220;on&#8220; button_letter_spacing_hover=&#8220;0&#8243; title=&#8220;Produkty \u2013 dane techniczne PL&#8220; button_text=&#8220;&gt;&gt;&#8220; button_url=&#8220;https:\/\/www.ms-silicon.de\/ms-sil\/?page_id=2598&#8243;] [\/et_pb_cta][\/et_pb_column_inner][\/et_pb_row_inner][\/et_pb_column][et_pb_column type=&#8220;1_4&#8243;][et_pb_text admin_label=&#8220;Text&#8220; background_layout=&#8220;light&#8220; text_orientation=&#8220;left&#8220; use_border_color=&#8220;off&#8220; border_color=&#8220;#ffffff&#8220; border_style=&#8220;solid&#8220;]<\/p>\n<hr \/>\n<p><strong><a href=\"https:\/\/www.ms-silicon.de\/ms-sil\/?page_id=1540\">Zu Ihren Ansprechpartnern von M+S Damerius<\/a><br \/>\n<\/strong><\/p>\n<p>[\/et_pb_text][et_pb_image admin_label=&#8220;Bild&#8220; show_in_lightbox=&#8220;off&#8220; url_new_window=&#8220;off&#8220; animation=&#8220;off&#8220; sticky=&#8220;off&#8220; align=&#8220;left&#8220; force_fullwidth=&#8220;off&#8220; always_center_on_mobile=&#8220;off&#8220; use_border_color=&#8220;off&#8220; border_color=&#8220;#ffffff&#8220; border_style=&#8220;solid&#8220; src=&#8220;https:\/\/www.ms-silicon.de\/ms-sil\/wp-content\/uploads\/2015\/11\/new-MS-DAM-Logo.png&#8220; url=&#8220;https:\/\/www.ms-silicon.de\/ms-sil\/?page_id=1540&#8243;] [\/et_pb_image][et_pb_text admin_label=&#8220;Text&#8220; background_layout=&#8220;light&#8220; text_orientation=&#8220;left&#8220; use_border_color=&#8220;off&#8220; border_color=&#8220;#ffffff&#8220; border_style=&#8220;solid&#8220;]<\/p>\n<p>M+S Damerius GmbH &amp; Co. KG<br \/>\nAn der Hanfr\u00f6ste 4<br \/>\n86529 Schrobenhausen<\/p>\n<p>[\/et_pb_text][\/et_pb_column][\/et_pb_section]<\/p>\n","protected":false},"excerpt":{"rendered":"<p>Kabelschutz-Systeme &nbsp; M+S Damerius bietet eine breite Palette an gewebelosen und gewebehaltigen Isolierschl\u00e4uchen. Gewebelose Schl\u00e4uche aus verschiedenen Materialien fertigen wir auf speziellen Extrudern, gewebehaltige Schl\u00e4uche bestehen aus einem beschichteten Geflecht. Zum Aufbringen von Lack auf die jeweiligen Substrate wie Glasseide, Kunstseide und Polyestergarn haben wir ein einzigartiges Verfahren entwickelt. Wir verf\u00fcgen \u00fcber eine eigene Lack- [&hellip;]<\/p>\n","protected":false},"author":1,"featured_media":0,"parent":0,"menu_order":0,"comment_status":"closed","ping_status":"closed","template":"","meta":{"_et_pb_use_builder":"on","_et_pb_old_content":"","_et_gb_content_width":"","footnotes":""},"dipi_cpt_category":[],"class_list":["post-779","page","type-page","status-publish","hentry"],"_links":{"self":[{"href":"https:\/\/www.ms-silicon.de\/ms-sil\/wp-json\/wp\/v2\/pages\/779","targetHints":{"allow":["GET"]}}],"collection":[{"href":"https:\/\/www.ms-silicon.de\/ms-sil\/wp-json\/wp\/v2\/pages"}],"about":[{"href":"https:\/\/www.ms-silicon.de\/ms-sil\/wp-json\/wp\/v2\/types\/page"}],"author":[{"embeddable":true,"href":"https:\/\/www.ms-silicon.de\/ms-sil\/wp-json\/wp\/v2\/users\/1"}],"replies":[{"embeddable":true,"href":"https:\/\/www.ms-silicon.de\/ms-sil\/wp-json\/wp\/v2\/comments?post=779"}],"version-history":[{"count":65,"href":"https:\/\/www.ms-silicon.de\/ms-sil\/wp-json\/wp\/v2\/pages\/779\/revisions"}],"predecessor-version":[{"id":3875,"href":"https:\/\/www.ms-silicon.de\/ms-sil\/wp-json\/wp\/v2\/pages\/779\/revisions\/3875"}],"wp:attachment":[{"href":"https:\/\/www.ms-silicon.de\/ms-sil\/wp-json\/wp\/v2\/media?parent=779"}],"wp:term":[{"taxonomy":"dipi_cpt_category","embeddable":true,"href":"https:\/\/www.ms-silicon.de\/ms-sil\/wp-json\/wp\/v2\/dipi_cpt_category?post=779"}],"curies":[{"name":"wp","href":"https:\/\/api.w.org\/{rel}","templated":true}]}}