{"id":794,"date":"2016-01-06T14:45:54","date_gmt":"2016-01-06T13:45:54","guid":{"rendered":"http:\/\/www.ms-silicon.de\/ms-sil\/?page_id=794"},"modified":"2022-05-03T08:06:50","modified_gmt":"2022-05-03T06:06:50","slug":"silicon-plattenware","status":"publish","type":"page","link":"https:\/\/www.ms-silicon.de\/ms-sil\/silicon-plattenware\/","title":{"rendered":"Silicon Plattenware"},"content":{"rendered":"<p>[et_pb_section fb_built=&#8220;1&#8243; make_equal=&#8220;on&#8220; admin_label=&#8220;Sektion&#8220; _builder_version=&#8220;3.22&#8243; background_color=&#8220;#eef0f2&#8243; custom_padding=&#8220;||10px|&#8220; custom_padding_tablet=&#8220;||10px|&#8220; transparent_background=&#8220;off&#8220; padding_mobile=&#8220;on&#8220; make_fullwidth=&#8220;off&#8220; use_custom_width=&#8220;off&#8220; width_unit=&#8220;on&#8220; global_colors_info=&#8220;{}&#8220;][et_pb_row admin_label=&#8220;Zeile&#8220; _builder_version=&#8220;3.25&#8243; background_size=&#8220;initial&#8220; background_position=&#8220;top_left&#8220; background_repeat=&#8220;repeat&#8220; global_colors_info=&#8220;{}&#8220;][et_pb_column type=&#8220;4_4&#8243; _builder_version=&#8220;3.25&#8243; custom_padding=&#8220;|||&#8220; global_colors_info=&#8220;{}&#8220; custom_padding__hover=&#8220;|||&#8220;][et_pb_image src=&#8220;https:\/\/www.ms-silicon.de\/ms-sil\/wp-content\/uploads\/2016\/01\/silicon-plattenware.jpg&#8220; align_tablet=&#8220;center&#8220; align_phone=&#8220;center&#8220; align_last_edited=&#8220;on|desktop&#8220; admin_label=&#8220;Bild&#8220; _builder_version=&#8220;3.23&#8243; animation=&#8220;off&#8220; sticky=&#8220;off&#8220; use_border_color=&#8220;off&#8220; border_color=&#8220;#ffffff&#8220; border_style=&#8220;solid&#8220; always_center_on_mobile=&#8220;on&#8220; global_colors_info=&#8220;{}&#8220;]&nbsp;<br \/>\n[\/et_pb_image][\/et_pb_column][\/et_pb_row][\/et_pb_section][et_pb_section fb_built=&#8220;1&#8243; specialty=&#8220;on&#8220; custom_padding_last_edited=&#8220;on|desktop&#8220; admin_label=&#8220;Sektion&#8220; _builder_version=&#8220;3.22&#8243; background_color=&#8220;#eef0f2&#8243; custom_padding_tablet=&#8220;50px|0|50px|0&#8243; custom_padding_phone=&#8220;50px|0|50px|0&#8243; transparent_background=&#8220;off&#8220; padding_mobile=&#8220;off&#8220; make_fullwidth=&#8220;off&#8220; use_custom_width=&#8220;off&#8220; width_unit=&#8220;on&#8220; global_colors_info=&#8220;{}&#8220;][et_pb_column type=&#8220;1_4&#8243; _builder_version=&#8220;3.25&#8243; custom_padding=&#8220;|||&#8220; global_colors_info=&#8220;{}&#8220; custom_padding__hover=&#8220;|||&#8220;][\/et_pb_column][et_pb_column type=&#8220;1_2&#8243; specialty_columns=&#8220;2&#8243; _builder_version=&#8220;3.25&#8243; custom_padding=&#8220;|||&#8220; global_colors_info=&#8220;{}&#8220; custom_padding__hover=&#8220;|||&#8220;][et_pb_row_inner padding_mobile=&#8220;off&#8220; use_custom_gutter=&#8220;on&#8220; column_padding_mobile=&#8220;on&#8220; admin_label=&#8220;Zeile&#8220; _builder_version=&#8220;3.25&#8243; global_colors_info=&#8220;{}&#8220;][et_pb_column_inner saved_specialty_column_type=&#8220;1_2&#8243; _builder_version=&#8220;3.25&#8243; custom_padding=&#8220;|||&#8220; global_colors_info=&#8220;{}&#8220; custom_padding__hover=&#8220;|||&#8220;][et_pb_text admin_label=&#8220;Text&#8220; _builder_version=&#8220;3.27.4&#8243; background_size=&#8220;initial&#8220; background_position=&#8220;top_left&#8220; background_repeat=&#8220;repeat&#8220; use_border_color=&#8220;off&#8220; border_color=&#8220;#ffffff&#8220; border_style=&#8220;solid&#8220; global_colors_info=&#8220;{}&#8220;]<\/p>\n<h1>Silicon Plattenware<\/h1>\n<p>&nbsp;<\/p>\n<h4 class=\"copytext\"><span class=\"h1\">Silicon-Platten aus FLEXCOMP<sup>\u00ae<\/sup> Hochleistungselastomere<\/span><\/h4>\n<p>M+S\u00a0Silicon produziert Plattenware aus Silicon-Vollmaterial. Unsere Platten sind so vielf\u00e4ltig wie das Rohmaterial Silicon und in allen H\u00e4rten und Farben, mit zahlreichen Eigenschaften und in unterschiedlichen St\u00e4rken erh\u00e4ltlich.<\/p>\n<p>&nbsp;<\/p>\n<h5 class=\"subline\"><strong>Die Eigenschaften:<\/strong><\/h5>\n<ul id=\"liste\">\n<li>Temperaturbereich -110 bis +300\u00b0C<\/li>\n<li>H\u00e4rten 30 bis 80 Shore<sup>\u00ae<\/sup>A<\/li>\n<li>Platin- oder peroxidvernetzt<\/li>\n<li>Elektrisch isolierend oder leitf\u00e4hig<\/li>\n<li>mit oder ohne Gewebeeinlage<\/li>\n<li>Brandschutzqualit\u00e4ten<\/li>\n<li>verschiedene Oberfl\u00e4chen<\/li>\n<li>Alle Farben, auch Metall- oder Leuchteffekte<\/li>\n<\/ul>\n<h5><strong>Die Anwendungen:<\/strong><\/h5>\n<ul>\n<li>Industrielle Instandhaltung<\/li>\n<li>Maschinenbauindustrie<\/li>\n<li>Dichtungsplatten<\/li>\n<li>Stanzteile + diverse Zuschnitte<\/li>\n<\/ul>\n<p>&nbsp;<\/p>\n<h4 class=\"copytext\"><span class=\"h1\">Silicon-Schaum-Platten aus FLEXCOMP<sup>\u00ae<\/sup> Hochleistungselastomere<\/span><\/h4>\n<p><a href=\"https:\/\/www.ms-silicon.de\/ms-sil\/wp-content\/uploads\/2016\/01\/schaumplatten.png\"><img loading=\"lazy\" decoding=\"async\" class=\"alignnone wp-image-1185 size-medium\" src=\"https:\/\/www.ms-silicon.de\/ms-sil\/wp-content\/uploads\/2016\/01\/schaumplatten-300x190.png\" alt=\"schaumplatten\" width=\"300\" height=\"190\" \/><\/a><\/p>\n<p>Neu im Programm ist unsere Plattenware aus Silicon-Schaum.<\/p>\n<p>&nbsp;<\/p>\n<h5 class=\"subline\"><strong>Die Eigenschaften:<\/strong><\/h5>\n<ul id=\"liste\">\n<li>Temperaturbereich -110 bis +300\u00b0C<\/li>\n<li>peroxidvernetzt<\/li>\n<li>Elektrisch isolierend oder leitf\u00e4hig<\/li>\n<li>Brandschutzqualit\u00e4ten<\/li>\n<li>Nahezu beliebieg einf\u00e4rbbar<\/li>\n<li>Breite: 1.000 mm<\/li>\n<li>L\u00e4nge: endlos<\/li>\n<li>Dichte: 0,25 bis 1,0 g\/ccm<\/li>\n<li>Oberfl\u00e4che: leicht gepr\u00e4gt<\/li>\n<li>St\u00e4rken: 2,00 bis 10,00 mm<\/li>\n<\/ul>\n<p>Weitere St\u00e4rken und Qualit\u00e4ten auf Anfrage.<\/p>\n<p>&nbsp;<\/p>\n<h5><strong>Die Anwendungen:<\/strong><\/h5>\n<ul>\n<li>Industrielle Instandhaltung<\/li>\n<li>Maschinenbauindustrie<\/li>\n<li>Dichtungsplatten<\/li>\n<li>Stanzteile + diverse Zuschnitte<\/li>\n<\/ul>\n<p>[\/et_pb_text][\/et_pb_column_inner][\/et_pb_row_inner][\/et_pb_column][et_pb_column type=&#8220;1_4&#8243; _builder_version=&#8220;3.25&#8243; custom_padding=&#8220;|||&#8220; global_colors_info=&#8220;{}&#8220; custom_padding__hover=&#8220;|||&#8220;][et_pb_text admin_label=&#8220;Text&#8220; _builder_version=&#8220;4.14.1&#8243; background_size=&#8220;initial&#8220; background_position=&#8220;top_left&#8220; background_repeat=&#8220;repeat&#8220; hover_enabled=&#8220;0&#8243; use_border_color=&#8220;off&#8220; border_color=&#8220;#ffffff&#8220; border_style=&#8220;solid&#8220; global_colors_info=&#8220;{}&#8220; sticky_enabled=&#8220;0&#8243;]<\/p>\n<hr \/>\n<p><strong><a href=\"https:\/\/www.ms-silicon.de\/ms-sil\/team-ms-silicon\/\">Hier ist der direkte Link zu Ihrem M+S Silicon Team<\/a><br \/>\n<\/strong><br \/>\n[\/et_pb_text][et_pb_image src=&#8220;https:\/\/www.ms-silicon.de\/ms-sil\/wp-content\/uploads\/2015\/11\/new-MS-SIL-Logo.png&#8220; url=&#8220;@ET-DC@eyJkeW5hbWljIjp0cnVlLCJjb250ZW50IjoicG9zdF9saW5rX3VybF9wYWdlIiwic2V0dGluZ3MiOnsicG9zdF9pZCI6IjI2NDMwIn19@&#8220; admin_label=&#8220;Bild&#8220; _builder_version=&#8220;4.14.1&#8243; _dynamic_attributes=&#8220;url&#8220; animation=&#8220;off&#8220; sticky=&#8220;off&#8220; use_border_color=&#8220;off&#8220; border_color=&#8220;#ffffff&#8220; border_style=&#8220;solid&#8220; always_center_on_mobile=&#8220;off&#8220; global_colors_info=&#8220;{}&#8220;]&nbsp;<br \/>\n[\/et_pb_image][et_pb_text admin_label=&#8220;Text&#8220; _builder_version=&#8220;3.27.4&#8243; background_size=&#8220;initial&#8220; background_position=&#8220;top_left&#8220; background_repeat=&#8220;repeat&#8220; use_border_color=&#8220;off&#8220; border_color=&#8220;#ffffff&#8220; border_style=&#8220;solid&#8220; global_colors_info=&#8220;{}&#8220;]M+S Silicon GmbH &amp; Co. KG<br \/>\nHann\u00f6versche Str. 28<br \/>\n44143 Dortmund<br \/>\n[\/et_pb_text][\/et_pb_column][\/et_pb_section]<\/p>\n","protected":false},"excerpt":{"rendered":"<p>&nbsp; Silicon Plattenware &nbsp; Silicon-Platten aus FLEXCOMP\u00ae Hochleistungselastomere M+S\u00a0Silicon produziert Plattenware aus Silicon-Vollmaterial. Unsere Platten sind so vielf\u00e4ltig wie das Rohmaterial Silicon und in allen H\u00e4rten und Farben, mit zahlreichen Eigenschaften und in unterschiedlichen St\u00e4rken erh\u00e4ltlich. &nbsp; Die Eigenschaften: Temperaturbereich -110 bis +300\u00b0C H\u00e4rten 30 bis 80 Shore\u00aeA Platin- oder peroxidvernetzt Elektrisch isolierend oder leitf\u00e4hig [&hellip;]<\/p>\n","protected":false},"author":1,"featured_media":0,"parent":0,"menu_order":0,"comment_status":"closed","ping_status":"closed","template":"","meta":{"_et_pb_use_builder":"on","_et_pb_old_content":"","_et_gb_content_width":"","footnotes":""},"dipi_cpt_category":[],"class_list":["post-794","page","type-page","status-publish","hentry"],"_links":{"self":[{"href":"https:\/\/www.ms-silicon.de\/ms-sil\/wp-json\/wp\/v2\/pages\/794","targetHints":{"allow":["GET"]}}],"collection":[{"href":"https:\/\/www.ms-silicon.de\/ms-sil\/wp-json\/wp\/v2\/pages"}],"about":[{"href":"https:\/\/www.ms-silicon.de\/ms-sil\/wp-json\/wp\/v2\/types\/page"}],"author":[{"embeddable":true,"href":"https:\/\/www.ms-silicon.de\/ms-sil\/wp-json\/wp\/v2\/users\/1"}],"replies":[{"embeddable":true,"href":"https:\/\/www.ms-silicon.de\/ms-sil\/wp-json\/wp\/v2\/comments?post=794"}],"version-history":[{"count":37,"href":"https:\/\/www.ms-silicon.de\/ms-sil\/wp-json\/wp\/v2\/pages\/794\/revisions"}],"predecessor-version":[{"id":27386,"href":"https:\/\/www.ms-silicon.de\/ms-sil\/wp-json\/wp\/v2\/pages\/794\/revisions\/27386"}],"wp:attachment":[{"href":"https:\/\/www.ms-silicon.de\/ms-sil\/wp-json\/wp\/v2\/media?parent=794"}],"wp:term":[{"taxonomy":"dipi_cpt_category","embeddable":true,"href":"https:\/\/www.ms-silicon.de\/ms-sil\/wp-json\/wp\/v2\/dipi_cpt_category?post=794"}],"curies":[{"name":"wp","href":"https:\/\/api.w.org\/{rel}","templated":true}]}}