{"id":799,"date":"2016-01-06T14:58:10","date_gmt":"2016-01-06T13:58:10","guid":{"rendered":"http:\/\/www.ms-silicon.de\/ms-sil\/?page_id=799"},"modified":"2016-07-04T14:24:16","modified_gmt":"2016-07-04T12:24:16","slug":"flexcomp-silicon-compounds","status":"publish","type":"page","link":"https:\/\/www.ms-silicon.de\/ms-sil\/flexcomp-silicon-compounds\/","title":{"rendered":"Silicon Compounds"},"content":{"rendered":"<p>[et_pb_section admin_label=&#8220;Sektion&#8220; fullwidth=&#8220;off&#8220; specialty=&#8220;off&#8220; transparent_background=&#8220;off&#8220; allow_player_pause=&#8220;off&#8220; inner_shadow=&#8220;off&#8220; parallax=&#8220;off&#8220; parallax_method=&#8220;off&#8220; padding_mobile=&#8220;off&#8220; make_fullwidth=&#8220;off&#8220; use_custom_width=&#8220;off&#8220; width_unit=&#8220;on&#8220; make_equal=&#8220;on&#8220; use_custom_gutter=&#8220;off&#8220; background_color=&#8220;#eef0f2&#8243; custom_padding=&#8220;|10px&#8220;][et_pb_row admin_label=&#8220;Zeile&#8220;][et_pb_column type=&#8220;4_4&#8243;][et_pb_image admin_label=&#8220;Bild&#8220; src=&#8220;https:\/\/www.ms-silicon.de\/ms-sil\/wp-content\/uploads\/2016\/01\/silicon-compounds1.jpg&#8220; show_in_lightbox=&#8220;off&#8220; url_new_window=&#8220;off&#8220; animation=&#8220;off&#8220; sticky=&#8220;off&#8220; align=&#8220;left&#8220; force_fullwidth=&#8220;off&#8220; always_center_on_mobile=&#8220;on&#8220; use_border_color=&#8220;off&#8220; border_color=&#8220;#ffffff&#8220; border_style=&#8220;solid&#8220;]<br \/>\n[\/et_pb_image][\/et_pb_column][\/et_pb_row][\/et_pb_section][et_pb_section admin_label=&#8220;Sektion&#8220; fullwidth=&#8220;off&#8220; specialty=&#8220;on&#8220; transparent_background=&#8220;off&#8220; background_color=&#8220;#eef0f2&#8243; allow_player_pause=&#8220;off&#8220; inner_shadow=&#8220;off&#8220; parallax=&#8220;off&#8220; parallax_method=&#8220;off&#8220; padding_mobile=&#8220;off&#8220; make_fullwidth=&#8220;off&#8220; use_custom_width=&#8220;off&#8220; width_unit=&#8220;on&#8220; make_equal=&#8220;off&#8220; use_custom_gutter=&#8220;off&#8220;][et_pb_column type=&#8220;1_4&#8243;][\/et_pb_column][et_pb_column type=&#8220;1_2&#8243; specialty_columns=&#8220;2&#8243;][et_pb_row_inner admin_label=&#8220;Zeile&#8220; padding_mobile=&#8220;off&#8220; use_custom_gutter=&#8220;on&#8220; column_padding_mobile=&#8220;on&#8220; make_equal=&#8220;off&#8220;][et_pb_column_inner type=&#8220;4_4&#8243; saved_specialty_column_type=&#8220;1_2&#8243;][et_pb_text admin_label=&#8220;Text&#8220; background_layout=&#8220;light&#8220; text_orientation=&#8220;left&#8220; use_border_color=&#8220;off&#8220; border_color=&#8220;#ffffff&#8220; border_style=&#8220;solid&#8220;]<\/p>\n<h1>Silicon Compounds<\/h1>\n<p>&nbsp;<\/p>\n<p>Siliconkautschuk ist eines der innovativsten Elastomere der heutigen Zeit und weist hervorragende Eigenschaften auf. Ein typisches Merkmal dieses Elastomers ist die thermische Stabilit\u00e4t \u00fcber einen breiten Temperaturbereich. Innerhalb dieses Bereichs sind die Auswirkungen auf die mechanischen Eigenschaften des Silicons sehr gering. Einer der Faktoren, warum Silicon so vielseitig einsetzbar ist wie kaum ein anderer Werkstoff.<\/p>\n<p><strong>FLEXCOMP<sup>\u00ae<\/sup><\/strong> ist unsere eingetragene Marke f\u00fcr innovative Elastomermischungen. Wir entwickeln und compoundieren individuelle, kundenspezifische Hochleistungssilicon. Materialkompetenz kombiniert mit individueller Beratung zeichnet uns aus.<\/p>\n<p>&nbsp;<\/p>\n<h5><strong>Die Eigenschaften:<\/strong><\/h5>\n<ul>\n<li>hohe thermische Best\u00e4ndigkeit (bis +200\u00b0C)<\/li>\n<li>ausgezeichnete K\u00e4lteflexibilit\u00e4t (bis &#8211; 50\u00b0C)<\/li>\n<li>nat\u00fcrliche Best\u00e4ndigkeit gegen\u00fcber Chemikalien, energiereicher Strahlung und Witterungen\/Umwelteinfl\u00fcssen<\/li>\n<li>hydrophobe Oberfl\u00e4chen<\/li>\n<li>hohe Transparenz<\/li>\n<li>gezielter Einfluss auf mechanische Eigenschaften<\/li>\n<li>sehr gute Flammwidrigkeit<\/li>\n<li>im Brandfall nicht-toxische Verbrennungsprodukte<\/li>\n<\/ul>\n<h5><strong>Die Anwendungen:<\/strong><\/h5>\n<ul>\n<li>Kabelschutz<\/li>\n<li>Profile und Dichtungen (Schienenfahrzeuge, Consumerbereich)<\/li>\n<li>Schl\u00e4uche<\/li>\n<li>Wellness- und Sportanwendungen<\/li>\n<li>Medizin- und Pharmatechnik<\/li>\n<li>Walzenbelege<\/li>\n<li>Membranen<\/li>\n<li>Faltenb\u00e4lge<\/li>\n<\/ul>\n<p>&nbsp;<\/p>\n<p>[\/et_pb_text][et_pb_cta admin_label=&#8220;Handlungsaufruf&#8220; title=&#8220;Produkt\u00fcbersicht DE&#8220; button_url=&#8220;http:\/\/www.flexcomp.eu\/flexcomp-produkte-n.htm&#8220; url_new_window=&#8220;on&#8220; button_text=&#8220; Link (flexcomp.eu)&#8220; use_background_color=&#8220;on&#8220; background_color=&#8220;#f02081&#8243; background_layout=&#8220;dark&#8220; text_orientation=&#8220;left&#8220; use_border_color=&#8220;off&#8220; border_color=&#8220;#ffffff&#8220; border_style=&#8220;solid&#8220; custom_button=&#8220;off&#8220; button_letter_spacing=&#8220;0&#8243; button_use_icon=&#8220;default&#8220; button_icon_placement=&#8220;right&#8220; button_on_hover=&#8220;on&#8220; button_letter_spacing_hover=&#8220;0&#8243;]<\/p>\n<h5><strong>Hier finden Sie die FLEXCOMP<sup>\u00ae<\/sup> Produkt\u00fcbersicht<\/strong><\/h5>\n<p>[\/et_pb_cta][et_pb_cta admin_label=&#8220;Handlungsaufruf&#8220; title=&#8220;Product overview EN&#8220; button_url=&#8220;http:\/\/www.flexcomp.eu\/en\/flexcomp-products.htm&#8220; url_new_window=&#8220;on&#8220; button_text=&#8220; Link (flexcomp.eu)&#8220; use_background_color=&#8220;on&#8220; background_color=&#8220;#f02081&#8243; background_layout=&#8220;dark&#8220; text_orientation=&#8220;left&#8220; use_border_color=&#8220;off&#8220; border_color=&#8220;#ffffff&#8220; border_style=&#8220;solid&#8220; custom_button=&#8220;off&#8220; button_letter_spacing=&#8220;0&#8243; button_use_icon=&#8220;default&#8220; button_icon_placement=&#8220;right&#8220; button_on_hover=&#8220;on&#8220; button_letter_spacing_hover=&#8220;0&#8243;]<\/p>\n<h5><strong>To the FLEXCOMP<sup>\u00ae<\/sup> product overview<br \/>\n<\/strong><\/h5>\n<p>[\/et_pb_cta][\/et_pb_column_inner][\/et_pb_row_inner][\/et_pb_column][et_pb_column type=&#8220;1_4&#8243;][et_pb_text admin_label=&#8220;Text&#8220; background_layout=&#8220;light&#8220; text_orientation=&#8220;left&#8220; use_border_color=&#8220;off&#8220; border_color=&#8220;#ffffff&#8220; border_style=&#8220;solid&#8220;]<\/p>\n<hr \/>\n<p><strong><a href=\"http:\/\/www.flexcomp.eu\" target=\"_blank\">Beratung und Ansprechpartner finden Sie auf unserer FLEXCOMP<sup>\u00ae<\/sup>-Website<\/a><br \/>\n<\/strong><\/p>\n<p>[\/et_pb_text][et_pb_image admin_label=&#8220;Bild&#8220; show_in_lightbox=&#8220;off&#8220; url_new_window=&#8220;on&#8220; animation=&#8220;off&#8220; sticky=&#8220;off&#8220; align=&#8220;left&#8220; force_fullwidth=&#8220;off&#8220; always_center_on_mobile=&#8220;off&#8220; use_border_color=&#8220;off&#8220; border_color=&#8220;#ffffff&#8220; border_style=&#8220;solid&#8220; src=&#8220;https:\/\/www.ms-silicon.de\/ms-sil\/wp-content\/uploads\/2016\/01\/flexcomp-logo-200.png&#8220; url=&#8220;http:\/\/www.flexcomp.eu&#8220;]<br \/>\n[\/et_pb_image][\/et_pb_column][\/et_pb_section]<\/p>\n","protected":false},"excerpt":{"rendered":"<p>Silicon Compounds &nbsp; Siliconkautschuk ist eines der innovativsten Elastomere der heutigen Zeit und weist hervorragende Eigenschaften auf. Ein typisches Merkmal dieses Elastomers ist die thermische Stabilit\u00e4t \u00fcber einen breiten Temperaturbereich. Innerhalb dieses Bereichs sind die Auswirkungen auf die mechanischen Eigenschaften des Silicons sehr gering. Einer der Faktoren, warum Silicon so vielseitig einsetzbar ist wie kaum [&hellip;]<\/p>\n","protected":false},"author":1,"featured_media":0,"parent":0,"menu_order":0,"comment_status":"closed","ping_status":"closed","template":"","meta":{"_et_pb_use_builder":"on","_et_pb_old_content":"","_et_gb_content_width":"","footnotes":""},"dipi_cpt_category":[],"class_list":["post-799","page","type-page","status-publish","hentry"],"_links":{"self":[{"href":"https:\/\/www.ms-silicon.de\/ms-sil\/wp-json\/wp\/v2\/pages\/799","targetHints":{"allow":["GET"]}}],"collection":[{"href":"https:\/\/www.ms-silicon.de\/ms-sil\/wp-json\/wp\/v2\/pages"}],"about":[{"href":"https:\/\/www.ms-silicon.de\/ms-sil\/wp-json\/wp\/v2\/types\/page"}],"author":[{"embeddable":true,"href":"https:\/\/www.ms-silicon.de\/ms-sil\/wp-json\/wp\/v2\/users\/1"}],"replies":[{"embeddable":true,"href":"https:\/\/www.ms-silicon.de\/ms-sil\/wp-json\/wp\/v2\/comments?post=799"}],"version-history":[{"count":37,"href":"https:\/\/www.ms-silicon.de\/ms-sil\/wp-json\/wp\/v2\/pages\/799\/revisions"}],"predecessor-version":[{"id":2781,"href":"https:\/\/www.ms-silicon.de\/ms-sil\/wp-json\/wp\/v2\/pages\/799\/revisions\/2781"}],"wp:attachment":[{"href":"https:\/\/www.ms-silicon.de\/ms-sil\/wp-json\/wp\/v2\/media?parent=799"}],"wp:term":[{"taxonomy":"dipi_cpt_category","embeddable":true,"href":"https:\/\/www.ms-silicon.de\/ms-sil\/wp-json\/wp\/v2\/dipi_cpt_category?post=799"}],"curies":[{"name":"wp","href":"https:\/\/api.w.org\/{rel}","templated":true}]}}